{"id":12258,"date":"2015-08-26T13:54:55","date_gmt":"2015-08-26T11:54:55","guid":{"rendered":"http:\/\/prokulturgut.net\/?page_id=12258"},"modified":"2015-08-26T13:54:55","modified_gmt":"2015-08-26T11:54:55","slug":"traditionelle-tibetische-medizin","status":"publish","type":"page","link":"https:\/\/prokulturgut.net\/akademiederkulturen\/bildung\/traditionelle-tibetische-medizin\/","title":{"rendered":"Traditionelle Tibetische Medizin"},"content":{"rendered":"<h2>Ein \u00dcberblick:<\/h2>\n<p>Die <strong>Traditionelle Tibetische Medizin (TTM)<\/strong> ist ein holistisches System, in welchem K\u00f6rper, Energie und Geist als eine integrative Einheit gesehen werden. Ins Altertum zur\u00fcckreichend, besitzt die <strong>TTM<\/strong> eine eigene Entstehungs- und Entwicklungsgeschichte, die in der tibetischen Landschaft wurzelt, in der einheimischen Kultur und dem Geist des tibetischen Volkes.<br \/>\nDie <strong>TTM<\/strong> beinhaltet ein in sich geschlossenes philosophisches System mit zugeh\u00f6riger Kosmologie und einem System subtiler energetischer Anatomie und spiritueller Praktiken. Das medizinische Wissen umfasst daneben eine detaillierte Anatomie, Physiologie, Embryologie, Pathologie, spezifische Methoden der Diagnose und eine auf Heilkr\u00e4uterrezepturen basierende umfangreiche Pharmakopeia, sowie zahlreiche Methoden der \u00e4u\u00dferen Anwendung, die im Westen noch recht unbekannt sind.<\/p>\n<p><strong>Traditionelle Tibetische Medizin<\/strong> hat zwei Hauptaspekte: <strong>Vorbeugung und Heilung von Krankheit.<\/strong><\/p>\n<p>Dabei unterteilt sie sich in vier Kategorien:<\/p>\n<ol>\n<li>Di\u00e4tetik<\/li>\n<li>Ver\u00e4nderung von Verhalten und Lebensstil<\/li>\n<li>Physiotherapie<\/li>\n<li>\u00c4u\u00dfere Anwendungen wie Heilmassage (Ku Nye), Moxa, Akupunktur, Stocktherapie, Schr\u00f6pfen, Lum-Badetherapie, Stein- und Muschelmassage sowie Kompressen.<\/li>\n<\/ol>\n<p>Au\u00dferdem verf\u00fcgt sie \u00fcber spezielle, \u00e4u\u00dferst pr\u00e4zise Diagnosetechniken wie Pulsdiagnose, Urindiagnose u.a.<\/p>\n<p>Die <strong>TTM-Ausbildungen<\/strong> und Kurse werden von der <strong>International Academy for Traditional Tibetan Medicine (IATTM)<\/strong> in Zusammenarbeit mit der <strong>Akademie der Kulturen NRW<\/strong>. durchgef\u00fchrt.<\/p>\n<p>Es ist m\u00f6glich, f\u00fcr die Teilnahme an der Ausbildung den gesetzlichen Bildungsurlaub in Anspruch zu nehmen und unter den entsprechenden Voraussetzungen die Seminargeb\u00fchr \u00fcber den <a href=\"http:\/\/www.arbeit.nrw.de\/arbeit\/beschaeftigung_foerdern\/bildungsscheck\/index.php\" target=\"_blank\">Bildungsscheck NRW<\/a> bezuschusst zu bekommen.<\/p>\n<p>Die <a href=\"http:\/\/www.iattm.net\/\" target=\"_blank\">IATTM<\/a> wurde im Jahre 2006 gegr\u00fcndet, mit dem Ziel, Integrit\u00e4t und Authentizit\u00e4t der Lehren der <strong>Traditionellen Tibetischen Medizin<\/strong> zu sichern und die kontinuierliche Aus\u00fcbung der <strong>TTM<\/strong> zu erm\u00f6glichen. Die <strong>IATTM<\/strong> organisiert mit verschiedenen Partner-inne-n internationale Lehrveranstaltungen mit <strong>Dr. Nida Chenagtsang<\/strong> und anderen qualifizierten Lehrer-inne-n. Die Kurse finden in Europa, Russland, Australien und Asien, sowie in den USA und Kanada statt \u2013 spezielle Kurse in Zusammenarbeit mit dem Qinghai Traditional Tibetan Medicine Hospital, dem Qlnghal Medical University\u2019s TTM-College, Xining, wie auch dem Henan TTM-Hospital in Amdo, Tibet (China).<\/p>\n<p><a href=\"http:\/\/www.ttm-germany.net\/\" target=\"_blank\">Hier der Link zum TTM-Deutschland<\/a><\/p>\n<p><strong>Dr. Nida Chenagtsang<\/strong> wurde in Amdo, Tibet, geboren. Er schloss sein Studium an der Universit\u00e4t Lhasa f\u00fcr Tibetische Medizin mit Auszeichnung ab und erhielt einen Doktortitel f\u00fcr seine Forschung zu Ku Nye (Traditionelle Tibetische Massage) und f\u00fcr die Wiederentdeckung und Wiederbelebung alter \u00c4u\u00dferer Therapien. Seit Jahren unterrichtet er in Europa und ist seit 2 Jahren Direktor der <strong>IATTM<\/strong>, die in England, Australien, Italien, Polen, Russland vertreten ist.<\/p>\n","protected":false},"excerpt":{"rendered":"<p>Ein \u00dcberblick: Die Traditionelle Tibetische Medizin (TTM) ist ein holistisches System, in welchem K\u00f6rper, Energie und Geist als eine integrative Einheit gesehen werden. Ins Altertum zur\u00fcckreichend, besitzt die TTM eine eigene Entstehungs- und Entwicklungsgeschichte, die in der tibetischen Landschaft wurzelt, in der einheimischen Kultur und dem Geist des tibetischen Volkes. Die TTM beinhaltet ein in [&hellip;]<\/p>\n","protected":false},"author":1,"featured_media":0,"parent":12315,"menu_order":0,"comment_status":"closed","ping_status":"closed","template":"","meta":[],"yoast_head":"<!-- This site is optimized with the Yoast SEO plugin v20.11 - https:\/\/yoast.com\/wordpress\/plugins\/seo\/ -->\n<title>Traditionelle Tibetische Medizin - Akademie der Kulturen NRW<\/title>\n<meta name=\"description\" content=\"Die Traditionelle Tibetische Medizin (TTM) ist ein holistisches System, in welchem K\u00f6rper, Energie und Geist als eine integrative Einheit gesehen werden.\" \/>\n<meta name=\"robots\" content=\"index, follow, max-snippet:-1, max-image-preview:large, max-video-preview:-1\" \/>\n<link rel=\"canonical\" href=\"https:\/\/prokulturgut.net\/akademiederkulturen\/bildung\/traditionelle-tibetische-medizin\/\" \/>\n<meta property=\"og:locale\" content=\"de_DE\" \/>\n<meta property=\"og:type\" content=\"article\" \/>\n<meta property=\"og:title\" content=\"Traditionelle Tibetische Medizin - Akademie der Kulturen NRW\" \/>\n<meta property=\"og:description\" content=\"Die Traditionelle Tibetische Medizin (TTM) ist ein holistisches System, in welchem K\u00f6rper, Energie und Geist als eine integrative Einheit gesehen werden.\" \/>\n<meta property=\"og:url\" content=\"https:\/\/prokulturgut.net\/akademiederkulturen\/bildung\/traditionelle-tibetische-medizin\/\" \/>\n<meta property=\"og:site_name\" content=\"Akademie der Kulturen NRW\" \/>\n<meta name=\"twitter:card\" content=\"summary_large_image\" \/>\n<meta name=\"twitter:label1\" content=\"Gesch\u00e4tzte Lesezeit\" \/>\n\t<meta name=\"twitter:data1\" content=\"2 Minuten\" \/>\n<script type=\"application\/ld+json\" class=\"yoast-schema-graph\">{\"@context\":\"https:\/\/schema.org\",\"@graph\":[{\"@type\":\"WebPage\",\"@id\":\"https:\/\/prokulturgut.net\/akademiederkulturen\/bildung\/traditionelle-tibetische-medizin\/\",\"url\":\"https:\/\/prokulturgut.net\/akademiederkulturen\/bildung\/traditionelle-tibetische-medizin\/\",\"name\":\"Traditionelle Tibetische Medizin - Akademie der Kulturen NRW\",\"isPartOf\":{\"@id\":\"https:\/\/prokulturgut.net\/akademiederkulturen\/#website\"},\"datePublished\":\"2015-08-26T11:54:55+00:00\",\"dateModified\":\"2015-08-26T11:54:55+00:00\",\"description\":\"Die Traditionelle Tibetische Medizin (TTM) ist ein holistisches System, in welchem K\u00f6rper, Energie und Geist als eine integrative Einheit gesehen werden.\",\"breadcrumb\":{\"@id\":\"https:\/\/prokulturgut.net\/akademiederkulturen\/bildung\/traditionelle-tibetische-medizin\/#breadcrumb\"},\"inLanguage\":\"de-DE\",\"potentialAction\":[{\"@type\":\"ReadAction\",\"target\":[\"https:\/\/prokulturgut.net\/akademiederkulturen\/bildung\/traditionelle-tibetische-medizin\/\"]}]},{\"@type\":\"BreadcrumbList\",\"@id\":\"https:\/\/prokulturgut.net\/akademiederkulturen\/bildung\/traditionelle-tibetische-medizin\/#breadcrumb\",\"itemListElement\":[{\"@type\":\"ListItem\",\"position\":1,\"name\":\"Home\",\"item\":\"https:\/\/prokulturgut.net\/akademiederkulturen\/\"},{\"@type\":\"ListItem\",\"position\":2,\"name\":\"Bildung\",\"item\":\"https:\/\/prokulturgut.net\/akademiederkulturen\/bildung\/\"},{\"@type\":\"ListItem\",\"position\":3,\"name\":\"Traditionelle Tibetische Medizin\"}]},{\"@type\":\"WebSite\",\"@id\":\"https:\/\/prokulturgut.net\/akademiederkulturen\/#website\",\"url\":\"https:\/\/prokulturgut.net\/akademiederkulturen\/\",\"name\":\"Akademie der Kulturen NRW\",\"description\":\"\",\"publisher\":{\"@id\":\"https:\/\/prokulturgut.net\/akademiederkulturen\/#organization\"},\"potentialAction\":[{\"@type\":\"SearchAction\",\"target\":{\"@type\":\"EntryPoint\",\"urlTemplate\":\"https:\/\/prokulturgut.net\/akademiederkulturen\/?s={search_term_string}\"},\"query-input\":\"required name=search_term_string\"}],\"inLanguage\":\"de-DE\"},{\"@type\":\"Organization\",\"@id\":\"https:\/\/prokulturgut.net\/akademiederkulturen\/#organization\",\"name\":\"Akademie der Kulturen NRW\",\"url\":\"https:\/\/prokulturgut.net\/akademiederkulturen\/\",\"logo\":{\"@type\":\"ImageObject\",\"inLanguage\":\"de-DE\",\"@id\":\"https:\/\/prokulturgut.net\/akademiederkulturen\/#\/schema\/logo\/image\/\",\"url\":\"https:\/\/prokulturgut.net\/akademiederkulturen\/wp-content\/uploads\/sites\/5\/2023\/12\/cropped-Logo_Farbe.png\",\"contentUrl\":\"https:\/\/prokulturgut.net\/akademiederkulturen\/wp-content\/uploads\/sites\/5\/2023\/12\/cropped-Logo_Farbe.png\",\"width\":412,\"height\":118,\"caption\":\"Akademie der Kulturen NRW\"},\"image\":{\"@id\":\"https:\/\/prokulturgut.net\/akademiederkulturen\/#\/schema\/logo\/image\/\"}}]}<\/script>\n<!-- \/ Yoast SEO plugin. -->","yoast_head_json":{"title":"Traditionelle Tibetische Medizin - Akademie der Kulturen NRW","description":"Die Traditionelle Tibetische Medizin (TTM) ist ein holistisches System, in welchem K\u00f6rper, Energie und Geist als eine integrative Einheit gesehen werden.","robots":{"index":"index","follow":"follow","max-snippet":"max-snippet:-1","max-image-preview":"max-image-preview:large","max-video-preview":"max-video-preview:-1"},"canonical":"https:\/\/prokulturgut.net\/akademiederkulturen\/bildung\/traditionelle-tibetische-medizin\/","og_locale":"de_DE","og_type":"article","og_title":"Traditionelle Tibetische Medizin - Akademie der Kulturen NRW","og_description":"Die Traditionelle Tibetische Medizin (TTM) ist ein holistisches System, in welchem K\u00f6rper, Energie und Geist als eine integrative Einheit gesehen werden.","og_url":"https:\/\/prokulturgut.net\/akademiederkulturen\/bildung\/traditionelle-tibetische-medizin\/","og_site_name":"Akademie der Kulturen NRW","twitter_card":"summary_large_image","twitter_misc":{"Gesch\u00e4tzte Lesezeit":"2 Minuten"},"schema":{"@context":"https:\/\/schema.org","@graph":[{"@type":"WebPage","@id":"https:\/\/prokulturgut.net\/akademiederkulturen\/bildung\/traditionelle-tibetische-medizin\/","url":"https:\/\/prokulturgut.net\/akademiederkulturen\/bildung\/traditionelle-tibetische-medizin\/","name":"Traditionelle Tibetische Medizin - Akademie der Kulturen NRW","isPartOf":{"@id":"https:\/\/prokulturgut.net\/akademiederkulturen\/#website"},"datePublished":"2015-08-26T11:54:55+00:00","dateModified":"2015-08-26T11:54:55+00:00","description":"Die Traditionelle Tibetische Medizin (TTM) ist ein holistisches System, in welchem K\u00f6rper, Energie und Geist als eine integrative Einheit gesehen werden.","breadcrumb":{"@id":"https:\/\/prokulturgut.net\/akademiederkulturen\/bildung\/traditionelle-tibetische-medizin\/#breadcrumb"},"inLanguage":"de-DE","potentialAction":[{"@type":"ReadAction","target":["https:\/\/prokulturgut.net\/akademiederkulturen\/bildung\/traditionelle-tibetische-medizin\/"]}]},{"@type":"BreadcrumbList","@id":"https:\/\/prokulturgut.net\/akademiederkulturen\/bildung\/traditionelle-tibetische-medizin\/#breadcrumb","itemListElement":[{"@type":"ListItem","position":1,"name":"Home","item":"https:\/\/prokulturgut.net\/akademiederkulturen\/"},{"@type":"ListItem","position":2,"name":"Bildung","item":"https:\/\/prokulturgut.net\/akademiederkulturen\/bildung\/"},{"@type":"ListItem","position":3,"name":"Traditionelle Tibetische Medizin"}]},{"@type":"WebSite","@id":"https:\/\/prokulturgut.net\/akademiederkulturen\/#website","url":"https:\/\/prokulturgut.net\/akademiederkulturen\/","name":"Akademie der Kulturen NRW","description":"","publisher":{"@id":"https:\/\/prokulturgut.net\/akademiederkulturen\/#organization"},"potentialAction":[{"@type":"SearchAction","target":{"@type":"EntryPoint","urlTemplate":"https:\/\/prokulturgut.net\/akademiederkulturen\/?s={search_term_string}"},"query-input":"required name=search_term_string"}],"inLanguage":"de-DE"},{"@type":"Organization","@id":"https:\/\/prokulturgut.net\/akademiederkulturen\/#organization","name":"Akademie der Kulturen NRW","url":"https:\/\/prokulturgut.net\/akademiederkulturen\/","logo":{"@type":"ImageObject","inLanguage":"de-DE","@id":"https:\/\/prokulturgut.net\/akademiederkulturen\/#\/schema\/logo\/image\/","url":"https:\/\/prokulturgut.net\/akademiederkulturen\/wp-content\/uploads\/sites\/5\/2023\/12\/cropped-Logo_Farbe.png","contentUrl":"https:\/\/prokulturgut.net\/akademiederkulturen\/wp-content\/uploads\/sites\/5\/2023\/12\/cropped-Logo_Farbe.png","width":412,"height":118,"caption":"Akademie der Kulturen NRW"},"image":{"@id":"https:\/\/prokulturgut.net\/akademiederkulturen\/#\/schema\/logo\/image\/"}}]}},"_links":{"self":[{"href":"https:\/\/prokulturgut.net\/akademiederkulturen\/wp-json\/wp\/v2\/pages\/12258"}],"collection":[{"href":"https:\/\/prokulturgut.net\/akademiederkulturen\/wp-json\/wp\/v2\/pages"}],"about":[{"href":"https:\/\/prokulturgut.net\/akademiederkulturen\/wp-json\/wp\/v2\/types\/page"}],"author":[{"embeddable":true,"href":"https:\/\/prokulturgut.net\/akademiederkulturen\/wp-json\/wp\/v2\/users\/1"}],"replies":[{"embeddable":true,"href":"https:\/\/prokulturgut.net\/akademiederkulturen\/wp-json\/wp\/v2\/comments?post=12258"}],"version-history":[{"count":0,"href":"https:\/\/prokulturgut.net\/akademiederkulturen\/wp-json\/wp\/v2\/pages\/12258\/revisions"}],"up":[{"embeddable":true,"href":"https:\/\/prokulturgut.net\/akademiederkulturen\/wp-json\/wp\/v2\/pages\/12315"}],"wp:attachment":[{"href":"https:\/\/prokulturgut.net\/akademiederkulturen\/wp-json\/wp\/v2\/media?parent=12258"}],"curies":[{"name":"wp","href":"https:\/\/api.w.org\/{rel}","templated":true}]}}