{"id":12579,"date":"2015-09-08T10:24:05","date_gmt":"2015-09-08T08:24:05","guid":{"rendered":"http:\/\/prokulturgut.net\/?page_id=12579"},"modified":"2018-12-12T16:04:22","modified_gmt":"2018-12-12T15:04:22","slug":"cultura-reisen","status":"publish","type":"page","link":"https:\/\/prokulturgut.net\/akademiederkulturen\/bildung\/cultura-reisen\/","title":{"rendered":"Cultura Reisen"},"content":{"rendered":"<p>[one_full last=&#8220;yes&#8220; spacing=&#8220;yes&#8220; center_content=&#8220;no&#8220; hide_on_mobile=&#8220;no&#8220; background_color=&#8220;&#8220; background_image=&#8220;&#8220; background_repeat=&#8220;no-repeat&#8220; background_position=&#8220;left top&#8220; border_position=&#8220;all&#8220; border_size=&#8220;0px&#8220; border_color=&#8220;&#8220; border_style=&#8220;&#8220; padding=&#8220;&#8220; margin_top=&#8220;&#8220; margin_bottom=&#8220;&#8220; animation_type=&#8220;&#8220; animation_direction=&#8220;&#8220; animation_speed=&#8220;0.1&#8243; class=&#8220;&#8220; id=&#8220;&#8220;][fusion_text]<\/p>\n<h2><strong>CULTURA REISEN<\/strong><\/h2>\n<p>[\/fusion_text][\/one_full][fusion_text]<\/p>\n<h2>Studien-, Kultur- und Natur-Reisen<\/h2>\n<p>Cultura Reisen ist Veranstalter und Reiseb\u00fcro der Akademie der Kulturen NRW. im prokulturgut.net<br \/>\nWir organisieren keine Fl\u00fcge &amp; Unterk\u00fcnfte![\/fusion_text][three_fourth last=&#8220;no&#8220; spacing=&#8220;yes&#8220; center_content=&#8220;no&#8220; hide_on_mobile=&#8220;no&#8220; background_color=&#8220;&#8220; background_image=&#8220;&#8220; background_repeat=&#8220;no-repeat&#8220; background_position=&#8220;left top&#8220; border_position=&#8220;all&#8220; border_size=&#8220;0px&#8220; border_color=&#8220;&#8220; border_style=&#8220;&#8220; padding=&#8220;&#8220; margin_top=&#8220;&#8220; margin_bottom=&#8220;&#8220; animation_type=&#8220;&#8220; animation_direction=&#8220;&#8220; animation_speed=&#8220;0.1&#8243; class=&#8220;&#8220; id=&#8220;&#8220;][fusion_text]<\/p>\n<h2><a href=\"http:\/\/prokulturgut.net\/blog\/sondernewsletter-cultura-reise-2017-nach-indien-dezember-jan-1718-mit-dem-the-positive-creative-world-ensemble-on-tour\/\" target=\"_blank\" rel=\"noopener\"><img fetchpriority=\"high\" decoding=\"async\" class=\" wp-image-19855 alignleft\" src=\"http:\/\/prokulturgut.net\/wp-content\/uploads\/2017\/07\/Cultura-Reisen-331x1022.jpg\" alt=\"\" width=\"233\" height=\"719\" \/><\/a><\/h2>\n<h2><b>Cultura Reise nach<span style=\"color: #ff9900;\"> Indien<\/span> DEZEMBER &#8211; JANUAR 2017\/2018<br \/>\nMit dem THE POSITIVE CREATIVE WORLD Ensemble on Tour<\/b><\/h2>\n<p><b>Taucht mit uns ein in die spirituelle Welt Indiens. Begleitend zu der Musiktournee des The Positive Creative World Ensembles l\u00e4dt Euch die Akademie der Kulturen herzlich zu einer Kultur-, Yoga- und Musik-Reise ein. Kommt mit auf unsere Tour ins ferne Indien. Dieser zehnt\u00e4gige Kultur-Trip wird zwischen dem 19.12.2017 und 29.\/30.12.2017 \u2013 (verl\u00e4ngerbar bis zum 4.\/5.1.2018) stattfinden.<\/b><\/p>\n<p>Unsere Tour wird Euch an verschiedenste Orte Rajasthans f\u00fchren. Nicht nur Delhi, Agra und Jaipur stehen auf dem Plan, sondern auch die W\u00fcste Rajasthans oder das Mehrangarh Fort in Jaswant Thada. Dort erwarten Euch Workshops mit den Schwerpunkten indische Kultur, spirituelle Yoga-Traditionen und Yoga Musik.<\/p>\n<p>Die Unterbringung erfolgt in komfortablen Hotels an den jeweiligen Orten der Reise.<\/p>\n<p>Eine Verl\u00e4ngerung der Reise ist nach individueller Absprache m\u00f6glich.<\/p>\n<p><b>Kosten: 1.400 \u20ac pro Person (1.250\u00a0\u20ac erm\u00e4\u00dfigt)<\/b><\/p>\n<p>Im Preis enthalten sind:<\/p>\n<ul>\n<li>Unterbringung in Zweibettzimmern<\/li>\n<li>Fr\u00fchst\u00fcck, Mittag- und Abendessen<\/li>\n<li>t\u00e4gliche Yoga-Kurse<\/li>\n<li>Live-Musik Konzerte<\/li>\n<li>Live-Tanzveranstaltungen<\/li>\n<li>Kochkurs<\/li>\n<li>Village-Safari \/ Kamel-Safari<\/li>\n<li>\u00f6ffentlicher Nahverkehr\/Transport vor Ort\/<\/li>\n<li>lokale Mobilfunk SIM Karte<\/li>\n<li>Besuch historisch und kulturell interessanter Orte<\/li>\n<li>je nach Interesse Kurz-Workshops in Bereichen von Indisch Kochen, Intuitive Musik und mediale Dokumentation mit Foto, Audio, Video<\/li>\n<\/ul>\n<p><b>Wir bitten um schnellstm\u00f6gliche Anmeldung, da die Pl\u00e4tze begrenzt sind.<\/b><\/p>\n<p>F\u00fcr weitergehende Fragen und Absprachen ruft uns bitte an: <b>0151 41479643<\/b><\/p>\n<p><b>Wir freuen uns auf Euch!<\/b><\/p>\n<p>Mehr Infos:<\/p>\n<p><a href=\"http:\/\/prokulturgut.net\/wp-admin\/post.php?post=19897&amp;action=edit\" target=\"_blank\" rel=\"noopener\">Cultura Reise 2017\/18 nach Indien<\/a><\/p>\n<p>&nbsp;<\/p>\n<hr \/>\n<p>Sie m\u00f6chten mehr \u00fcber Heilpflanzen oder Permakultur \u00a0wissen? Warum nicht gleich bei ihrem n\u00e4chsten Urlaub im\u00a0Sonnenland Andalusiens&#8230;? Unser \u00f6kologisches Projekt &#8222;<a href=\"http:\/\/prokulturgut.net\/veranstaltung\/monte-alegre-the-place-to-be\/\" target=\"_blank\" rel=\"noopener\">MonteAlegre.eu<\/a>&#8220; macht es m\u00f6glich. Gerne helfen wir Ihnen, neue interessante Erfahrungen zu machen mit zb.: \u00a0Spanisch lernen, Yoga Tanz Kurse, Meditationen, WorldMusicEvolution.net \u2013Workshops &amp; Events, Permakultur, Heilpflanzen oder Wasserretentions Kurse auf MonteAlegre.eu, Wandertouren, gef\u00fchrte Ausritte. Sprechen Sie uns an!<\/p>\n<p><a href=\"http:\/\/prokulturgut.net\/veranstaltung\/monte-alegre-the-place-to-be\/\" target=\"_blank\" rel=\"noopener\"><img decoding=\"async\" class=\" wp-image-20082 aligncenter\" src=\"http:\/\/prokulturgut.net\/wp-content\/uploads\/2017\/08\/170808-Monte-Alegre-2017-10x10cm-edit.jpg\" alt=\"\" width=\"259\" height=\"259\" \/><\/a>[\/fusion_text][\/three_fourth][one_fourth last=&#8220;yes&#8220; spacing=&#8220;yes&#8220; center_content=&#8220;no&#8220; hide_on_mobile=&#8220;no&#8220; background_color=&#8220;&#8220; background_image=&#8220;&#8220; background_repeat=&#8220;no-repeat&#8220; background_position=&#8220;left top&#8220; border_position=&#8220;all&#8220; border_size=&#8220;0px&#8220; border_color=&#8220;&#8220; border_style=&#8220;&#8220; padding=&#8220;&#8220; margin_top=&#8220;&#8220; margin_bottom=&#8220;&#8220; animation_type=&#8220;&#8220; animation_direction=&#8220;&#8220; animation_speed=&#8220;0.1&#8243; class=&#8220;&#8220; id=&#8220;&#8220;][fusion_text]<\/p>\n<p><strong>Kontakt<\/strong><\/p>\n<p>Ansprechspartner: Diana<br \/>\nTelefon: 49(0)234- 935 385 79<br \/>\nFax: 49(0)234- 9411183<br \/>\n<a href=\"mailto:culturareisen@prokulturgut.net\" target=\"_blank\" rel=\"noopener\">culturareisen@prokulturgut.net<\/a><\/p>\n<p>&nbsp;<\/p>\n<p><a href=\"http:\/\/www.montealegre.eu\">MonteAlegre.eu\u2013The Place to be *<\/a>[\/fusion_text][\/one_fourth][one_full last=&#8220;yes&#8220; spacing=&#8220;yes&#8220; center_content=&#8220;no&#8220; hide_on_mobile=&#8220;no&#8220; background_color=&#8220;&#8220; background_image=&#8220;&#8220; background_repeat=&#8220;no-repeat&#8220; background_position=&#8220;left top&#8220; border_position=&#8220;all&#8220; border_size=&#8220;0px&#8220; border_color=&#8220;&#8220; border_style=&#8220;&#8220; padding=&#8220;&#8220; margin_top=&#8220;&#8220; margin_bottom=&#8220;&#8220; animation_type=&#8220;&#8220; animation_direction=&#8220;&#8220; animation_speed=&#8220;0.1&#8243; class=&#8220;&#8220; id=&#8220;&#8220;][testimonials design=&#8220;clean&#8220; backgroundcolor=&#8220;&#8220; textcolor=&#8220;&#8220; random=&#8220;&#8220; class=&#8220;&#8220; id=&#8220;&#8220;][testimonial name=&#8220;H.B.&#8220; avatar=&#8220;male&#8220; image=&#8220;&#8220; image_border_radius=&#8220;&#8220; company=&#8220;&#8220; link=&#8220;&#8220; target=&#8220;_self&#8220;]Eindr\u00fccke einer Andalusienreise mit der Akademie der Kulturen<\/p>\n<p>&#8222;Ich kenne Deutschland (mittlerweile) und Europa (so ganz global betrachtet) recht gut. Die Insel R\u00fcgen und Umfeld, Wien, Norwegen \u2013 Schweden und Andalusien fehlen noch. Das war zumindest bis Februar diesen Jahres so. Da, pl\u00f6tzlich erhielt ich von der Akademie der Kulturen NRW eine email: Studienreise nach Andalusien: 13.- 19.4.2009. Da ich die Akademie und Reinhard Kreckel aus beruflichen Zusammenh\u00e4nge seit Zeiten kenne, dachte ich: \u201eHa, das ist jetzt eine gute F\u00fcgung. Mein Wunschziel Andalusien. Toll.\u201c Und:\u2026Bei diesem Veranstalter sind die Leute, die sich zu einer solchen Reise anmelden, bestimmt nicht die typischen Neckermann-Touristen (das ist nicht diskriminierend gemeint, nur einfach nicht mein Fall, wenn ich eine Studien- und Kulturreise machen m\u00f6chte) und au\u00dferdem bezahlbar. Also habe ich mich angemeldet. (Im Vertrauen gesagt, so ganz einfach war das nicht, aber das ist eine andere Geschichte.) \u2026.Und ich hatte Recht!!! Wir waren 9 Leute \u2013 incl. Reiseveranstalter \u2013 und alle super nette Individualisten. Das passte einfach.<br \/>\nUnd Andalusien ist ein wundersch\u00f6nes Fleckchen Erde!!! Das Meer (Costa Tropical) und eigentlich zum Greifen nahe die Sierra Nevada. Wunderbar. Und das Gr\u00fcn \u2013 zumindest im April- und Granada und die Alhambra und Nerja und\u2026. und\u2026 und. Wirklich sch\u00f6n. Ich hatte keine Vorstellung davon, wie weitl\u00e4ufig Andalusien ist.<br \/>\nSo bleibt noch offen: Sevilla, Cordoba, die Sierra Nevada. Da will ich unbedingt auch noch hin. Vielleicht zur Abwechslung noch mal mit und \u00fcber das Team der Akademie f\u00fcr Kulturen.&#8220;<br \/>\n[\/testimonial][\/testimonials][\/one_full]<\/p>\n","protected":false},"excerpt":{"rendered":"<p>[one_full last=&#8220;yes&#8220; spacing=&#8220;yes&#8220; center_content=&#8220;no&#8220; hide_on_mobile=&#8220;no&#8220; background_color=&#8220;&#8220; background_image=&#8220;&#8220; background_repeat=&#8220;no-repeat&#8220; background_position=&#8220;left top&#8220; border_position=&#8220;all&#8220; border_size=&#8220;0px&#8220; border_color=&#8220;&#8220; border_style=&#8220;&#8220; padding=&#8220;&#8220; margin_top=&#8220;&#8220; margin_bottom=&#8220;&#8220; animation_type=&#8220;&#8220; animation_direction=&#8220;&#8220; animation_speed=&#8220;0.1&#8243; class=&#8220;&#8220; id=&#8220;&#8220;][fusion_text] CULTURA REISEN [\/fusion_text][\/one_full][fusion_text] Studien-, Kultur- und Natur-Reisen Cultura Reisen ist Veranstalter und Reiseb\u00fcro der Akademie der Kulturen NRW. im prokulturgut.net Wir organisieren keine Fl\u00fcge &amp; Unterk\u00fcnfte![\/fusion_text][three_fourth last=&#8220;no&#8220; spacing=&#8220;yes&#8220; center_content=&#8220;no&#8220; hide_on_mobile=&#8220;no&#8220; background_color=&#8220;&#8220; background_image=&#8220;&#8220; background_repeat=&#8220;no-repeat&#8220; [&hellip;]<\/p>\n","protected":false},"author":1,"featured_media":17766,"parent":12315,"menu_order":0,"comment_status":"closed","ping_status":"closed","template":"100-width.php","meta":[],"yoast_head":"<!-- This site is optimized with the Yoast SEO plugin v20.11 - https:\/\/yoast.com\/wordpress\/plugins\/seo\/ -->\n<title>Cultura Reisen. Studienreisen. Bildungsreisen. Naturreisen.<\/title>\n<meta name=\"description\" content=\"Studien-, Kultur- und Natur-Reisen Cultura Reisen ist Veranstalter und Reiseb\u00fcro der Akademie der Kulturen NRW. im prokulturgut.net\" \/>\n<meta name=\"robots\" content=\"index, follow, max-snippet:-1, max-image-preview:large, max-video-preview:-1\" \/>\n<link rel=\"canonical\" href=\"https:\/\/prokulturgut.net\/akademiederkulturen\/bildung\/cultura-reisen\/\" \/>\n<meta property=\"og:locale\" content=\"de_DE\" \/>\n<meta property=\"og:type\" content=\"article\" \/>\n<meta property=\"og:title\" content=\"Cultura Reisen. Studienreisen. Bildungsreisen. Naturreisen.\" \/>\n<meta property=\"og:description\" content=\"Studien-, Kultur- und Natur-Reisen Cultura Reisen ist Veranstalter und Reiseb\u00fcro der Akademie der Kulturen NRW. im prokulturgut.net\" \/>\n<meta property=\"og:url\" content=\"https:\/\/prokulturgut.net\/akademiederkulturen\/bildung\/cultura-reisen\/\" \/>\n<meta property=\"og:site_name\" content=\"Akademie der Kulturen NRW\" \/>\n<meta property=\"article:modified_time\" content=\"2018-12-12T15:04:22+00:00\" \/>\n<meta name=\"twitter:card\" content=\"summary_large_image\" \/>\n<meta name=\"twitter:label1\" content=\"Gesch\u00e4tzte Lesezeit\" \/>\n\t<meta name=\"twitter:data1\" content=\"4 Minuten\" \/>\n<script type=\"application\/ld+json\" class=\"yoast-schema-graph\">{\"@context\":\"https:\/\/schema.org\",\"@graph\":[{\"@type\":\"WebPage\",\"@id\":\"https:\/\/prokulturgut.net\/akademiederkulturen\/bildung\/cultura-reisen\/\",\"url\":\"https:\/\/prokulturgut.net\/akademiederkulturen\/bildung\/cultura-reisen\/\",\"name\":\"Cultura Reisen. Studienreisen. Bildungsreisen. Naturreisen.\",\"isPartOf\":{\"@id\":\"https:\/\/prokulturgut.net\/akademiederkulturen\/#website\"},\"datePublished\":\"2015-09-08T08:24:05+00:00\",\"dateModified\":\"2018-12-12T15:04:22+00:00\",\"description\":\"Studien-, Kultur- und Natur-Reisen Cultura Reisen ist Veranstalter und Reiseb\u00fcro der Akademie der Kulturen NRW. im prokulturgut.net\",\"breadcrumb\":{\"@id\":\"https:\/\/prokulturgut.net\/akademiederkulturen\/bildung\/cultura-reisen\/#breadcrumb\"},\"inLanguage\":\"de-DE\",\"potentialAction\":[{\"@type\":\"ReadAction\",\"target\":[\"https:\/\/prokulturgut.net\/akademiederkulturen\/bildung\/cultura-reisen\/\"]}]},{\"@type\":\"BreadcrumbList\",\"@id\":\"https:\/\/prokulturgut.net\/akademiederkulturen\/bildung\/cultura-reisen\/#breadcrumb\",\"itemListElement\":[{\"@type\":\"ListItem\",\"position\":1,\"name\":\"Home\",\"item\":\"https:\/\/prokulturgut.net\/akademiederkulturen\/\"},{\"@type\":\"ListItem\",\"position\":2,\"name\":\"Bildung\",\"item\":\"https:\/\/prokulturgut.net\/akademiederkulturen\/bildung\/\"},{\"@type\":\"ListItem\",\"position\":3,\"name\":\"Cultura Reisen\"}]},{\"@type\":\"WebSite\",\"@id\":\"https:\/\/prokulturgut.net\/akademiederkulturen\/#website\",\"url\":\"https:\/\/prokulturgut.net\/akademiederkulturen\/\",\"name\":\"Akademie der Kulturen NRW\",\"description\":\"\",\"publisher\":{\"@id\":\"https:\/\/prokulturgut.net\/akademiederkulturen\/#organization\"},\"potentialAction\":[{\"@type\":\"SearchAction\",\"target\":{\"@type\":\"EntryPoint\",\"urlTemplate\":\"https:\/\/prokulturgut.net\/akademiederkulturen\/?s={search_term_string}\"},\"query-input\":\"required name=search_term_string\"}],\"inLanguage\":\"de-DE\"},{\"@type\":\"Organization\",\"@id\":\"https:\/\/prokulturgut.net\/akademiederkulturen\/#organization\",\"name\":\"Akademie der Kulturen NRW\",\"url\":\"https:\/\/prokulturgut.net\/akademiederkulturen\/\",\"logo\":{\"@type\":\"ImageObject\",\"inLanguage\":\"de-DE\",\"@id\":\"https:\/\/prokulturgut.net\/akademiederkulturen\/#\/schema\/logo\/image\/\",\"url\":\"https:\/\/prokulturgut.net\/akademiederkulturen\/wp-content\/uploads\/sites\/5\/2023\/12\/cropped-Logo_Farbe.png\",\"contentUrl\":\"https:\/\/prokulturgut.net\/akademiederkulturen\/wp-content\/uploads\/sites\/5\/2023\/12\/cropped-Logo_Farbe.png\",\"width\":412,\"height\":118,\"caption\":\"Akademie der Kulturen NRW\"},\"image\":{\"@id\":\"https:\/\/prokulturgut.net\/akademiederkulturen\/#\/schema\/logo\/image\/\"}}]}<\/script>\n<!-- \/ Yoast SEO plugin. -->","yoast_head_json":{"title":"Cultura Reisen. Studienreisen. Bildungsreisen. Naturreisen.","description":"Studien-, Kultur- und Natur-Reisen Cultura Reisen ist Veranstalter und Reiseb\u00fcro der Akademie der Kulturen NRW. im prokulturgut.net","robots":{"index":"index","follow":"follow","max-snippet":"max-snippet:-1","max-image-preview":"max-image-preview:large","max-video-preview":"max-video-preview:-1"},"canonical":"https:\/\/prokulturgut.net\/akademiederkulturen\/bildung\/cultura-reisen\/","og_locale":"de_DE","og_type":"article","og_title":"Cultura Reisen. Studienreisen. Bildungsreisen. Naturreisen.","og_description":"Studien-, Kultur- und Natur-Reisen Cultura Reisen ist Veranstalter und Reiseb\u00fcro der Akademie der Kulturen NRW. im prokulturgut.net","og_url":"https:\/\/prokulturgut.net\/akademiederkulturen\/bildung\/cultura-reisen\/","og_site_name":"Akademie der Kulturen NRW","article_modified_time":"2018-12-12T15:04:22+00:00","twitter_card":"summary_large_image","twitter_misc":{"Gesch\u00e4tzte Lesezeit":"4 Minuten"},"schema":{"@context":"https:\/\/schema.org","@graph":[{"@type":"WebPage","@id":"https:\/\/prokulturgut.net\/akademiederkulturen\/bildung\/cultura-reisen\/","url":"https:\/\/prokulturgut.net\/akademiederkulturen\/bildung\/cultura-reisen\/","name":"Cultura Reisen. Studienreisen. Bildungsreisen. Naturreisen.","isPartOf":{"@id":"https:\/\/prokulturgut.net\/akademiederkulturen\/#website"},"datePublished":"2015-09-08T08:24:05+00:00","dateModified":"2018-12-12T15:04:22+00:00","description":"Studien-, Kultur- und Natur-Reisen Cultura Reisen ist Veranstalter und Reiseb\u00fcro der Akademie der Kulturen NRW. im prokulturgut.net","breadcrumb":{"@id":"https:\/\/prokulturgut.net\/akademiederkulturen\/bildung\/cultura-reisen\/#breadcrumb"},"inLanguage":"de-DE","potentialAction":[{"@type":"ReadAction","target":["https:\/\/prokulturgut.net\/akademiederkulturen\/bildung\/cultura-reisen\/"]}]},{"@type":"BreadcrumbList","@id":"https:\/\/prokulturgut.net\/akademiederkulturen\/bildung\/cultura-reisen\/#breadcrumb","itemListElement":[{"@type":"ListItem","position":1,"name":"Home","item":"https:\/\/prokulturgut.net\/akademiederkulturen\/"},{"@type":"ListItem","position":2,"name":"Bildung","item":"https:\/\/prokulturgut.net\/akademiederkulturen\/bildung\/"},{"@type":"ListItem","position":3,"name":"Cultura Reisen"}]},{"@type":"WebSite","@id":"https:\/\/prokulturgut.net\/akademiederkulturen\/#website","url":"https:\/\/prokulturgut.net\/akademiederkulturen\/","name":"Akademie der Kulturen NRW","description":"","publisher":{"@id":"https:\/\/prokulturgut.net\/akademiederkulturen\/#organization"},"potentialAction":[{"@type":"SearchAction","target":{"@type":"EntryPoint","urlTemplate":"https:\/\/prokulturgut.net\/akademiederkulturen\/?s={search_term_string}"},"query-input":"required name=search_term_string"}],"inLanguage":"de-DE"},{"@type":"Organization","@id":"https:\/\/prokulturgut.net\/akademiederkulturen\/#organization","name":"Akademie der Kulturen NRW","url":"https:\/\/prokulturgut.net\/akademiederkulturen\/","logo":{"@type":"ImageObject","inLanguage":"de-DE","@id":"https:\/\/prokulturgut.net\/akademiederkulturen\/#\/schema\/logo\/image\/","url":"https:\/\/prokulturgut.net\/akademiederkulturen\/wp-content\/uploads\/sites\/5\/2023\/12\/cropped-Logo_Farbe.png","contentUrl":"https:\/\/prokulturgut.net\/akademiederkulturen\/wp-content\/uploads\/sites\/5\/2023\/12\/cropped-Logo_Farbe.png","width":412,"height":118,"caption":"Akademie der Kulturen NRW"},"image":{"@id":"https:\/\/prokulturgut.net\/akademiederkulturen\/#\/schema\/logo\/image\/"}}]}},"_links":{"self":[{"href":"https:\/\/prokulturgut.net\/akademiederkulturen\/wp-json\/wp\/v2\/pages\/12579"}],"collection":[{"href":"https:\/\/prokulturgut.net\/akademiederkulturen\/wp-json\/wp\/v2\/pages"}],"about":[{"href":"https:\/\/prokulturgut.net\/akademiederkulturen\/wp-json\/wp\/v2\/types\/page"}],"author":[{"embeddable":true,"href":"https:\/\/prokulturgut.net\/akademiederkulturen\/wp-json\/wp\/v2\/users\/1"}],"replies":[{"embeddable":true,"href":"https:\/\/prokulturgut.net\/akademiederkulturen\/wp-json\/wp\/v2\/comments?post=12579"}],"version-history":[{"count":3,"href":"https:\/\/prokulturgut.net\/akademiederkulturen\/wp-json\/wp\/v2\/pages\/12579\/revisions"}],"predecessor-version":[{"id":21943,"href":"https:\/\/prokulturgut.net\/akademiederkulturen\/wp-json\/wp\/v2\/pages\/12579\/revisions\/21943"}],"up":[{"embeddable":true,"href":"https:\/\/prokulturgut.net\/akademiederkulturen\/wp-json\/wp\/v2\/pages\/12315"}],"wp:featuredmedia":[{"embeddable":true,"href":"https:\/\/prokulturgut.net\/akademiederkulturen\/wp-json\/"}],"wp:attachment":[{"href":"https:\/\/prokulturgut.net\/akademiederkulturen\/wp-json\/wp\/v2\/media?parent=12579"}],"curies":[{"name":"wp","href":"https:\/\/api.w.org\/{rel}","templated":true}]}}