{"id":21949,"date":"2018-12-12T16:32:23","date_gmt":"2018-12-12T15:32:23","guid":{"rendered":"https:\/\/prokulturgut.net\/akademiederkulturen\/?page_id=21949"},"modified":"2023-08-07T09:39:20","modified_gmt":"2023-08-07T07:39:20","slug":"praktikum-fuer-das-studium","status":"publish","type":"page","link":"https:\/\/prokulturgut.net\/akademiederkulturen\/esf-grundbildungen-und-praktika\/praktikum-fuer-das-studium\/","title":{"rendered":"Praktika bei der Akademie der Kulturen NRW"},"content":{"rendered":"<p>[fusion_builder_container type=&#8220;flex&#8220; hundred_percent=&#8220;no&#8220; hundred_percent_height=&#8220;no&#8220; min_height_medium=&#8220;&#8220; min_height_small=&#8220;&#8220; min_height=&#8220;&#8220; hundred_percent_height_scroll=&#8220;no&#8220; align_content=&#8220;stretch&#8220; flex_align_items=&#8220;flex-start&#8220; flex_justify_content=&#8220;flex-start&#8220; flex_column_spacing=&#8220;&#8220; hundred_percent_height_center_content=&#8220;yes&#8220; equal_height_columns=&#8220;no&#8220; container_tag=&#8220;div&#8220; menu_anchor=&#8220;&#8220; hide_on_mobile=&#8220;small-visibility,medium-visibility,large-visibility&#8220; status=&#8220;published&#8220; publish_date=&#8220;&#8220; class=&#8220;&#8220; id=&#8220;&#8220; margin_top_medium=&#8220;&#8220; margin_bottom_medium=&#8220;&#8220; margin_top_small=&#8220;&#8220; margin_bottom_small=&#8220;&#8220; margin_top=&#8220;50&#8243; margin_bottom=&#8220;&#8220; padding_top_medium=&#8220;&#8220; padding_right_medium=&#8220;&#8220; padding_bottom_medium=&#8220;&#8220; padding_left_medium=&#8220;&#8220; padding_top_small=&#8220;&#8220; padding_right_small=&#8220;&#8220; padding_bottom_small=&#8220;&#8220; padding_left_small=&#8220;&#8220; padding_top=&#8220;&#8220; padding_right=&#8220;&#8220; padding_bottom=&#8220;&#8220; padding_left=&#8220;&#8220; link_color=&#8220;&#8220; hue=&#8220;&#8220; saturation=&#8220;&#8220; lightness=&#8220;&#8220; alpha=&#8220;&#8220; link_hover_color=&#8220;&#8220; border_sizes_top=&#8220;&#8220; border_sizes_right=&#8220;&#8220; border_sizes_bottom=&#8220;&#8220; border_sizes_left=&#8220;&#8220; border_color=&#8220;&#8220; border_style=&#8220;solid&#8220; border_radius_top_left=&#8220;&#8220; border_radius_top_right=&#8220;&#8220; border_radius_bottom_right=&#8220;&#8220; border_radius_bottom_left=&#8220;&#8220; box_shadow=&#8220;no&#8220; box_shadow_vertical=&#8220;&#8220; box_shadow_horizontal=&#8220;&#8220; box_shadow_blur=&#8220;0&#8243; box_shadow_spread=&#8220;0&#8243; box_shadow_color=&#8220;&#8220; box_shadow_style=&#8220;&#8220; z_index=&#8220;&#8220; overflow=&#8220;&#8220; gradient_start_color=&#8220;&#8220; gradient_end_color=&#8220;&#8220; gradient_start_position=&#8220;0&#8243; gradient_end_position=&#8220;100&#8243; gradient_type=&#8220;linear&#8220; radial_direction=&#8220;center center&#8220; linear_angle=&#8220;180&#8243; background_color=&#8220;&#8220; background_image=&#8220;&#8220; skip_lazy_load=&#8220;&#8220; background_position=&#8220;center center&#8220; background_repeat=&#8220;no-repeat&#8220; fade=&#8220;no&#8220; background_parallax=&#8220;none&#8220; enable_mobile=&#8220;no&#8220; parallax_speed=&#8220;0.3&#8243; background_blend_mode=&#8220;none&#8220; video_mp4=&#8220;&#8220; video_webm=&#8220;&#8220; video_ogv=&#8220;&#8220; video_url=&#8220;&#8220; video_aspect_ratio=&#8220;16:9&#8243; video_loop=&#8220;yes&#8220; video_mute=&#8220;yes&#8220; video_preview_image=&#8220;&#8220; pattern_bg=&#8220;none&#8220; pattern_custom_bg=&#8220;&#8220; pattern_bg_color=&#8220;&#8220; pattern_bg_style=&#8220;default&#8220; pattern_bg_opacity=&#8220;100&#8243; pattern_bg_size=&#8220;&#8220; pattern_bg_blend_mode=&#8220;normal&#8220; mask_bg=&#8220;none&#8220; mask_custom_bg=&#8220;&#8220; mask_bg_color=&#8220;&#8220; mask_bg_accent_color=&#8220;&#8220; mask_bg_style=&#8220;default&#8220; mask_bg_opacity=&#8220;100&#8243; mask_bg_transform=&#8220;left&#8220; mask_bg_blend_mode=&#8220;normal&#8220; render_logics=&#8220;&#8220; absolute=&#8220;off&#8220; absolute_devices=&#8220;small,medium,large&#8220; sticky=&#8220;off&#8220; sticky_devices=&#8220;small-visibility,medium-visibility,large-visibility&#8220; sticky_background_color=&#8220;&#8220; sticky_height=&#8220;&#8220; sticky_offset=&#8220;&#8220; sticky_transition_offset=&#8220;0&#8243; scroll_offset=&#8220;0&#8243; animation_type=&#8220;&#8220; animation_direction=&#8220;left&#8220; animation_color=&#8220;&#8220; animation_speed=&#8220;0.3&#8243; animation_delay=&#8220;0&#8243; animation_offset=&#8220;&#8220; filter_hue=&#8220;0&#8243; filter_saturation=&#8220;100&#8243; filter_brightness=&#8220;100&#8243; filter_contrast=&#8220;100&#8243; filter_invert=&#8220;0&#8243; filter_sepia=&#8220;0&#8243; filter_opacity=&#8220;100&#8243; filter_blur=&#8220;0&#8243; filter_hue_hover=&#8220;0&#8243; filter_saturation_hover=&#8220;100&#8243; filter_brightness_hover=&#8220;100&#8243; filter_contrast_hover=&#8220;100&#8243; filter_invert_hover=&#8220;0&#8243; filter_sepia_hover=&#8220;0&#8243; filter_opacity_hover=&#8220;100&#8243; filter_blur_hover=&#8220;0&#8243;][fusion_builder_row][fusion_builder_column type=&#8220;1_1&#8243; layout=&#8220;1_1&#8243; background_position=&#8220;left top&#8220; background_color=&#8220;&#8220; border_color=&#8220;&#8220; border_style=&#8220;solid&#8220; border_position=&#8220;all&#8220; spacing=&#8220;yes&#8220; background_image=&#8220;&#8220; background_repeat=&#8220;no-repeat&#8220; padding_top=&#8220;&#8220; padding_right=&#8220;&#8220; padding_bottom=&#8220;&#8220; padding_left=&#8220;&#8220; margin_top=&#8220;0px&#8220; margin_bottom=&#8220;0px&#8220; class=&#8220;&#8220; id=&#8220;&#8220; animation_type=&#8220;&#8220; animation_speed=&#8220;0.3&#8243; animation_direction=&#8220;left&#8220; hide_on_mobile=&#8220;small-visibility,medium-visibility,large-visibility&#8220; center_content=&#8220;no&#8220; last=&#8220;true&#8220; min_height=&#8220;&#8220; hover_type=&#8220;none&#8220; link=&#8220;&#8220; border_sizes_top=&#8220;&#8220; border_sizes_bottom=&#8220;&#8220; border_sizes_left=&#8220;&#8220; border_sizes_right=&#8220;&#8220; first=&#8220;true&#8220;][fusion_text]<\/p>\n<h2 style=\"text-transform: uppercase;\"><strong>Praktika<\/strong><\/h2>\n<p>[\/fusion_text][fusion_text]Im Rahmen der praktischen Mitarbeit an unseren <a href=\"https:\/\/prokulturgut.net\/kinder-und-jugend\/\">Jugend-<\/a>, <a href=\"https:\/\/prokulturgut.net\/kunst-kultur\/\">Kultur-<\/a> und <a href=\"https:\/\/prokulturgut.net\/bildung\/\">Bildungs<\/a>projekten bekommst Du bei uns einen umfassenden Einblick in viele Teilbereiche eines kulturell gepr\u00e4gten Berufsfeldes.\u00a0In Zusammenarbeit mit K\u00fcnstlern, Kulturschaffenden und Lehrenden, kannst Du\u00a0Dich aktiv einbringen und wertvolle Kompetenzen f\u00fcr Deinen weiteren Berufs- und Lebensweg sammeln. Werde Teil eines kreativen und projektorientiert arbeitenden Teams!<\/p>\n<p>Auch als\u00a0Vorbereitung f\u00fcr Ausbildung und Studium, besonders im gestalterischen, sozialen, k\u00fcnstlerischen oder allgemein geisteswissenschaftlichen Bereich. Entfalte deine Ideen und setze sie in die Tat um!<\/p>\n<p>Ein Jahrespraktikum zur Anerkennung der Fachhochschulreife ist ebenfalls m\u00f6glich.<\/p>\n<p>L\u00e4nge des Praktikums: maximal 3 Monate &#8211; Pflichtpraktika (z.B. f\u00fcr die Uni oder Fachhochschulreife) k\u00f6nnen auch l\u00e4nger dauern.[\/fusion_text][fusion_text]<\/p>\n<h2><\/h2>\n<h2>Lern- &amp; Aufgabenbereiche und m\u00f6gliche Schwerpunkt<\/h2>\n<ul>\n<li>Assistenz im Projektmanagement von Jugend-, Kultur- und Bildungsprojekten<\/li>\n<li>Webdesign (WordPress) und Social-Media-Marketing<\/li>\n<li>PR- &amp; \u00d6ffentlichkeitsarbeit, Eventmanagement<\/li>\n<li>Mediengestaltung, Print, Audio\/Video, Radiobeitr\u00e4ge<\/li>\n<\/ul>\n<p>[\/fusion_text][fusion_text]<\/p>\n<h2>Voraussetzungen<\/h2>\n<ul>\n<li>grundlegendes Interesse an der Mitwirkung bei Jugend-, Kultur- und Bildungsprojekten<br \/>\n(z.B. Weltmusikkonzerte, Jugendkunst\/\u00d6kologie, Urban Gardening, etc.)<\/li>\n<li>Bereitschaft zu selbstst\u00e4ndigem Arbeiten und Lernen<\/li>\n<li>gute Motivation und Zuverl\u00e4ssigkeit, Offenheit f\u00fcr neue Ideen<\/li>\n<\/ul>\n<p>[\/fusion_text][fusion_text]<\/p>\n<h2>So bewirbst Du dich bei uns<\/h2>\n<p>Interessiert? Schau Dir unsere Website an<br \/>\nund sende deine Bewerbung (inkl. Lebenslauf, Zeugnissen und Motivationsschreiben) an <a href=\"mailto:bewerbung@prokulturgut.net\">bewerbung@prokulturgut.net<\/a><\/p>\n<p>Die Praktika finden in der Regel in Kombination mit unseren vom <a href=\"http:\/\/www.esf.nrw\/\">Europ\u00e4ischen Sozialfonds<\/a> und vom <a href=\"https:\/\/www.mags.nrw\/\" target=\"_blank\" rel=\"noopener noreferrer\">Land NRW<\/a> gef\u00f6rderten Grundbildungen statt. Mehr Infos dazu <a href=\"https:\/\/prokulturgut.net\/esf\">hier<\/a>!<\/p>\n<p>Wir freuen uns auf Deine Bewerbung!<\/p>\n<p>[\/fusion_text][\/fusion_builder_column][\/fusion_builder_row][\/fusion_builder_container]<\/p>\n","protected":false},"excerpt":{"rendered":"<p>[fusion_builder_container type=&#8220;flex&#8220; hundred_percent=&#8220;no&#8220; hundred_percent_height=&#8220;no&#8220; min_height_medium=&#8220;&#8220; min_height_small=&#8220;&#8220; min_height=&#8220;&#8220; hundred_percent_height_scroll=&#8220;no&#8220; align_content=&#8220;stretch&#8220; flex_align_items=&#8220;flex-start&#8220; flex_justify_content=&#8220;flex-start&#8220; flex_column_spacing=&#8220;&#8220; hundred_percent_height_center_content=&#8220;yes&#8220; equal_height_columns=&#8220;no&#8220; container_tag=&#8220;div&#8220; menu_anchor=&#8220;&#8220; hide_on_mobile=&#8220;small-visibility,medium-visibility,large-visibility&#8220; status=&#8220;published&#8220; publish_date=&#8220;&#8220; class=&#8220;&#8220; id=&#8220;&#8220; margin_top_medium=&#8220;&#8220; margin_bottom_medium=&#8220;&#8220; margin_top_small=&#8220;&#8220; margin_bottom_small=&#8220;&#8220; margin_top=&#8220;50&#8243; margin_bottom=&#8220;&#8220; padding_top_medium=&#8220;&#8220; padding_right_medium=&#8220;&#8220; padding_bottom_medium=&#8220;&#8220; padding_left_medium=&#8220;&#8220; padding_top_small=&#8220;&#8220; padding_right_small=&#8220;&#8220; padding_bottom_small=&#8220;&#8220; padding_left_small=&#8220;&#8220; padding_top=&#8220;&#8220; padding_right=&#8220;&#8220; padding_bottom=&#8220;&#8220; padding_left=&#8220;&#8220; link_color=&#8220;&#8220; hue=&#8220;&#8220; saturation=&#8220;&#8220; lightness=&#8220;&#8220; alpha=&#8220;&#8220; link_hover_color=&#8220;&#8220; border_sizes_top=&#8220;&#8220; border_sizes_right=&#8220;&#8220; border_sizes_bottom=&#8220;&#8220; border_sizes_left=&#8220;&#8220; border_color=&#8220;&#8220; border_style=&#8220;solid&#8220; border_radius_top_left=&#8220;&#8220; border_radius_top_right=&#8220;&#8220; border_radius_bottom_right=&#8220;&#8220; border_radius_bottom_left=&#8220;&#8220; [&hellip;]<\/p>\n","protected":false},"author":82,"featured_media":0,"parent":21332,"menu_order":0,"comment_status":"closed","ping_status":"closed","template":"","meta":[],"yoast_head":"<!-- This site is optimized with the Yoast SEO plugin v20.11 - https:\/\/yoast.com\/wordpress\/plugins\/seo\/ -->\n<title>Praktika bei der Akademie der Kulturen NRW - Akademie der Kulturen NRW<\/title>\n<meta name=\"robots\" content=\"index, follow, max-snippet:-1, max-image-preview:large, max-video-preview:-1\" \/>\n<link rel=\"canonical\" href=\"https:\/\/prokulturgut.net\/akademiederkulturen\/esf-grundbildungen-und-praktika\/praktikum-fuer-das-studium\/\" \/>\n<meta property=\"og:locale\" content=\"de_DE\" \/>\n<meta property=\"og:type\" content=\"article\" \/>\n<meta property=\"og:title\" content=\"Praktika bei der Akademie der Kulturen NRW - Akademie der Kulturen NRW\" \/>\n<meta property=\"og:description\" content=\"[fusion_builder_container type=&#8220;flex&#8220; hundred_percent=&#8220;no&#8220; hundred_percent_height=&#8220;no&#8220; min_height_medium=&#8220;&#8220; min_height_small=&#8220;&#8220; min_height=&#8220;&#8220; hundred_percent_height_scroll=&#8220;no&#8220; align_content=&#8220;stretch&#8220; flex_align_items=&#8220;flex-start&#8220; flex_justify_content=&#8220;flex-start&#8220; flex_column_spacing=&#8220;&#8220; hundred_percent_height_center_content=&#8220;yes&#8220; equal_height_columns=&#8220;no&#8220; container_tag=&#8220;div&#8220; menu_anchor=&#8220;&#8220; hide_on_mobile=&#8220;small-visibility,medium-visibility,large-visibility&#8220; status=&#8220;published&#8220; publish_date=&#8220;&#8220; class=&#8220;&#8220; id=&#8220;&#8220; margin_top_medium=&#8220;&#8220; margin_bottom_medium=&#8220;&#8220; margin_top_small=&#8220;&#8220; margin_bottom_small=&#8220;&#8220; margin_top=&#8220;50&#8243; margin_bottom=&#8220;&#8220; padding_top_medium=&#8220;&#8220; padding_right_medium=&#8220;&#8220; padding_bottom_medium=&#8220;&#8220; padding_left_medium=&#8220;&#8220; padding_top_small=&#8220;&#8220; padding_right_small=&#8220;&#8220; padding_bottom_small=&#8220;&#8220; padding_left_small=&#8220;&#8220; padding_top=&#8220;&#8220; padding_right=&#8220;&#8220; padding_bottom=&#8220;&#8220; padding_left=&#8220;&#8220; link_color=&#8220;&#8220; hue=&#8220;&#8220; saturation=&#8220;&#8220; lightness=&#8220;&#8220; alpha=&#8220;&#8220; link_hover_color=&#8220;&#8220; border_sizes_top=&#8220;&#8220; border_sizes_right=&#8220;&#8220; border_sizes_bottom=&#8220;&#8220; border_sizes_left=&#8220;&#8220; border_color=&#8220;&#8220; border_style=&#8220;solid&#8220; border_radius_top_left=&#8220;&#8220; border_radius_top_right=&#8220;&#8220; border_radius_bottom_right=&#8220;&#8220; border_radius_bottom_left=&#8220;&#8220; [&hellip;]\" \/>\n<meta property=\"og:url\" content=\"https:\/\/prokulturgut.net\/akademiederkulturen\/esf-grundbildungen-und-praktika\/praktikum-fuer-das-studium\/\" \/>\n<meta property=\"og:site_name\" content=\"Akademie der Kulturen NRW\" \/>\n<meta property=\"article:modified_time\" content=\"2023-08-07T07:39:20+00:00\" \/>\n<meta property=\"og:image\" content=\"https:\/\/prokulturgut.net\/wp-content\/uploads\/2018\/10\/ZooBochumMediengruppe-300x225.jpg\" \/>\n<meta name=\"twitter:card\" content=\"summary_large_image\" \/>\n<meta name=\"twitter:label1\" content=\"Gesch\u00e4tzte Lesezeit\" \/>\n\t<meta name=\"twitter:data1\" content=\"4 Minuten\" \/>\n<script type=\"application\/ld+json\" class=\"yoast-schema-graph\">{\"@context\":\"https:\/\/schema.org\",\"@graph\":[{\"@type\":\"WebPage\",\"@id\":\"https:\/\/prokulturgut.net\/akademiederkulturen\/esf-grundbildungen-und-praktika\/praktikum-fuer-das-studium\/\",\"url\":\"https:\/\/prokulturgut.net\/akademiederkulturen\/esf-grundbildungen-und-praktika\/praktikum-fuer-das-studium\/\",\"name\":\"Praktika bei der Akademie der Kulturen NRW - Akademie der Kulturen NRW\",\"isPartOf\":{\"@id\":\"https:\/\/prokulturgut.net\/akademiederkulturen\/#website\"},\"datePublished\":\"2018-12-12T15:32:23+00:00\",\"dateModified\":\"2023-08-07T07:39:20+00:00\",\"breadcrumb\":{\"@id\":\"https:\/\/prokulturgut.net\/akademiederkulturen\/esf-grundbildungen-und-praktika\/praktikum-fuer-das-studium\/#breadcrumb\"},\"inLanguage\":\"de-DE\",\"potentialAction\":[{\"@type\":\"ReadAction\",\"target\":[\"https:\/\/prokulturgut.net\/akademiederkulturen\/esf-grundbildungen-und-praktika\/praktikum-fuer-das-studium\/\"]}]},{\"@type\":\"BreadcrumbList\",\"@id\":\"https:\/\/prokulturgut.net\/akademiederkulturen\/esf-grundbildungen-und-praktika\/praktikum-fuer-das-studium\/#breadcrumb\",\"itemListElement\":[{\"@type\":\"ListItem\",\"position\":1,\"name\":\"Home\",\"item\":\"https:\/\/prokulturgut.net\/akademiederkulturen\/\"},{\"@type\":\"ListItem\",\"position\":2,\"name\":\"ESF Grundbildungen und Praktika\",\"item\":\"https:\/\/prokulturgut.net\/akademiederkulturen\/esf-grundbildungen-und-praktika\/\"},{\"@type\":\"ListItem\",\"position\":3,\"name\":\"Praktika bei der Akademie der Kulturen NRW\"}]},{\"@type\":\"WebSite\",\"@id\":\"https:\/\/prokulturgut.net\/akademiederkulturen\/#website\",\"url\":\"https:\/\/prokulturgut.net\/akademiederkulturen\/\",\"name\":\"Akademie der Kulturen NRW\",\"description\":\"\",\"publisher\":{\"@id\":\"https:\/\/prokulturgut.net\/akademiederkulturen\/#organization\"},\"potentialAction\":[{\"@type\":\"SearchAction\",\"target\":{\"@type\":\"EntryPoint\",\"urlTemplate\":\"https:\/\/prokulturgut.net\/akademiederkulturen\/?s={search_term_string}\"},\"query-input\":\"required name=search_term_string\"}],\"inLanguage\":\"de-DE\"},{\"@type\":\"Organization\",\"@id\":\"https:\/\/prokulturgut.net\/akademiederkulturen\/#organization\",\"name\":\"Akademie der Kulturen NRW\",\"url\":\"https:\/\/prokulturgut.net\/akademiederkulturen\/\",\"logo\":{\"@type\":\"ImageObject\",\"inLanguage\":\"de-DE\",\"@id\":\"https:\/\/prokulturgut.net\/akademiederkulturen\/#\/schema\/logo\/image\/\",\"url\":\"https:\/\/prokulturgut.net\/akademiederkulturen\/wp-content\/uploads\/sites\/5\/2023\/12\/cropped-Logo_Farbe.png\",\"contentUrl\":\"https:\/\/prokulturgut.net\/akademiederkulturen\/wp-content\/uploads\/sites\/5\/2023\/12\/cropped-Logo_Farbe.png\",\"width\":412,\"height\":118,\"caption\":\"Akademie der Kulturen NRW\"},\"image\":{\"@id\":\"https:\/\/prokulturgut.net\/akademiederkulturen\/#\/schema\/logo\/image\/\"}}]}<\/script>\n<!-- \/ Yoast SEO plugin. -->","yoast_head_json":{"title":"Praktika bei der Akademie der Kulturen NRW - Akademie der Kulturen NRW","robots":{"index":"index","follow":"follow","max-snippet":"max-snippet:-1","max-image-preview":"max-image-preview:large","max-video-preview":"max-video-preview:-1"},"canonical":"https:\/\/prokulturgut.net\/akademiederkulturen\/esf-grundbildungen-und-praktika\/praktikum-fuer-das-studium\/","og_locale":"de_DE","og_type":"article","og_title":"Praktika bei der Akademie der Kulturen NRW - Akademie der Kulturen NRW","og_description":"[fusion_builder_container type=&#8220;flex&#8220; hundred_percent=&#8220;no&#8220; hundred_percent_height=&#8220;no&#8220; min_height_medium=&#8220;&#8220; min_height_small=&#8220;&#8220; min_height=&#8220;&#8220; hundred_percent_height_scroll=&#8220;no&#8220; align_content=&#8220;stretch&#8220; flex_align_items=&#8220;flex-start&#8220; flex_justify_content=&#8220;flex-start&#8220; flex_column_spacing=&#8220;&#8220; hundred_percent_height_center_content=&#8220;yes&#8220; equal_height_columns=&#8220;no&#8220; container_tag=&#8220;div&#8220; menu_anchor=&#8220;&#8220; hide_on_mobile=&#8220;small-visibility,medium-visibility,large-visibility&#8220; status=&#8220;published&#8220; publish_date=&#8220;&#8220; class=&#8220;&#8220; id=&#8220;&#8220; margin_top_medium=&#8220;&#8220; margin_bottom_medium=&#8220;&#8220; margin_top_small=&#8220;&#8220; margin_bottom_small=&#8220;&#8220; margin_top=&#8220;50&#8243; margin_bottom=&#8220;&#8220; padding_top_medium=&#8220;&#8220; padding_right_medium=&#8220;&#8220; padding_bottom_medium=&#8220;&#8220; padding_left_medium=&#8220;&#8220; padding_top_small=&#8220;&#8220; padding_right_small=&#8220;&#8220; padding_bottom_small=&#8220;&#8220; padding_left_small=&#8220;&#8220; padding_top=&#8220;&#8220; padding_right=&#8220;&#8220; padding_bottom=&#8220;&#8220; padding_left=&#8220;&#8220; link_color=&#8220;&#8220; hue=&#8220;&#8220; saturation=&#8220;&#8220; lightness=&#8220;&#8220; alpha=&#8220;&#8220; link_hover_color=&#8220;&#8220; border_sizes_top=&#8220;&#8220; border_sizes_right=&#8220;&#8220; border_sizes_bottom=&#8220;&#8220; border_sizes_left=&#8220;&#8220; border_color=&#8220;&#8220; border_style=&#8220;solid&#8220; border_radius_top_left=&#8220;&#8220; border_radius_top_right=&#8220;&#8220; border_radius_bottom_right=&#8220;&#8220; border_radius_bottom_left=&#8220;&#8220; [&hellip;]","og_url":"https:\/\/prokulturgut.net\/akademiederkulturen\/esf-grundbildungen-und-praktika\/praktikum-fuer-das-studium\/","og_site_name":"Akademie der Kulturen NRW","article_modified_time":"2023-08-07T07:39:20+00:00","og_image":[{"url":"https:\/\/prokulturgut.net\/wp-content\/uploads\/2018\/10\/ZooBochumMediengruppe-300x225.jpg"}],"twitter_card":"summary_large_image","twitter_misc":{"Gesch\u00e4tzte Lesezeit":"4 Minuten"},"schema":{"@context":"https:\/\/schema.org","@graph":[{"@type":"WebPage","@id":"https:\/\/prokulturgut.net\/akademiederkulturen\/esf-grundbildungen-und-praktika\/praktikum-fuer-das-studium\/","url":"https:\/\/prokulturgut.net\/akademiederkulturen\/esf-grundbildungen-und-praktika\/praktikum-fuer-das-studium\/","name":"Praktika bei der Akademie der Kulturen NRW - Akademie der Kulturen NRW","isPartOf":{"@id":"https:\/\/prokulturgut.net\/akademiederkulturen\/#website"},"datePublished":"2018-12-12T15:32:23+00:00","dateModified":"2023-08-07T07:39:20+00:00","breadcrumb":{"@id":"https:\/\/prokulturgut.net\/akademiederkulturen\/esf-grundbildungen-und-praktika\/praktikum-fuer-das-studium\/#breadcrumb"},"inLanguage":"de-DE","potentialAction":[{"@type":"ReadAction","target":["https:\/\/prokulturgut.net\/akademiederkulturen\/esf-grundbildungen-und-praktika\/praktikum-fuer-das-studium\/"]}]},{"@type":"BreadcrumbList","@id":"https:\/\/prokulturgut.net\/akademiederkulturen\/esf-grundbildungen-und-praktika\/praktikum-fuer-das-studium\/#breadcrumb","itemListElement":[{"@type":"ListItem","position":1,"name":"Home","item":"https:\/\/prokulturgut.net\/akademiederkulturen\/"},{"@type":"ListItem","position":2,"name":"ESF Grundbildungen und Praktika","item":"https:\/\/prokulturgut.net\/akademiederkulturen\/esf-grundbildungen-und-praktika\/"},{"@type":"ListItem","position":3,"name":"Praktika bei der Akademie der Kulturen NRW"}]},{"@type":"WebSite","@id":"https:\/\/prokulturgut.net\/akademiederkulturen\/#website","url":"https:\/\/prokulturgut.net\/akademiederkulturen\/","name":"Akademie der Kulturen NRW","description":"","publisher":{"@id":"https:\/\/prokulturgut.net\/akademiederkulturen\/#organization"},"potentialAction":[{"@type":"SearchAction","target":{"@type":"EntryPoint","urlTemplate":"https:\/\/prokulturgut.net\/akademiederkulturen\/?s={search_term_string}"},"query-input":"required name=search_term_string"}],"inLanguage":"de-DE"},{"@type":"Organization","@id":"https:\/\/prokulturgut.net\/akademiederkulturen\/#organization","name":"Akademie der Kulturen NRW","url":"https:\/\/prokulturgut.net\/akademiederkulturen\/","logo":{"@type":"ImageObject","inLanguage":"de-DE","@id":"https:\/\/prokulturgut.net\/akademiederkulturen\/#\/schema\/logo\/image\/","url":"https:\/\/prokulturgut.net\/akademiederkulturen\/wp-content\/uploads\/sites\/5\/2023\/12\/cropped-Logo_Farbe.png","contentUrl":"https:\/\/prokulturgut.net\/akademiederkulturen\/wp-content\/uploads\/sites\/5\/2023\/12\/cropped-Logo_Farbe.png","width":412,"height":118,"caption":"Akademie der Kulturen NRW"},"image":{"@id":"https:\/\/prokulturgut.net\/akademiederkulturen\/#\/schema\/logo\/image\/"}}]}},"_links":{"self":[{"href":"https:\/\/prokulturgut.net\/akademiederkulturen\/wp-json\/wp\/v2\/pages\/21949"}],"collection":[{"href":"https:\/\/prokulturgut.net\/akademiederkulturen\/wp-json\/wp\/v2\/pages"}],"about":[{"href":"https:\/\/prokulturgut.net\/akademiederkulturen\/wp-json\/wp\/v2\/types\/page"}],"author":[{"embeddable":true,"href":"https:\/\/prokulturgut.net\/akademiederkulturen\/wp-json\/wp\/v2\/users\/82"}],"replies":[{"embeddable":true,"href":"https:\/\/prokulturgut.net\/akademiederkulturen\/wp-json\/wp\/v2\/comments?post=21949"}],"version-history":[{"count":14,"href":"https:\/\/prokulturgut.net\/akademiederkulturen\/wp-json\/wp\/v2\/pages\/21949\/revisions"}],"predecessor-version":[{"id":24100,"href":"https:\/\/prokulturgut.net\/akademiederkulturen\/wp-json\/wp\/v2\/pages\/21949\/revisions\/24100"}],"up":[{"embeddable":true,"href":"https:\/\/prokulturgut.net\/akademiederkulturen\/wp-json\/wp\/v2\/pages\/21332"}],"wp:attachment":[{"href":"https:\/\/prokulturgut.net\/akademiederkulturen\/wp-json\/wp\/v2\/media?parent=21949"}],"curies":[{"name":"wp","href":"https:\/\/api.w.org\/{rel}","templated":true}]}}