{"id":23307,"date":"2021-05-03T15:15:58","date_gmt":"2021-05-03T13:15:58","guid":{"rendered":"https:\/\/akademiederkulturen.de\/?page_id=23307"},"modified":"2023-08-07T09:59:27","modified_gmt":"2023-08-07T07:59:27","slug":"online-social-media-kurs-05-2021-12-2021","status":"publish","type":"page","link":"https:\/\/prokulturgut.net\/akademiederkulturen\/esf-grundbildungen-und-praktika\/online-social-media-kurs-05-2021-12-2021\/","title":{"rendered":"Online &amp; Social Media Kurs 05.2021 &#8211; 12.2021"},"content":{"rendered":"<p>[fusion_builder_container type=&#8220;flex&#8220; hundred_percent=&#8220;no&#8220; hundred_percent_height=&#8220;no&#8220; min_height_medium=&#8220;&#8220; min_height_small=&#8220;&#8220; min_height=&#8220;&#8220; hundred_percent_height_scroll=&#8220;no&#8220; align_content=&#8220;stretch&#8220; flex_align_items=&#8220;flex-start&#8220; flex_justify_content=&#8220;flex-start&#8220; flex_column_spacing=&#8220;&#8220; hundred_percent_height_center_content=&#8220;yes&#8220; equal_height_columns=&#8220;no&#8220; container_tag=&#8220;div&#8220; menu_anchor=&#8220;&#8220; hide_on_mobile=&#8220;small-visibility,medium-visibility,large-visibility&#8220; status=&#8220;published&#8220; publish_date=&#8220;&#8220; class=&#8220;&#8220; id=&#8220;&#8220; margin_top_medium=&#8220;&#8220; margin_bottom_medium=&#8220;&#8220; margin_top_small=&#8220;&#8220; margin_bottom_small=&#8220;&#8220; margin_top=&#8220;50&#8243; margin_bottom=&#8220;&#8220; padding_top_medium=&#8220;&#8220; padding_right_medium=&#8220;&#8220; padding_bottom_medium=&#8220;&#8220; padding_left_medium=&#8220;&#8220; padding_top_small=&#8220;&#8220; padding_right_small=&#8220;&#8220; padding_bottom_small=&#8220;&#8220; padding_left_small=&#8220;&#8220; padding_top=&#8220;&#8220; padding_right=&#8220;&#8220; padding_bottom=&#8220;&#8220; padding_left=&#8220;&#8220; link_color=&#8220;&#8220; hue=&#8220;&#8220; saturation=&#8220;&#8220; lightness=&#8220;&#8220; alpha=&#8220;&#8220; link_hover_color=&#8220;&#8220; border_sizes_top=&#8220;&#8220; border_sizes_right=&#8220;&#8220; border_sizes_bottom=&#8220;&#8220; border_sizes_left=&#8220;&#8220; border_color=&#8220;&#8220; border_style=&#8220;solid&#8220; border_radius_top_left=&#8220;&#8220; border_radius_top_right=&#8220;&#8220; border_radius_bottom_right=&#8220;&#8220; border_radius_bottom_left=&#8220;&#8220; box_shadow=&#8220;no&#8220; box_shadow_vertical=&#8220;&#8220; box_shadow_horizontal=&#8220;&#8220; box_shadow_blur=&#8220;0&#8243; box_shadow_spread=&#8220;0&#8243; box_shadow_color=&#8220;&#8220; box_shadow_style=&#8220;&#8220; z_index=&#8220;&#8220; overflow=&#8220;&#8220; gradient_start_color=&#8220;&#8220; gradient_end_color=&#8220;&#8220; gradient_start_position=&#8220;0&#8243; gradient_end_position=&#8220;100&#8243; gradient_type=&#8220;linear&#8220; radial_direction=&#8220;center center&#8220; linear_angle=&#8220;180&#8243; background_color=&#8220;&#8220; background_image=&#8220;&#8220; skip_lazy_load=&#8220;&#8220; background_position=&#8220;center center&#8220; background_repeat=&#8220;no-repeat&#8220; fade=&#8220;no&#8220; background_parallax=&#8220;none&#8220; enable_mobile=&#8220;no&#8220; parallax_speed=&#8220;0.3&#8243; background_blend_mode=&#8220;none&#8220; video_mp4=&#8220;&#8220; video_webm=&#8220;&#8220; video_ogv=&#8220;&#8220; video_url=&#8220;&#8220; video_aspect_ratio=&#8220;16:9&#8243; video_loop=&#8220;yes&#8220; video_mute=&#8220;yes&#8220; video_preview_image=&#8220;&#8220; pattern_bg=&#8220;none&#8220; pattern_custom_bg=&#8220;&#8220; pattern_bg_color=&#8220;&#8220; pattern_bg_style=&#8220;default&#8220; pattern_bg_opacity=&#8220;100&#8243; pattern_bg_size=&#8220;&#8220; pattern_bg_blend_mode=&#8220;normal&#8220; mask_bg=&#8220;none&#8220; mask_custom_bg=&#8220;&#8220; mask_bg_color=&#8220;&#8220; mask_bg_accent_color=&#8220;&#8220; mask_bg_style=&#8220;default&#8220; mask_bg_opacity=&#8220;100&#8243; mask_bg_transform=&#8220;left&#8220; mask_bg_blend_mode=&#8220;normal&#8220; render_logics=&#8220;&#8220; absolute=&#8220;off&#8220; absolute_devices=&#8220;small,medium,large&#8220; sticky=&#8220;off&#8220; sticky_devices=&#8220;small-visibility,medium-visibility,large-visibility&#8220; sticky_background_color=&#8220;&#8220; sticky_height=&#8220;&#8220; sticky_offset=&#8220;&#8220; sticky_transition_offset=&#8220;0&#8243; scroll_offset=&#8220;0&#8243; animation_type=&#8220;&#8220; animation_direction=&#8220;left&#8220; animation_color=&#8220;&#8220; animation_speed=&#8220;0.3&#8243; animation_delay=&#8220;0&#8243; animation_offset=&#8220;&#8220; filter_hue=&#8220;0&#8243; filter_saturation=&#8220;100&#8243; filter_brightness=&#8220;100&#8243; filter_contrast=&#8220;100&#8243; filter_invert=&#8220;0&#8243; filter_sepia=&#8220;0&#8243; filter_opacity=&#8220;100&#8243; filter_blur=&#8220;0&#8243; filter_hue_hover=&#8220;0&#8243; filter_saturation_hover=&#8220;100&#8243; filter_brightness_hover=&#8220;100&#8243; filter_contrast_hover=&#8220;100&#8243; filter_invert_hover=&#8220;0&#8243; filter_sepia_hover=&#8220;0&#8243; filter_opacity_hover=&#8220;100&#8243; filter_blur_hover=&#8220;0&#8243;][fusion_builder_row][fusion_builder_column type=&#8220;1_1&#8243; layout=&#8220;1_1&#8243; background_position=&#8220;left top&#8220; background_color=&#8220;&#8220; border_color=&#8220;&#8220; border_style=&#8220;solid&#8220; border_position=&#8220;all&#8220; spacing=&#8220;yes&#8220; background_image=&#8220;&#8220; background_repeat=&#8220;no-repeat&#8220; padding_top=&#8220;&#8220; padding_right=&#8220;&#8220; padding_bottom=&#8220;&#8220; padding_left=&#8220;&#8220; margin_top=&#8220;0px&#8220; margin_bottom=&#8220;0px&#8220; class=&#8220;&#8220; id=&#8220;&#8220; animation_type=&#8220;&#8220; animation_speed=&#8220;0.3&#8243; animation_direction=&#8220;left&#8220; hide_on_mobile=&#8220;small-visibility,medium-visibility,large-visibility&#8220; center_content=&#8220;no&#8220; last=&#8220;true&#8220; min_height=&#8220;&#8220; hover_type=&#8220;none&#8220; link=&#8220;&#8220; border_sizes_top=&#8220;&#8220; border_sizes_bottom=&#8220;&#8220; border_sizes_left=&#8220;&#8220; border_sizes_right=&#8220;&#8220; first=&#8220;true&#8220;][fusion_text]<\/p>\n<h2 style=\"text-transform: uppercase;\"><strong>Grundbildung Medien-Assistenz \u2013 Schwerpunkt Online &amp; Social Media<\/strong><\/h2>\n<p>[\/fusion_text][fusion_text]<strong>Grundbildung Schl\u00fcsselqualifikationen f\u00fcr das moderne Berufsleben &#8211; Medien-Assistent\/Assistentin (Schwerpunkt Online &amp; Social Media) &#8211; Zertifikat (05.2021 &#8211; 12.2021)<\/strong><\/p>\n<p><a href=\"https:\/\/prokulturgut.net\/akademiederkulturen\/wp-content\/uploads\/sites\/5\/2018\/12\/eu_esf-nrw_mags_fh_4c-logo.png\"><img fetchpriority=\"high\" decoding=\"async\" class=\"wp-image-21951 aligncenter\" src=\"https:\/\/prokulturgut.net\/akademiederkulturen\/wp-content\/uploads\/sites\/5\/2018\/12\/eu_esf-nrw_mags_fh_4c-logo-300x48.png\" alt=\"Europ\u00e4ischer Sozialfonds in Nordrhein-Westfalen\" width=\"825\" height=\"132\" srcset=\"https:\/\/prokulturgut.net\/akademiederkulturen\/wp-content\/uploads\/sites\/5\/2018\/12\/eu_esf-nrw_mags_fh_4c-logo-300x48.png 300w, https:\/\/prokulturgut.net\/akademiederkulturen\/wp-content\/uploads\/sites\/5\/2018\/12\/eu_esf-nrw_mags_fh_4c-logo-768x122.png 768w, https:\/\/prokulturgut.net\/akademiederkulturen\/wp-content\/uploads\/sites\/5\/2018\/12\/eu_esf-nrw_mags_fh_4c-logo-1024x162.png 1024w\" sizes=\"(max-width: 825px) 100vw, 825px\" \/><\/a><\/p>\n<p>Der Kulturgut e.V. und die Akademie der Kulturen NRW veranstalten mit finanzieller Unterst\u00fctzung des Landes Nordrhein-Westfalen und des Europ\u00e4ischen Sozialfonds Bildungsprojekte. Die Akademie der Kulturen NRW ist eine Einrichtung der Weiterbildung in Tr\u00e4gerschaft des Kulturgut e.V. Das Bildungswerk arbeitet im Rahmen des Weiterbildungsgesetzes WbG, sein Sitz ist in Bochum mit verschiedenen Kooperationspartnern in NRW.<br \/>\nZielgruppe sind u.a. junge Erwachsene, die ihre grundlegenden Schl\u00fcsselkompetenzen f\u00fcr den modernen Berufsalltag und das lebenslange Lernen schulen und ausbilden m\u00f6chten, um in der Lage zu sein, sich flexibel, innovativ, kreativ und m\u00fcndig in der modernen Gesellschaft bewegen zu k\u00f6nnen. Die Teilnahme kann z.B. der Vorbereitung auf eine Ausbildung oder ein Studium dienen. Der Ausbildungsgang ist auch geeignet f\u00fcr TN mit Migrationshintergrund, Berufsr\u00fcckkehrende, etc.<br \/>\nDer Ausbildungsgang umfasst Inhalte zu Schl\u00fcsselkompetenzen f\u00fcr das Berufs- und Arbeitsleben: <strong>grundlegende Computerkompetenz, technische-praktische Kompetenz, Kreativit\u00e4t, Projektmanagement, Lernkompetenz, Soziale und B\u00fcrgerkompetenz, Eigeninitiative und kulturelle Ausdrucksf\u00e4higkeit sowie Sprachkompetenz,\u00a0Selbstst\u00e4ndigkeit, Eigeninititative und Selbstorganisationsf\u00e4higkeit.<\/strong><br \/>\nIm Rahmen der Grundbildung geben die betreuenden P\u00e4dagog*innen und Dozent*innen einen umfassenden Einblick in das Aufgabenfeld Mediengestaltung. Die Lerninhalte werden projektorientiert vermittelt und praktisch vertieft.<\/p>\n<p>Die Ma\u00dfnahme findet derzeit im Online-Betrieb statt aufgrund des Infektionsschutzes.<\/p>\n<p>Auszug inhaltliche Schwerpunkte der <strong> Medien-Assistent\/Assistentin (Schwerpunkt Online &amp; Social Media<\/strong><strong>) <\/strong><strong>(05.2021 &#8211; 12.2021)<\/strong>:<\/p>\n<ul>\n<li>Einf\u00fchrung: Social Media \/ Kategorisierung (Prisma)<\/li>\n<li>Soziale Netzwerke: Facebook, Xing und andere Plattformen<\/li>\n<li>Media Sharing ( Youtube, Twitch usw.)<\/li>\n<li>Messenger Dienste ( Whatsapp, Telegram, Dicord usw.)<\/li>\n<li>Social Media Rechte- Namensrechte, Impressumspflicht,<\/li>\n<li>m\u00f6gliche Internetpr\u00e4senzen<\/li>\n<li>Influencer<\/li>\n<li>Grundlagen: Typografie, Farben und Gestaltungslehre<\/li>\n<li>Internettechnologien<\/li>\n<li>Grundlagen des journalistischen Arbeitens<\/li>\n<li>Onlinemarketing, SEM\/SEO<\/li>\n<li>Texten f\u00fcr das Internet<\/li>\n<li>Medien\u00fcbergreifendes Publizieren\/ multimediales\u00a0Arbeiten<\/li>\n<\/ul>\n<p>Im Rahmen des Ausbildungsgangs besteht die M\u00f6glichkeit zu einer pers\u00f6nlichen Beratung im Hinblick auf berufliche Perspektiven.<\/p>\n<p>Das Zertifikat, das die erfolgreiche Teilnahme an dem Ausbildungsgang bescheinigt, ist kostenlos.<\/p>\n<p class=\"p1\"><span class=\"s1\">Link zu der Internetseite des Europ\u00e4ischen Sozialfonds in Nordrhein-Westfalen: <a href=\"http:\/\/www.esf.nrw\/\"><span class=\"s2\">www.esf.nrw <\/span><\/a><\/span><\/p>\n<p class=\"p1\"><span class=\"s1\">Link zu den Internetseiten der Europ\u00e4ischen Kommission: <a href=\"http:\/\/ec.europa.eu\/esf\"><span class=\"s2\">http:\/\/ec.europa.eu\/esf<\/span><\/a><\/span><\/p>\n<p>[\/fusion_text][\/fusion_builder_column][\/fusion_builder_row][\/fusion_builder_container]<\/p>\n","protected":false},"excerpt":{"rendered":"<p>[fusion_builder_container type=&#8220;flex&#8220; hundred_percent=&#8220;no&#8220; hundred_percent_height=&#8220;no&#8220; min_height_medium=&#8220;&#8220; min_height_small=&#8220;&#8220; min_height=&#8220;&#8220; hundred_percent_height_scroll=&#8220;no&#8220; align_content=&#8220;stretch&#8220; flex_align_items=&#8220;flex-start&#8220; flex_justify_content=&#8220;flex-start&#8220; flex_column_spacing=&#8220;&#8220; hundred_percent_height_center_content=&#8220;yes&#8220; equal_height_columns=&#8220;no&#8220; container_tag=&#8220;div&#8220; menu_anchor=&#8220;&#8220; hide_on_mobile=&#8220;small-visibility,medium-visibility,large-visibility&#8220; status=&#8220;published&#8220; publish_date=&#8220;&#8220; class=&#8220;&#8220; id=&#8220;&#8220; margin_top_medium=&#8220;&#8220; margin_bottom_medium=&#8220;&#8220; margin_top_small=&#8220;&#8220; margin_bottom_small=&#8220;&#8220; margin_top=&#8220;50&#8243; margin_bottom=&#8220;&#8220; padding_top_medium=&#8220;&#8220; padding_right_medium=&#8220;&#8220; padding_bottom_medium=&#8220;&#8220; padding_left_medium=&#8220;&#8220; padding_top_small=&#8220;&#8220; padding_right_small=&#8220;&#8220; padding_bottom_small=&#8220;&#8220; padding_left_small=&#8220;&#8220; padding_top=&#8220;&#8220; padding_right=&#8220;&#8220; padding_bottom=&#8220;&#8220; padding_left=&#8220;&#8220; link_color=&#8220;&#8220; hue=&#8220;&#8220; saturation=&#8220;&#8220; lightness=&#8220;&#8220; alpha=&#8220;&#8220; link_hover_color=&#8220;&#8220; border_sizes_top=&#8220;&#8220; border_sizes_right=&#8220;&#8220; border_sizes_bottom=&#8220;&#8220; border_sizes_left=&#8220;&#8220; border_color=&#8220;&#8220; border_style=&#8220;solid&#8220; border_radius_top_left=&#8220;&#8220; border_radius_top_right=&#8220;&#8220; border_radius_bottom_right=&#8220;&#8220; border_radius_bottom_left=&#8220;&#8220; [&hellip;]<\/p>\n","protected":false},"author":82,"featured_media":0,"parent":21332,"menu_order":0,"comment_status":"closed","ping_status":"closed","template":"","meta":[],"yoast_head":"<!-- This site is optimized with the Yoast SEO plugin v20.11 - https:\/\/yoast.com\/wordpress\/plugins\/seo\/ -->\n<title>Online &amp; Social Media Kurs 05.2021 - 12.2021 - Akademie der Kulturen NRW<\/title>\n<meta name=\"robots\" content=\"index, follow, max-snippet:-1, max-image-preview:large, max-video-preview:-1\" \/>\n<link rel=\"canonical\" href=\"https:\/\/prokulturgut.net\/akademiederkulturen\/esf-grundbildungen-und-praktika\/online-social-media-kurs-05-2021-12-2021\/\" \/>\n<meta property=\"og:locale\" content=\"de_DE\" \/>\n<meta property=\"og:type\" content=\"article\" \/>\n<meta property=\"og:title\" content=\"Online &amp; Social Media Kurs 05.2021 - 12.2021 - Akademie der Kulturen NRW\" \/>\n<meta property=\"og:description\" content=\"[fusion_builder_container type=&#8220;flex&#8220; hundred_percent=&#8220;no&#8220; hundred_percent_height=&#8220;no&#8220; min_height_medium=&#8220;&#8220; min_height_small=&#8220;&#8220; min_height=&#8220;&#8220; hundred_percent_height_scroll=&#8220;no&#8220; align_content=&#8220;stretch&#8220; flex_align_items=&#8220;flex-start&#8220; flex_justify_content=&#8220;flex-start&#8220; flex_column_spacing=&#8220;&#8220; hundred_percent_height_center_content=&#8220;yes&#8220; equal_height_columns=&#8220;no&#8220; container_tag=&#8220;div&#8220; menu_anchor=&#8220;&#8220; hide_on_mobile=&#8220;small-visibility,medium-visibility,large-visibility&#8220; status=&#8220;published&#8220; publish_date=&#8220;&#8220; class=&#8220;&#8220; id=&#8220;&#8220; margin_top_medium=&#8220;&#8220; margin_bottom_medium=&#8220;&#8220; margin_top_small=&#8220;&#8220; margin_bottom_small=&#8220;&#8220; margin_top=&#8220;50&#8243; margin_bottom=&#8220;&#8220; padding_top_medium=&#8220;&#8220; padding_right_medium=&#8220;&#8220; padding_bottom_medium=&#8220;&#8220; padding_left_medium=&#8220;&#8220; padding_top_small=&#8220;&#8220; padding_right_small=&#8220;&#8220; padding_bottom_small=&#8220;&#8220; padding_left_small=&#8220;&#8220; padding_top=&#8220;&#8220; padding_right=&#8220;&#8220; padding_bottom=&#8220;&#8220; padding_left=&#8220;&#8220; link_color=&#8220;&#8220; hue=&#8220;&#8220; saturation=&#8220;&#8220; lightness=&#8220;&#8220; alpha=&#8220;&#8220; link_hover_color=&#8220;&#8220; border_sizes_top=&#8220;&#8220; border_sizes_right=&#8220;&#8220; border_sizes_bottom=&#8220;&#8220; border_sizes_left=&#8220;&#8220; border_color=&#8220;&#8220; border_style=&#8220;solid&#8220; border_radius_top_left=&#8220;&#8220; border_radius_top_right=&#8220;&#8220; border_radius_bottom_right=&#8220;&#8220; border_radius_bottom_left=&#8220;&#8220; [&hellip;]\" \/>\n<meta property=\"og:url\" content=\"https:\/\/prokulturgut.net\/akademiederkulturen\/esf-grundbildungen-und-praktika\/online-social-media-kurs-05-2021-12-2021\/\" \/>\n<meta property=\"og:site_name\" content=\"Akademie der Kulturen NRW\" \/>\n<meta property=\"article:modified_time\" content=\"2023-08-07T07:59:27+00:00\" \/>\n<meta property=\"og:image\" content=\"https:\/\/prokulturgut.net\/akademiederkulturen\/wp-content\/uploads\/sites\/5\/2018\/12\/eu_esf-nrw_mags_fh_4c-logo-300x48.png\" \/>\n<meta name=\"twitter:card\" content=\"summary_large_image\" \/>\n<meta name=\"twitter:label1\" content=\"Gesch\u00e4tzte Lesezeit\" \/>\n\t<meta name=\"twitter:data1\" content=\"4 Minuten\" \/>\n<script type=\"application\/ld+json\" class=\"yoast-schema-graph\">{\"@context\":\"https:\/\/schema.org\",\"@graph\":[{\"@type\":\"WebPage\",\"@id\":\"https:\/\/prokulturgut.net\/akademiederkulturen\/esf-grundbildungen-und-praktika\/online-social-media-kurs-05-2021-12-2021\/\",\"url\":\"https:\/\/prokulturgut.net\/akademiederkulturen\/esf-grundbildungen-und-praktika\/online-social-media-kurs-05-2021-12-2021\/\",\"name\":\"Online &amp; Social Media Kurs 05.2021 - 12.2021 - Akademie der Kulturen NRW\",\"isPartOf\":{\"@id\":\"https:\/\/prokulturgut.net\/akademiederkulturen\/#website\"},\"datePublished\":\"2021-05-03T13:15:58+00:00\",\"dateModified\":\"2023-08-07T07:59:27+00:00\",\"breadcrumb\":{\"@id\":\"https:\/\/prokulturgut.net\/akademiederkulturen\/esf-grundbildungen-und-praktika\/online-social-media-kurs-05-2021-12-2021\/#breadcrumb\"},\"inLanguage\":\"de-DE\",\"potentialAction\":[{\"@type\":\"ReadAction\",\"target\":[\"https:\/\/prokulturgut.net\/akademiederkulturen\/esf-grundbildungen-und-praktika\/online-social-media-kurs-05-2021-12-2021\/\"]}]},{\"@type\":\"BreadcrumbList\",\"@id\":\"https:\/\/prokulturgut.net\/akademiederkulturen\/esf-grundbildungen-und-praktika\/online-social-media-kurs-05-2021-12-2021\/#breadcrumb\",\"itemListElement\":[{\"@type\":\"ListItem\",\"position\":1,\"name\":\"Home\",\"item\":\"https:\/\/prokulturgut.net\/akademiederkulturen\/\"},{\"@type\":\"ListItem\",\"position\":2,\"name\":\"ESF Grundbildungen und Praktika\",\"item\":\"https:\/\/prokulturgut.net\/akademiederkulturen\/esf-grundbildungen-und-praktika\/\"},{\"@type\":\"ListItem\",\"position\":3,\"name\":\"Online &amp; Social Media Kurs 05.2021 &#8211; 12.2021\"}]},{\"@type\":\"WebSite\",\"@id\":\"https:\/\/prokulturgut.net\/akademiederkulturen\/#website\",\"url\":\"https:\/\/prokulturgut.net\/akademiederkulturen\/\",\"name\":\"Akademie der Kulturen NRW\",\"description\":\"\",\"publisher\":{\"@id\":\"https:\/\/prokulturgut.net\/akademiederkulturen\/#organization\"},\"potentialAction\":[{\"@type\":\"SearchAction\",\"target\":{\"@type\":\"EntryPoint\",\"urlTemplate\":\"https:\/\/prokulturgut.net\/akademiederkulturen\/?s={search_term_string}\"},\"query-input\":\"required name=search_term_string\"}],\"inLanguage\":\"de-DE\"},{\"@type\":\"Organization\",\"@id\":\"https:\/\/prokulturgut.net\/akademiederkulturen\/#organization\",\"name\":\"Akademie der Kulturen NRW\",\"url\":\"https:\/\/prokulturgut.net\/akademiederkulturen\/\",\"logo\":{\"@type\":\"ImageObject\",\"inLanguage\":\"de-DE\",\"@id\":\"https:\/\/prokulturgut.net\/akademiederkulturen\/#\/schema\/logo\/image\/\",\"url\":\"https:\/\/prokulturgut.net\/akademiederkulturen\/wp-content\/uploads\/sites\/5\/2023\/12\/cropped-Logo_Farbe.png\",\"contentUrl\":\"https:\/\/prokulturgut.net\/akademiederkulturen\/wp-content\/uploads\/sites\/5\/2023\/12\/cropped-Logo_Farbe.png\",\"width\":412,\"height\":118,\"caption\":\"Akademie der Kulturen NRW\"},\"image\":{\"@id\":\"https:\/\/prokulturgut.net\/akademiederkulturen\/#\/schema\/logo\/image\/\"}}]}<\/script>\n<!-- \/ Yoast SEO plugin. -->","yoast_head_json":{"title":"Online &amp; Social Media Kurs 05.2021 - 12.2021 - Akademie der Kulturen NRW","robots":{"index":"index","follow":"follow","max-snippet":"max-snippet:-1","max-image-preview":"max-image-preview:large","max-video-preview":"max-video-preview:-1"},"canonical":"https:\/\/prokulturgut.net\/akademiederkulturen\/esf-grundbildungen-und-praktika\/online-social-media-kurs-05-2021-12-2021\/","og_locale":"de_DE","og_type":"article","og_title":"Online &amp; Social Media Kurs 05.2021 - 12.2021 - Akademie der Kulturen NRW","og_description":"[fusion_builder_container type=&#8220;flex&#8220; hundred_percent=&#8220;no&#8220; hundred_percent_height=&#8220;no&#8220; min_height_medium=&#8220;&#8220; min_height_small=&#8220;&#8220; min_height=&#8220;&#8220; hundred_percent_height_scroll=&#8220;no&#8220; align_content=&#8220;stretch&#8220; flex_align_items=&#8220;flex-start&#8220; flex_justify_content=&#8220;flex-start&#8220; flex_column_spacing=&#8220;&#8220; hundred_percent_height_center_content=&#8220;yes&#8220; equal_height_columns=&#8220;no&#8220; container_tag=&#8220;div&#8220; menu_anchor=&#8220;&#8220; hide_on_mobile=&#8220;small-visibility,medium-visibility,large-visibility&#8220; status=&#8220;published&#8220; publish_date=&#8220;&#8220; class=&#8220;&#8220; id=&#8220;&#8220; margin_top_medium=&#8220;&#8220; margin_bottom_medium=&#8220;&#8220; margin_top_small=&#8220;&#8220; margin_bottom_small=&#8220;&#8220; margin_top=&#8220;50&#8243; margin_bottom=&#8220;&#8220; padding_top_medium=&#8220;&#8220; padding_right_medium=&#8220;&#8220; padding_bottom_medium=&#8220;&#8220; padding_left_medium=&#8220;&#8220; padding_top_small=&#8220;&#8220; padding_right_small=&#8220;&#8220; padding_bottom_small=&#8220;&#8220; padding_left_small=&#8220;&#8220; padding_top=&#8220;&#8220; padding_right=&#8220;&#8220; padding_bottom=&#8220;&#8220; padding_left=&#8220;&#8220; link_color=&#8220;&#8220; hue=&#8220;&#8220; saturation=&#8220;&#8220; lightness=&#8220;&#8220; alpha=&#8220;&#8220; link_hover_color=&#8220;&#8220; border_sizes_top=&#8220;&#8220; border_sizes_right=&#8220;&#8220; border_sizes_bottom=&#8220;&#8220; border_sizes_left=&#8220;&#8220; border_color=&#8220;&#8220; border_style=&#8220;solid&#8220; border_radius_top_left=&#8220;&#8220; border_radius_top_right=&#8220;&#8220; border_radius_bottom_right=&#8220;&#8220; border_radius_bottom_left=&#8220;&#8220; [&hellip;]","og_url":"https:\/\/prokulturgut.net\/akademiederkulturen\/esf-grundbildungen-und-praktika\/online-social-media-kurs-05-2021-12-2021\/","og_site_name":"Akademie der Kulturen NRW","article_modified_time":"2023-08-07T07:59:27+00:00","og_image":[{"url":"https:\/\/prokulturgut.net\/akademiederkulturen\/wp-content\/uploads\/sites\/5\/2018\/12\/eu_esf-nrw_mags_fh_4c-logo-300x48.png"}],"twitter_card":"summary_large_image","twitter_misc":{"Gesch\u00e4tzte Lesezeit":"4 Minuten"},"schema":{"@context":"https:\/\/schema.org","@graph":[{"@type":"WebPage","@id":"https:\/\/prokulturgut.net\/akademiederkulturen\/esf-grundbildungen-und-praktika\/online-social-media-kurs-05-2021-12-2021\/","url":"https:\/\/prokulturgut.net\/akademiederkulturen\/esf-grundbildungen-und-praktika\/online-social-media-kurs-05-2021-12-2021\/","name":"Online &amp; Social Media Kurs 05.2021 - 12.2021 - Akademie der Kulturen NRW","isPartOf":{"@id":"https:\/\/prokulturgut.net\/akademiederkulturen\/#website"},"datePublished":"2021-05-03T13:15:58+00:00","dateModified":"2023-08-07T07:59:27+00:00","breadcrumb":{"@id":"https:\/\/prokulturgut.net\/akademiederkulturen\/esf-grundbildungen-und-praktika\/online-social-media-kurs-05-2021-12-2021\/#breadcrumb"},"inLanguage":"de-DE","potentialAction":[{"@type":"ReadAction","target":["https:\/\/prokulturgut.net\/akademiederkulturen\/esf-grundbildungen-und-praktika\/online-social-media-kurs-05-2021-12-2021\/"]}]},{"@type":"BreadcrumbList","@id":"https:\/\/prokulturgut.net\/akademiederkulturen\/esf-grundbildungen-und-praktika\/online-social-media-kurs-05-2021-12-2021\/#breadcrumb","itemListElement":[{"@type":"ListItem","position":1,"name":"Home","item":"https:\/\/prokulturgut.net\/akademiederkulturen\/"},{"@type":"ListItem","position":2,"name":"ESF Grundbildungen und Praktika","item":"https:\/\/prokulturgut.net\/akademiederkulturen\/esf-grundbildungen-und-praktika\/"},{"@type":"ListItem","position":3,"name":"Online &amp; Social Media Kurs 05.2021 &#8211; 12.2021"}]},{"@type":"WebSite","@id":"https:\/\/prokulturgut.net\/akademiederkulturen\/#website","url":"https:\/\/prokulturgut.net\/akademiederkulturen\/","name":"Akademie der Kulturen NRW","description":"","publisher":{"@id":"https:\/\/prokulturgut.net\/akademiederkulturen\/#organization"},"potentialAction":[{"@type":"SearchAction","target":{"@type":"EntryPoint","urlTemplate":"https:\/\/prokulturgut.net\/akademiederkulturen\/?s={search_term_string}"},"query-input":"required name=search_term_string"}],"inLanguage":"de-DE"},{"@type":"Organization","@id":"https:\/\/prokulturgut.net\/akademiederkulturen\/#organization","name":"Akademie der Kulturen NRW","url":"https:\/\/prokulturgut.net\/akademiederkulturen\/","logo":{"@type":"ImageObject","inLanguage":"de-DE","@id":"https:\/\/prokulturgut.net\/akademiederkulturen\/#\/schema\/logo\/image\/","url":"https:\/\/prokulturgut.net\/akademiederkulturen\/wp-content\/uploads\/sites\/5\/2023\/12\/cropped-Logo_Farbe.png","contentUrl":"https:\/\/prokulturgut.net\/akademiederkulturen\/wp-content\/uploads\/sites\/5\/2023\/12\/cropped-Logo_Farbe.png","width":412,"height":118,"caption":"Akademie der Kulturen NRW"},"image":{"@id":"https:\/\/prokulturgut.net\/akademiederkulturen\/#\/schema\/logo\/image\/"}}]}},"_links":{"self":[{"href":"https:\/\/prokulturgut.net\/akademiederkulturen\/wp-json\/wp\/v2\/pages\/23307"}],"collection":[{"href":"https:\/\/prokulturgut.net\/akademiederkulturen\/wp-json\/wp\/v2\/pages"}],"about":[{"href":"https:\/\/prokulturgut.net\/akademiederkulturen\/wp-json\/wp\/v2\/types\/page"}],"author":[{"embeddable":true,"href":"https:\/\/prokulturgut.net\/akademiederkulturen\/wp-json\/wp\/v2\/users\/82"}],"replies":[{"embeddable":true,"href":"https:\/\/prokulturgut.net\/akademiederkulturen\/wp-json\/wp\/v2\/comments?post=23307"}],"version-history":[{"count":5,"href":"https:\/\/prokulturgut.net\/akademiederkulturen\/wp-json\/wp\/v2\/pages\/23307\/revisions"}],"predecessor-version":[{"id":24120,"href":"https:\/\/prokulturgut.net\/akademiederkulturen\/wp-json\/wp\/v2\/pages\/23307\/revisions\/24120"}],"up":[{"embeddable":true,"href":"https:\/\/prokulturgut.net\/akademiederkulturen\/wp-json\/wp\/v2\/pages\/21332"}],"wp:attachment":[{"href":"https:\/\/prokulturgut.net\/akademiederkulturen\/wp-json\/wp\/v2\/media?parent=23307"}],"curies":[{"name":"wp","href":"https:\/\/api.w.org\/{rel}","templated":true}]}}