{"id":25636,"date":"2025-03-26T13:02:24","date_gmt":"2025-03-26T12:02:24","guid":{"rendered":"https:\/\/prokulturgut.net\/akademiederkulturen\/?page_id=25636"},"modified":"2025-04-04T09:55:37","modified_gmt":"2025-04-04T07:55:37","slug":"entwicklungsprojekt-2024-ergebnisse","status":"publish","type":"page","link":"https:\/\/prokulturgut.net\/akademiederkulturen\/entwicklungsprojekt-2024-ergebnisse\/","title":{"rendered":"Entwicklungsprojekt 2024 &#8211; Ergebnisse"},"content":{"rendered":"\t\t<div data-elementor-type=\"wp-page\" data-elementor-id=\"25636\" class=\"elementor elementor-25636\">\n\t\t\t\t\t\t<section class=\"elementor-section elementor-top-section elementor-element elementor-element-3ded123c elementor-section-boxed elementor-section-height-default elementor-section-height-default\" data-id=\"3ded123c\" data-element_type=\"section\">\n\t\t\t\t\t\t<div class=\"elementor-container elementor-column-gap-default\">\n\t\t\t\t\t<div class=\"elementor-column elementor-col-100 elementor-top-column elementor-element elementor-element-91da9c6\" data-id=\"91da9c6\" data-element_type=\"column\">\n\t\t\t<div class=\"elementor-widget-wrap elementor-element-populated\">\n\t\t\t\t\t\t<div class=\"elementor-element elementor-element-784c8ac elementor-widget elementor-widget-text-editor\" data-id=\"784c8ac\" data-element_type=\"widget\" data-widget_type=\"text-editor.default\">\n\t\t\t\t<div class=\"elementor-widget-container\">\n\t\t\t<style>\/*! elementor - v3.23.0 - 05-08-2024 *\/\n.elementor-widget-text-editor.elementor-drop-cap-view-stacked .elementor-drop-cap{background-color:#69727d;color:#fff}.elementor-widget-text-editor.elementor-drop-cap-view-framed .elementor-drop-cap{color:#69727d;border:3px solid;background-color:transparent}.elementor-widget-text-editor:not(.elementor-drop-cap-view-default) .elementor-drop-cap{margin-top:8px}.elementor-widget-text-editor:not(.elementor-drop-cap-view-default) .elementor-drop-cap-letter{width:1em;height:1em}.elementor-widget-text-editor .elementor-drop-cap{float:left;text-align:center;line-height:1;font-size:50px}.elementor-widget-text-editor .elementor-drop-cap-letter{display:inline-block}<\/style>\t\t\t\t<p><!-- wp:post-title \/--><\/p>\n<p><!-- wp:list {\"ordered\":true,\"type\":\"A\"} --><\/p>\n<ol type=\"A\"><!-- wp:list-item --><p><\/p>\n<li><strong>Entwicklungsprojekt Tanz:<\/strong> Das Entwicklungsprojekts Tanz in Wuppertal wurde erfolgreich im Resonanzraum in der Brunnenstra\u00dfe 24 mit Teilnehmenden aus dem Sozialraum im Zeitraum 8.4.2024 bis 18.12.2024 umgesetzt. Diese Projekte wurden gem\u00e4\u00df den Ausschreibungen durchgef\u00fchrt und zielten darauf ab, neue Zielgruppen anzusprechen und diesen neue Erfahrungen zu erm\u00f6glichen, die ihre pers\u00f6nliche und soziale Entwicklung, Integration sowie kulturelle und berufliche Bildung unterst\u00fctzen. Inhaltlich ging es um Themen wie Dancing Dialog (20 Termine ab 17.8.2024 mit insg. 50 UStd.), Listening Body\/Embodiment into Dance (3 Termine ab 12.5. mit insg. 24 UStd.), ContacTango (4 Termine ab 2.5. mit insg. 12 UStd.), Contact Improvisation (12 Termine ab 10.4. mit insg. 32 UStd.) und Zeitgen\u00f6ssischer Tanz\/Technik (12 Termine ab 8.4. mit insg. 24 UStd.) sowie Improvisation (12 Termine ab 10.4. mit insg. 24 UStd.).<\/li>\n<p><!-- \/wp:list-item --><\/p><\/ol>\n<p><!-- \/wp:list --><\/p>\n<p><!-- wp:list --><\/p>\n<ul><!-- wp:list-item --><p><\/p>\n<li><strong>Interkulturelles Klangbad:<\/strong> Der Workshop Interkulturelles Klangbad bot einen kreativen Raum f\u00fcr freie Improvisation, in dem musikalische Neugier und Ausdrucksf\u00e4higkeit unabh\u00e4ngig von Vorkenntnissen gef\u00f6rdert wurden. Durch das achtsame Zuh\u00f6ren und das flexible Reagieren auf Impulse entwickelten die Teilnehmenden ihre Anpassungsf\u00e4higkeit und Kreativit\u00e4t weiter \u2013 essenzielle F\u00e4higkeiten f\u00fcr zuk\u00fcnftige Herausforderungen. Die Mischung aus verschiedenen musikalischen Hintergr\u00fcnden und Kulturen schuf eine dynamische Lernumgebung, in der Offenheit und Teamgeist gest\u00e4rkt wurden. Reflexionsphasen halfen dabei, Selbstwahrnehmung und gemeinschaftliches Musizieren zu verbessern. Die Erfahrungen aus dem Workshop zeigten, wie Musik als Medium zur pers\u00f6nlichen Weiterentwicklung und interkulturellen Verst\u00e4ndigung dienen kann.<br>Der Kurs fand statt an 8 Terminen im Zeitraum 1.9.2024 bis 24.11.2024 im Bola Haus der Kulturen in Bochum Dahlhausen, Herbergsweg 1, 44879 Bochum und war als offenes Angebot konzipiert. Insgesamt wurden in dem Kurs 32 UStd. umgesetzt.<\/li><\/ul><div><br><\/div><div>Einige Foto-Impressionen aus dem Entwicklungsprojekt Tanz 2024:<\/div><ul>\n<p><!-- \/wp:list-item --><\/p><\/ul>\n<p><!-- \/wp:list --><\/p>\n<p><!-- wp:gallery {\"linkTo\":\"file\"} --><\/p>\n<figure class=\"wp-block-gallery has-nested-images columns-default is-cropped\"><!-- wp:image {\"id\":25640,\"sizeSlug\":\"large\",\"linkDestination\":\"media\"} --><p><\/p>\n<figure class=\"wp-block-image size-large\"><a href=\"https:\/\/prokulturgut.net\/akademiederkulturen\/wp-content\/uploads\/sites\/5\/2025\/03\/photo_2025-03-26_12-55-30.jpg\"><img fetchpriority=\"high\" decoding=\"async\" width=\"488\" height=\"1024\" src=\"https:\/\/prokulturgut.net\/akademiederkulturen\/wp-content\/uploads\/sites\/5\/2025\/03\/photo_2025-03-26_12-55-30-488x1024.jpg\" alt=\"\" class=\"wp-image-25640\" srcset=\"https:\/\/prokulturgut.net\/akademiederkulturen\/wp-content\/uploads\/sites\/5\/2025\/03\/photo_2025-03-26_12-55-30-488x1024.jpg 488w, https:\/\/prokulturgut.net\/akademiederkulturen\/wp-content\/uploads\/sites\/5\/2025\/03\/photo_2025-03-26_12-55-30-143x300.jpg 143w, https:\/\/prokulturgut.net\/akademiederkulturen\/wp-content\/uploads\/sites\/5\/2025\/03\/photo_2025-03-26_12-55-30.jpg 610w\" sizes=\"(max-width: 488px) 100vw, 488px\" \/><\/a><\/figure>\n<p><!-- \/wp:image --><\/p>\n<p><!-- wp:image {\"id\":25641,\"sizeSlug\":\"large\",\"linkDestination\":\"media\"} --><\/p>\n<figure class=\"wp-block-image size-large\"><a href=\"https:\/\/prokulturgut.net\/akademiederkulturen\/wp-content\/uploads\/sites\/5\/2025\/03\/photo_2025-03-26_12-55-28.jpg\"><img decoding=\"async\" width=\"1024\" height=\"488\" src=\"https:\/\/prokulturgut.net\/akademiederkulturen\/wp-content\/uploads\/sites\/5\/2025\/03\/photo_2025-03-26_12-55-28-1024x488.jpg\" alt=\"\" class=\"wp-image-25641\" srcset=\"https:\/\/prokulturgut.net\/akademiederkulturen\/wp-content\/uploads\/sites\/5\/2025\/03\/photo_2025-03-26_12-55-28-1024x488.jpg 1024w, https:\/\/prokulturgut.net\/akademiederkulturen\/wp-content\/uploads\/sites\/5\/2025\/03\/photo_2025-03-26_12-55-28-300x143.jpg 300w, https:\/\/prokulturgut.net\/akademiederkulturen\/wp-content\/uploads\/sites\/5\/2025\/03\/photo_2025-03-26_12-55-28-768x366.jpg 768w, https:\/\/prokulturgut.net\/akademiederkulturen\/wp-content\/uploads\/sites\/5\/2025\/03\/photo_2025-03-26_12-55-28.jpg 1280w\" sizes=\"(max-width: 1024px) 100vw, 1024px\" \/><\/a><\/figure>\n<p><!-- \/wp:image --><\/p>\n<p><!-- wp:image {\"id\":25642,\"sizeSlug\":\"large\",\"linkDestination\":\"media\"} --><\/p>\n<figure class=\"wp-block-image size-large\"><a href=\"https:\/\/prokulturgut.net\/akademiederkulturen\/wp-content\/uploads\/sites\/5\/2025\/03\/photo_2025-03-26_12-55-24.jpg\"><img decoding=\"async\" width=\"1024\" height=\"488\" src=\"https:\/\/prokulturgut.net\/akademiederkulturen\/wp-content\/uploads\/sites\/5\/2025\/03\/photo_2025-03-26_12-55-24-1024x488.jpg\" alt=\"\" class=\"wp-image-25642\" srcset=\"https:\/\/prokulturgut.net\/akademiederkulturen\/wp-content\/uploads\/sites\/5\/2025\/03\/photo_2025-03-26_12-55-24-1024x488.jpg 1024w, https:\/\/prokulturgut.net\/akademiederkulturen\/wp-content\/uploads\/sites\/5\/2025\/03\/photo_2025-03-26_12-55-24-300x143.jpg 300w, https:\/\/prokulturgut.net\/akademiederkulturen\/wp-content\/uploads\/sites\/5\/2025\/03\/photo_2025-03-26_12-55-24-768x366.jpg 768w, https:\/\/prokulturgut.net\/akademiederkulturen\/wp-content\/uploads\/sites\/5\/2025\/03\/photo_2025-03-26_12-55-24.jpg 1280w\" sizes=\"(max-width: 1024px) 100vw, 1024px\" \/><\/a><\/figure>\n<p><!-- \/wp:image --><\/p>\n<p><!-- wp:image {\"id\":25643,\"sizeSlug\":\"large\",\"linkDestination\":\"media\"} --><\/p>\n<figure class=\"wp-block-image size-large\"><a href=\"https:\/\/prokulturgut.net\/akademiederkulturen\/wp-content\/uploads\/sites\/5\/2025\/03\/photo_2025-03-26_12-55-18.jpg\"><img loading=\"lazy\" decoding=\"async\" width=\"1024\" height=\"768\" src=\"https:\/\/prokulturgut.net\/akademiederkulturen\/wp-content\/uploads\/sites\/5\/2025\/03\/photo_2025-03-26_12-55-18-1024x768.jpg\" alt=\"\" class=\"wp-image-25643\" srcset=\"https:\/\/prokulturgut.net\/akademiederkulturen\/wp-content\/uploads\/sites\/5\/2025\/03\/photo_2025-03-26_12-55-18-1024x768.jpg 1024w, https:\/\/prokulturgut.net\/akademiederkulturen\/wp-content\/uploads\/sites\/5\/2025\/03\/photo_2025-03-26_12-55-18-300x225.jpg 300w, https:\/\/prokulturgut.net\/akademiederkulturen\/wp-content\/uploads\/sites\/5\/2025\/03\/photo_2025-03-26_12-55-18-768x576.jpg 768w, https:\/\/prokulturgut.net\/akademiederkulturen\/wp-content\/uploads\/sites\/5\/2025\/03\/photo_2025-03-26_12-55-18.jpg 1280w\" sizes=\"(max-width: 1024px) 100vw, 1024px\" \/><\/a><\/figure>\n<p><!-- \/wp:image --><\/p><\/figure>\n<p><!-- \/wp:gallery --><\/p>\t\t\t\t\t\t<\/div>\n\t\t\t\t<\/div>\n\t\t\t\t\t<\/div>\n\t\t<\/div>\n\t\t\t\t\t<\/div>\n\t\t<\/section>\n\t\t\t\t<section class=\"elementor-section elementor-top-section elementor-element elementor-element-362ddaa elementor-section-boxed elementor-section-height-default elementor-section-height-default\" data-id=\"362ddaa\" data-element_type=\"section\">\n\t\t\t\t\t\t<div class=\"elementor-container elementor-column-gap-default\">\n\t\t\t\t\t<div class=\"elementor-column elementor-col-100 elementor-top-column elementor-element elementor-element-293c829\" data-id=\"293c829\" data-element_type=\"column\">\n\t\t\t<div class=\"elementor-widget-wrap\">\n\t\t\t\t\t\t\t<\/div>\n\t\t<\/div>\n\t\t\t\t\t<\/div>\n\t\t<\/section>\n\t\t\t\t<section class=\"elementor-section elementor-top-section elementor-element elementor-element-472e903 elementor-section-boxed elementor-section-height-default elementor-section-height-default\" data-id=\"472e903\" data-element_type=\"section\">\n\t\t\t\t\t\t<div class=\"elementor-container elementor-column-gap-default\">\n\t\t\t\t\t<div class=\"elementor-column elementor-col-100 elementor-top-column elementor-element elementor-element-e7e5e19\" data-id=\"e7e5e19\" data-element_type=\"column\">\n\t\t\t<div class=\"elementor-widget-wrap\">\n\t\t\t\t\t\t\t<\/div>\n\t\t<\/div>\n\t\t\t\t\t<\/div>\n\t\t<\/section>\n\t\t\t\t<section class=\"elementor-section elementor-top-section elementor-element elementor-element-07b6bb4 elementor-section-boxed elementor-section-height-default elementor-section-height-default\" data-id=\"07b6bb4\" data-element_type=\"section\">\n\t\t\t\t\t\t<div class=\"elementor-container elementor-column-gap-default\">\n\t\t\t\t\t<div class=\"elementor-column elementor-col-100 elementor-top-column elementor-element elementor-element-fc89546\" data-id=\"fc89546\" data-element_type=\"column\">\n\t\t\t<div class=\"elementor-widget-wrap elementor-element-populated\">\n\t\t\t\t\t\t<div class=\"elementor-element elementor-element-6f68afe elementor-widget elementor-widget-text-editor\" data-id=\"6f68afe\" data-element_type=\"widget\" data-widget_type=\"text-editor.default\">\n\t\t\t\t<div class=\"elementor-widget-container\">\n\t\t\t\t\t\t\t<p>Hier einige H\u00f6rimpressionen aus dem Klangbadprojekt 2024: \ud83d\ude42<\/p>\n<!--[if lt IE 9]><script>document.createElement('audio');<\/script><![endif]-->\n<audio class=\"wp-audio-shortcode\" id=\"audio-25636-1\" preload=\"none\" style=\"width: 100%;\" controls=\"controls\"><source type=\"audio\/mpeg\" src=\"https:\/\/prokulturgut.net\/akademiederkulturen\/wp-content\/uploads\/sites\/5\/2025\/04\/Interkulturelles-Klangbad-Klangbild-I.mp3?_=1\" \/><a href=\"https:\/\/prokulturgut.net\/akademiederkulturen\/wp-content\/uploads\/sites\/5\/2025\/04\/Interkulturelles-Klangbad-Klangbild-I.mp3\">https:\/\/prokulturgut.net\/akademiederkulturen\/wp-content\/uploads\/sites\/5\/2025\/04\/Interkulturelles-Klangbad-Klangbild-I.mp3<\/a><\/audio>\n<audio class=\"wp-audio-shortcode\" id=\"audio-25636-2\" preload=\"none\" style=\"width: 100%;\" controls=\"controls\"><source type=\"audio\/mpeg\" src=\"https:\/\/prokulturgut.net\/akademiederkulturen\/wp-content\/uploads\/sites\/5\/2025\/04\/Interkulturelles-Klangbad-Klangbild-III.mp3?_=2\" \/><a href=\"https:\/\/prokulturgut.net\/akademiederkulturen\/wp-content\/uploads\/sites\/5\/2025\/04\/Interkulturelles-Klangbad-Klangbild-III.mp3\">https:\/\/prokulturgut.net\/akademiederkulturen\/wp-content\/uploads\/sites\/5\/2025\/04\/Interkulturelles-Klangbad-Klangbild-III.mp3<\/a><\/audio>\n<audio class=\"wp-audio-shortcode\" id=\"audio-25636-3\" preload=\"none\" style=\"width: 100%;\" controls=\"controls\"><source type=\"audio\/mpeg\" src=\"https:\/\/prokulturgut.net\/akademiederkulturen\/wp-content\/uploads\/sites\/5\/2025\/04\/Interkulturelles-Klangbad-Klangbild-II.mp3?_=3\" \/><a href=\"https:\/\/prokulturgut.net\/akademiederkulturen\/wp-content\/uploads\/sites\/5\/2025\/04\/Interkulturelles-Klangbad-Klangbild-II.mp3\">https:\/\/prokulturgut.net\/akademiederkulturen\/wp-content\/uploads\/sites\/5\/2025\/04\/Interkulturelles-Klangbad-Klangbild-II.mp3<\/a><\/audio>\n<p>\u00a0<\/p>\t\t\t\t\t\t<\/div>\n\t\t\t\t<\/div>\n\t\t\t\t\t<\/div>\n\t\t<\/div>\n\t\t\t\t\t<\/div>\n\t\t<\/section>\n\t\t\t\t<\/div>\n\t\t","protected":false},"excerpt":{"rendered":"<p>Hier einige H\u00f6rimpressionen aus dem Klangbadprojekt 2024: \ud83d\ude42<\/p>\n","protected":false},"author":10,"featured_media":25640,"parent":0,"menu_order":0,"comment_status":"closed","ping_status":"closed","template":"","meta":[],"yoast_head":"<!-- This site is optimized with the Yoast SEO plugin v20.11 - https:\/\/yoast.com\/wordpress\/plugins\/seo\/ -->\n<title>Entwicklungsprojekt 2024 - Ergebnisse - Akademie der Kulturen NRW<\/title>\n<meta name=\"robots\" content=\"index, follow, max-snippet:-1, max-image-preview:large, max-video-preview:-1\" \/>\n<link rel=\"canonical\" href=\"https:\/\/prokulturgut.net\/akademiederkulturen\/entwicklungsprojekt-2024-ergebnisse\/\" \/>\n<meta property=\"og:locale\" content=\"de_DE\" \/>\n<meta property=\"og:type\" content=\"article\" \/>\n<meta property=\"og:title\" content=\"Entwicklungsprojekt 2024 - Ergebnisse - Akademie der Kulturen NRW\" \/>\n<meta property=\"og:description\" content=\"Hier einige H\u00f6rimpressionen aus dem Klangbadprojekt 2024: \ud83d\ude42\" \/>\n<meta property=\"og:url\" content=\"https:\/\/prokulturgut.net\/akademiederkulturen\/entwicklungsprojekt-2024-ergebnisse\/\" \/>\n<meta property=\"og:site_name\" content=\"Akademie der Kulturen NRW\" \/>\n<meta property=\"article:modified_time\" content=\"2025-04-04T07:55:37+00:00\" \/>\n<meta property=\"og:image\" content=\"https:\/\/prokulturgut.net\/akademiederkulturen\/wp-content\/uploads\/sites\/5\/2025\/03\/photo_2025-03-26_12-55-30.jpg\" \/>\n\t<meta property=\"og:image:width\" content=\"610\" \/>\n\t<meta property=\"og:image:height\" content=\"1280\" \/>\n\t<meta property=\"og:image:type\" content=\"image\/jpeg\" \/>\n<meta name=\"twitter:card\" content=\"summary_large_image\" \/>\n<meta name=\"twitter:label1\" content=\"Gesch\u00e4tzte Lesezeit\" \/>\n\t<meta name=\"twitter:data1\" content=\"3 Minuten\" \/>\n<script type=\"application\/ld+json\" class=\"yoast-schema-graph\">{\"@context\":\"https:\/\/schema.org\",\"@graph\":[{\"@type\":\"WebPage\",\"@id\":\"https:\/\/prokulturgut.net\/akademiederkulturen\/entwicklungsprojekt-2024-ergebnisse\/\",\"url\":\"https:\/\/prokulturgut.net\/akademiederkulturen\/entwicklungsprojekt-2024-ergebnisse\/\",\"name\":\"Entwicklungsprojekt 2024 - Ergebnisse - Akademie der Kulturen NRW\",\"isPartOf\":{\"@id\":\"https:\/\/prokulturgut.net\/akademiederkulturen\/#website\"},\"datePublished\":\"2025-03-26T12:02:24+00:00\",\"dateModified\":\"2025-04-04T07:55:37+00:00\",\"breadcrumb\":{\"@id\":\"https:\/\/prokulturgut.net\/akademiederkulturen\/entwicklungsprojekt-2024-ergebnisse\/#breadcrumb\"},\"inLanguage\":\"de-DE\",\"potentialAction\":[{\"@type\":\"ReadAction\",\"target\":[\"https:\/\/prokulturgut.net\/akademiederkulturen\/entwicklungsprojekt-2024-ergebnisse\/\"]}]},{\"@type\":\"BreadcrumbList\",\"@id\":\"https:\/\/prokulturgut.net\/akademiederkulturen\/entwicklungsprojekt-2024-ergebnisse\/#breadcrumb\",\"itemListElement\":[{\"@type\":\"ListItem\",\"position\":1,\"name\":\"Home\",\"item\":\"https:\/\/prokulturgut.net\/akademiederkulturen\/\"},{\"@type\":\"ListItem\",\"position\":2,\"name\":\"Entwicklungsprojekt 2024 &#8211; Ergebnisse\"}]},{\"@type\":\"WebSite\",\"@id\":\"https:\/\/prokulturgut.net\/akademiederkulturen\/#website\",\"url\":\"https:\/\/prokulturgut.net\/akademiederkulturen\/\",\"name\":\"Akademie der Kulturen NRW\",\"description\":\"\",\"publisher\":{\"@id\":\"https:\/\/prokulturgut.net\/akademiederkulturen\/#organization\"},\"potentialAction\":[{\"@type\":\"SearchAction\",\"target\":{\"@type\":\"EntryPoint\",\"urlTemplate\":\"https:\/\/prokulturgut.net\/akademiederkulturen\/?s={search_term_string}\"},\"query-input\":\"required name=search_term_string\"}],\"inLanguage\":\"de-DE\"},{\"@type\":\"Organization\",\"@id\":\"https:\/\/prokulturgut.net\/akademiederkulturen\/#organization\",\"name\":\"Akademie der Kulturen NRW\",\"url\":\"https:\/\/prokulturgut.net\/akademiederkulturen\/\",\"logo\":{\"@type\":\"ImageObject\",\"inLanguage\":\"de-DE\",\"@id\":\"https:\/\/prokulturgut.net\/akademiederkulturen\/#\/schema\/logo\/image\/\",\"url\":\"https:\/\/prokulturgut.net\/akademiederkulturen\/wp-content\/uploads\/sites\/5\/2023\/12\/cropped-Logo_Farbe.png\",\"contentUrl\":\"https:\/\/prokulturgut.net\/akademiederkulturen\/wp-content\/uploads\/sites\/5\/2023\/12\/cropped-Logo_Farbe.png\",\"width\":412,\"height\":118,\"caption\":\"Akademie der Kulturen NRW\"},\"image\":{\"@id\":\"https:\/\/prokulturgut.net\/akademiederkulturen\/#\/schema\/logo\/image\/\"}}]}<\/script>\n<!-- \/ Yoast SEO plugin. -->","yoast_head_json":{"title":"Entwicklungsprojekt 2024 - Ergebnisse - Akademie der Kulturen NRW","robots":{"index":"index","follow":"follow","max-snippet":"max-snippet:-1","max-image-preview":"max-image-preview:large","max-video-preview":"max-video-preview:-1"},"canonical":"https:\/\/prokulturgut.net\/akademiederkulturen\/entwicklungsprojekt-2024-ergebnisse\/","og_locale":"de_DE","og_type":"article","og_title":"Entwicklungsprojekt 2024 - Ergebnisse - Akademie der Kulturen NRW","og_description":"Hier einige H\u00f6rimpressionen aus dem Klangbadprojekt 2024: \ud83d\ude42","og_url":"https:\/\/prokulturgut.net\/akademiederkulturen\/entwicklungsprojekt-2024-ergebnisse\/","og_site_name":"Akademie der Kulturen NRW","article_modified_time":"2025-04-04T07:55:37+00:00","og_image":[{"width":610,"height":1280,"url":"https:\/\/prokulturgut.net\/akademiederkulturen\/wp-content\/uploads\/sites\/5\/2025\/03\/photo_2025-03-26_12-55-30.jpg","type":"image\/jpeg"}],"twitter_card":"summary_large_image","twitter_misc":{"Gesch\u00e4tzte Lesezeit":"3 Minuten"},"schema":{"@context":"https:\/\/schema.org","@graph":[{"@type":"WebPage","@id":"https:\/\/prokulturgut.net\/akademiederkulturen\/entwicklungsprojekt-2024-ergebnisse\/","url":"https:\/\/prokulturgut.net\/akademiederkulturen\/entwicklungsprojekt-2024-ergebnisse\/","name":"Entwicklungsprojekt 2024 - Ergebnisse - Akademie der Kulturen NRW","isPartOf":{"@id":"https:\/\/prokulturgut.net\/akademiederkulturen\/#website"},"datePublished":"2025-03-26T12:02:24+00:00","dateModified":"2025-04-04T07:55:37+00:00","breadcrumb":{"@id":"https:\/\/prokulturgut.net\/akademiederkulturen\/entwicklungsprojekt-2024-ergebnisse\/#breadcrumb"},"inLanguage":"de-DE","potentialAction":[{"@type":"ReadAction","target":["https:\/\/prokulturgut.net\/akademiederkulturen\/entwicklungsprojekt-2024-ergebnisse\/"]}]},{"@type":"BreadcrumbList","@id":"https:\/\/prokulturgut.net\/akademiederkulturen\/entwicklungsprojekt-2024-ergebnisse\/#breadcrumb","itemListElement":[{"@type":"ListItem","position":1,"name":"Home","item":"https:\/\/prokulturgut.net\/akademiederkulturen\/"},{"@type":"ListItem","position":2,"name":"Entwicklungsprojekt 2024 &#8211; Ergebnisse"}]},{"@type":"WebSite","@id":"https:\/\/prokulturgut.net\/akademiederkulturen\/#website","url":"https:\/\/prokulturgut.net\/akademiederkulturen\/","name":"Akademie der Kulturen NRW","description":"","publisher":{"@id":"https:\/\/prokulturgut.net\/akademiederkulturen\/#organization"},"potentialAction":[{"@type":"SearchAction","target":{"@type":"EntryPoint","urlTemplate":"https:\/\/prokulturgut.net\/akademiederkulturen\/?s={search_term_string}"},"query-input":"required name=search_term_string"}],"inLanguage":"de-DE"},{"@type":"Organization","@id":"https:\/\/prokulturgut.net\/akademiederkulturen\/#organization","name":"Akademie der Kulturen NRW","url":"https:\/\/prokulturgut.net\/akademiederkulturen\/","logo":{"@type":"ImageObject","inLanguage":"de-DE","@id":"https:\/\/prokulturgut.net\/akademiederkulturen\/#\/schema\/logo\/image\/","url":"https:\/\/prokulturgut.net\/akademiederkulturen\/wp-content\/uploads\/sites\/5\/2023\/12\/cropped-Logo_Farbe.png","contentUrl":"https:\/\/prokulturgut.net\/akademiederkulturen\/wp-content\/uploads\/sites\/5\/2023\/12\/cropped-Logo_Farbe.png","width":412,"height":118,"caption":"Akademie der Kulturen NRW"},"image":{"@id":"https:\/\/prokulturgut.net\/akademiederkulturen\/#\/schema\/logo\/image\/"}}]}},"_links":{"self":[{"href":"https:\/\/prokulturgut.net\/akademiederkulturen\/wp-json\/wp\/v2\/pages\/25636"}],"collection":[{"href":"https:\/\/prokulturgut.net\/akademiederkulturen\/wp-json\/wp\/v2\/pages"}],"about":[{"href":"https:\/\/prokulturgut.net\/akademiederkulturen\/wp-json\/wp\/v2\/types\/page"}],"author":[{"embeddable":true,"href":"https:\/\/prokulturgut.net\/akademiederkulturen\/wp-json\/wp\/v2\/users\/10"}],"replies":[{"embeddable":true,"href":"https:\/\/prokulturgut.net\/akademiederkulturen\/wp-json\/wp\/v2\/comments?post=25636"}],"version-history":[{"count":11,"href":"https:\/\/prokulturgut.net\/akademiederkulturen\/wp-json\/wp\/v2\/pages\/25636\/revisions"}],"predecessor-version":[{"id":25662,"href":"https:\/\/prokulturgut.net\/akademiederkulturen\/wp-json\/wp\/v2\/pages\/25636\/revisions\/25662"}],"wp:featuredmedia":[{"embeddable":true,"href":"https:\/\/prokulturgut.net\/akademiederkulturen\/wp-json\/wp\/v2\/media\/25640"}],"wp:attachment":[{"href":"https:\/\/prokulturgut.net\/akademiederkulturen\/wp-json\/wp\/v2\/media?parent=25636"}],"curies":[{"name":"wp","href":"https:\/\/api.w.org\/{rel}","templated":true}]}}