{"id":1104,"date":"2016-05-03T15:01:28","date_gmt":"2016-05-03T13:01:28","guid":{"rendered":"http:\/\/prokulturgut.net\/monte-alegre\/?page_id=1104"},"modified":"2022-10-19T16:55:08","modified_gmt":"2022-10-19T14:55:08","slug":"contacto","status":"publish","type":"page","link":"https:\/\/prokulturgut.net\/monte-alegre\/contacto\/","title":{"rendered":"Interesada\/o?"},"content":{"rendered":"<div class=\"fusion-fullwidth fullwidth-box fusion-builder-row-1 fusion-flex-container hundred-percent-fullwidth non-hundred-percent-height-scrolling\" style=\"--awb-border-radius-top-left:0px;--awb-border-radius-top-right:0px;--awb-border-radius-bottom-right:0px;--awb-border-radius-bottom-left:0px;--awb-overflow:visible;--awb-flex-wrap:wrap;\" ><div class=\"fusion-builder-row fusion-row fusion-flex-align-items-flex-start fusion-flex-content-wrap\" style=\"width:104% !important;max-width:104% !important;margin-left: calc(-4% \/ 2 );margin-right: calc(-4% \/ 2 );\"><div class=\"fusion-layout-column fusion_builder_column fusion-builder-column-0 fusion_builder_column_2_3 2_3 fusion-flex-column\" style=\"--awb-bg-size:cover;--awb-width-large:66.666666666667%;--awb-margin-top-large:0px;--awb-spacing-right-large:3.84%;--awb-margin-bottom-large:20px;--awb-spacing-left-large:2.88%;--awb-width-medium:66.666666666667%;--awb-spacing-right-medium:3.84%;--awb-spacing-left-medium:2.88%;--awb-width-small:100%;--awb-spacing-right-small:1.92%;--awb-spacing-left-small:1.92%;\"><div class=\"fusion-column-wrapper fusion-flex-justify-content-flex-start fusion-content-layout-column\"><div class=\"fusion-text fusion-text-1\"><p>\u00a1 Queridas*os interesadas*os de \u201cMONTE ALEGRE &#8211; The Place to Be\u201d !<\/p>\n<p>Con un equipo de m\u00e1s de diez personas provenientes de \u201cProKulturgut.net e.V.\u201d, una asociaci\u00f3n sin \u00e1nimo de lucro, y de la \u201cAkademie der Kulturen NRW\u201d estamos creando la base y est\u00e1 previsto recibir la autorizaci\u00f3n oficial ya para mediados de Septiembre de 2017.<\/p>\n<p>El pr\u00f3ximo paso hac\u00eda la realizaci\u00f3n de \u201cMONTE ALEGRE &#8211; The Place to Be\u201d ser\u00e1 la colaboraci\u00f3n de las personas que deseen formar parte e invertir en ese proyecto.<\/p>\n<p><img decoding=\"async\" class=\" wp-image-1476\" src=\"http:\/\/prokulturgut.net\/monte-alegre\/wp-content\/uploads\/sites\/6\/2016\/11\/P1030359-small-1024x683.jpg\" alt=\"\" width=\"432\" height=\"288\" srcset=\"https:\/\/prokulturgut.net\/monte-alegre\/wp-content\/uploads\/sites\/6\/2016\/11\/P1030359-small-300x200.jpg 300w, https:\/\/prokulturgut.net\/monte-alegre\/wp-content\/uploads\/sites\/6\/2016\/11\/P1030359-small-768x512.jpg 768w, https:\/\/prokulturgut.net\/monte-alegre\/wp-content\/uploads\/sites\/6\/2016\/11\/P1030359-small.jpg 1024w\" sizes=\"(max-width: 432px) 100vw, 432px\" \/><\/p>\n<p>Realizar el proyecto \u201cMONTE ALEGRE &#8211; The Place to Be\u201d es un proceso de gran esfuerzo laboral y \u00e9con\u00f3mico.<\/p>\n<p>Si te convence la visi\u00f3n y si te gustan las actividades planificadas, si deseas realizarte en el marco del proyecto estas muy bienvenida*o.<\/p>\n<p>Te ofrecemos la posibilidad de participar activamente en la creaci\u00f3n de \u201cMONTE ALEGRE &#8211; The Place to Be\u201d.\u00a0 Vas a tener una nueva perspectiva de vida, con mas alegr\u00eda y en un entorno vivo de personas involucradas y comprometidas.<\/p>\n<p>Estas invitada*o de invertir en nuestro proyecto progresista de muchas maneras distintas, por ejemplo:<\/p>\n<p><b>1) A trav\u00e9s de apoyo activo y comprometido, trabajo voluntario\u00a0<\/b><\/p>\n<p>MONTE ALEGRE necesita propios especialistas aut\u00f3nomos en los sectores siguientes:<\/p>\n<p>recaudaci\u00f3n, marketing, educaci\u00f3n, eco-construcci\u00f3n, artesan\u00eda, ecolog\u00eda, jard\u00edn, salud, hoteler\u00eda, arte, trabajo con j\u00f3venes, etc.<\/p>\n<p>Entre otras cosas hay la posibilidad de acreditar puntos de nuestra moneda propia \u201cLQ (Lebensqualit\u00e4ts)-Punkte\u201d, que significa \u201cpuntos de calidad de vida\u201d.<\/p>\n<p>Puntos acumulados \u201cLQ\u201d se pueden canjear de muchas maneras distintas:<\/p>\n<p>-talleres, seminarios, etc.<\/p>\n<p>-estancias de vacaciones, oportunidades de ocio<\/p>\n<p>-vales regalo<\/p>\n<p>-servicios<\/p>\n<p>-alimentos org\u00e1nicos, productos curativos<\/p>\n<p>-otros productos de nuestra futura variedad de productos.<\/p>\n<p><img decoding=\"async\" class=\" wp-image-1636 alignright\" src=\"http:\/\/prokulturgut.net\/monte-alegre\/wp-content\/uploads\/sites\/6\/2016\/11\/IMG_20161209_163822-768x1024.jpg\" alt=\"\" width=\"242\" height=\"323\" srcset=\"https:\/\/prokulturgut.net\/monte-alegre\/wp-content\/uploads\/sites\/6\/2016\/11\/IMG_20161209_163822-225x300.jpg 225w, https:\/\/prokulturgut.net\/monte-alegre\/wp-content\/uploads\/sites\/6\/2016\/11\/IMG_20161209_163822-768x1024.jpg 768w, https:\/\/prokulturgut.net\/monte-alegre\/wp-content\/uploads\/sites\/6\/2016\/11\/IMG_20161209_163822.jpg 981w\" sizes=\"(max-width: 242px) 100vw, 242px\" \/><\/p>\n<p><b>2) A trav\u00e9s de financiaciones directas o indirectas<\/b><\/p>\n<p>Forman la base para la construcci\u00f3n del establecimiento tur\u00edstico completo a favor del bienestar, de la creatividad, educaci\u00f3n y curaci\u00f3n.<\/p>\n<p>a) aportaci\u00f3n en dinero<\/p>\n<p>b) pr\u00e9stamo sin intereses<\/p>\n<p>c) donaciones deducibles de los impuestos<\/p>\n<p>d) sponsoring<\/p>\n<p>e) absorci\u00f3n gratuita de trabajadores cualificados<\/p>\n<p>f) provisi\u00f3n de financiaci\u00f3n o de patrocinadores<\/p>\n<p>De esta manera \u201cMONTE ALEGRE\u201d puede volverse dentro de poco tambi\u00e9n en tu proyecto.<\/p>\n<p>Est\u00e1s adquiriendo opciones y el derecho de estancias frecuentes en MONTE ALEGRE.<\/p>\n<p>Nos alegramos si te pones en contacto con nosotros y esperamos con inter\u00e9s un encuentro personal contigo.<\/p>\n<p>Te informaremos con mucho gusto sobre tus posibilidades individuales con una detallada presentaci\u00f3n del proyecto.<\/p>\n<p>\u00a1 Bienvenida*o en MONTE ALEGRE &#8211; The Place to Be !<\/p>\n<p>&nbsp;<\/p>\n<p><img decoding=\"async\" class=\" wp-image-958 alignleft\" src=\"http:\/\/prokulturgut.net\/monte-alegre\/wp-content\/uploads\/sites\/6\/2016\/02\/1070843.jpg\" alt=\"\" width=\"437\" height=\"291\" srcset=\"https:\/\/prokulturgut.net\/monte-alegre\/wp-content\/uploads\/sites\/6\/2016\/02\/1070843-300x200.jpg 300w, https:\/\/prokulturgut.net\/monte-alegre\/wp-content\/uploads\/sites\/6\/2016\/02\/1070843.jpg 629w\" sizes=\"(max-width: 437px) 100vw, 437px\" \/><\/p>\n<\/div><\/div><\/div><div class=\"fusion-layout-column fusion_builder_column fusion-builder-column-1 fusion_builder_column_1_3 1_3 fusion-flex-column\" style=\"--awb-bg-size:cover;--awb-width-large:33.333333333333%;--awb-margin-top-large:0px;--awb-spacing-right-large:5.76%;--awb-margin-bottom-large:20px;--awb-spacing-left-large:3.8399999999999%;--awb-width-medium:33.333333333333%;--awb-spacing-right-medium:5.76%;--awb-spacing-left-medium:3.8399999999999%;--awb-width-small:100%;--awb-spacing-right-small:1.92%;--awb-spacing-left-small:1.92%;\"><div class=\"fusion-column-wrapper fusion-flex-justify-content-flex-start fusion-content-layout-column\"><div class=\"fusion-text fusion-text-2\"><p>M\u00e1s informaci\u00f3n:<br \/>\nMonte Alegre Team<br \/>\nTfn: +34 659 10 98 09<br \/>\nalegreteam@montealegre.eu<\/p>\n\n<div class=\"wpcf7 no-js\" id=\"wpcf7-f791-o1\" lang=\"en-US\" dir=\"ltr\">\n<div class=\"screen-reader-response\"><p role=\"status\" aria-live=\"polite\" aria-atomic=\"true\"><\/p> <ul><\/ul><\/div>\n<form action=\"\/monte-alegre\/wp-json\/wp\/v2\/pages\/1104#wpcf7-f791-o1\" method=\"post\" class=\"wpcf7-form init\" aria-label=\"Contact form\" novalidate=\"novalidate\" data-status=\"init\">\n<div style=\"display: none;\">\n<input type=\"hidden\" name=\"_wpcf7\" value=\"791\" \/>\n<input type=\"hidden\" name=\"_wpcf7_version\" value=\"5.7.7\" \/>\n<input type=\"hidden\" name=\"_wpcf7_locale\" value=\"en_US\" \/>\n<input type=\"hidden\" name=\"_wpcf7_unit_tag\" value=\"wpcf7-f791-o1\" \/>\n<input type=\"hidden\" name=\"_wpcf7_container_post\" value=\"0\" \/>\n<input type=\"hidden\" name=\"_wpcf7_posted_data_hash\" value=\"\" \/>\n<\/div>\n<p>Your Name (required)\n<\/p>\n<p><span class=\"wpcf7-form-control-wrap\" data-name=\"your-name\"><input size=\"40\" class=\"wpcf7-form-control wpcf7-text wpcf7-validates-as-required\" aria-required=\"true\" aria-invalid=\"false\" value=\"\" type=\"text\" name=\"your-name\" \/><\/span>\n<\/p>\n<p>Your Email (required)\n<\/p>\n<p><span class=\"wpcf7-form-control-wrap\" data-name=\"your-email\"><input size=\"40\" class=\"wpcf7-form-control wpcf7-text wpcf7-email wpcf7-validates-as-required wpcf7-validates-as-email\" aria-required=\"true\" aria-invalid=\"false\" value=\"\" type=\"email\" name=\"your-email\" \/><\/span>\n<\/p>\n<p>Subject\n<\/p>\n<p><span class=\"wpcf7-form-control-wrap\" data-name=\"your-subject\"><input size=\"40\" class=\"wpcf7-form-control wpcf7-text\" aria-invalid=\"false\" value=\"\" type=\"text\" name=\"your-subject\" \/><\/span>\n<\/p>\n<p>Your Message\n<\/p>\n<p><span class=\"wpcf7-form-control-wrap\" data-name=\"your-message\"><textarea cols=\"40\" rows=\"10\" class=\"wpcf7-form-control wpcf7-textarea\" aria-invalid=\"false\" name=\"your-message\"><\/textarea><\/span>\n<\/p>\n<p><input class=\"wpcf7-form-control has-spinner wpcf7-submit\" type=\"submit\" value=\"Send\" \/>\n<\/p><div class=\"fusion-alert alert custom alert-custom fusion-alert-center wpcf7-response-output awb-alert-native-link-color alert-dismissable awb-alert-close-boxed\" style=\"--awb-border-size:1px;--awb-border-top-left-radius:0px;--awb-border-top-right-radius:0px;--awb-border-bottom-left-radius:0px;--awb-border-bottom-right-radius:0px;\" role=\"alert\"><div class=\"fusion-alert-content-wrapper\"><span class=\"fusion-alert-content\"><\/span><\/div><button type=\"button\" class=\"close toggle-alert\" data-dismiss=\"alert\" aria-label=\"Close\">&times;<\/button><\/div>\n<\/form>\n<\/div>\n\n<\/div><\/div><\/div><\/div><\/div>\n","protected":false},"excerpt":{"rendered":"","protected":false},"author":2,"featured_media":0,"parent":0,"menu_order":46,"comment_status":"closed","ping_status":"closed","template":"","meta":[],"_links":{"self":[{"href":"https:\/\/prokulturgut.net\/monte-alegre\/wp-json\/wp\/v2\/pages\/1104"}],"collection":[{"href":"https:\/\/prokulturgut.net\/monte-alegre\/wp-json\/wp\/v2\/pages"}],"about":[{"href":"https:\/\/prokulturgut.net\/monte-alegre\/wp-json\/wp\/v2\/types\/page"}],"author":[{"embeddable":true,"href":"https:\/\/prokulturgut.net\/monte-alegre\/wp-json\/wp\/v2\/users\/2"}],"replies":[{"embeddable":true,"href":"https:\/\/prokulturgut.net\/monte-alegre\/wp-json\/wp\/v2\/comments?post=1104"}],"version-history":[{"count":4,"href":"https:\/\/prokulturgut.net\/monte-alegre\/wp-json\/wp\/v2\/pages\/1104\/revisions"}],"predecessor-version":[{"id":5843,"href":"https:\/\/prokulturgut.net\/monte-alegre\/wp-json\/wp\/v2\/pages\/1104\/revisions\/5843"}],"wp:attachment":[{"href":"https:\/\/prokulturgut.net\/monte-alegre\/wp-json\/wp\/v2\/media?parent=1104"}],"curies":[{"name":"wp","href":"https:\/\/api.w.org\/{rel}","templated":true}]}}