{"id":1166,"date":"2016-05-10T13:14:37","date_gmt":"2016-05-10T11:14:37","guid":{"rendered":"http:\/\/prokulturgut.net\/monte-alegre\/?page_id=1166"},"modified":"2023-07-21T09:42:17","modified_gmt":"2023-07-21T07:42:17","slug":"actividades-proyectos","status":"publish","type":"page","link":"https:\/\/prokulturgut.net\/monte-alegre\/actividades-proyectos\/","title":{"rendered":"Actividades &#038; proyectos"},"content":{"rendered":"<h2>Salud y bienestar<\/h2>\n<p>\u00bb \u00a0Wellness, meditaci\u00f3n y conocimientos espirituales<\/p>\n<p>\u00bb \u00a0M\u00e9todos integrales de sanaci\u00f3n y medicina alternativa, terapias individuales y en grupo<\/p>\n<p>\u00bb \u00a0Medicinanatural, plantas medicinales, t\u00e9cnicas espirituales<\/p>\n<h2>Cultura &amp; Media<\/h2>\n<p>\u00bb \u00a0M\u00fasica y artes, creatividad y multimedia, producciones musicales y audiovisuales \uf8ff<\/p>\n<p>\u00bb \u00a0Viajes interculturales, tours guiados<\/p>\n<p>\u00bb \u00a0Cultura \u2013 Naturaleza \u2013 Movimiento y m\u00e1s<\/p>\n<h2>Desarollo personal | Formaci\u00f3n<\/h2>\n<p>\u00bb \u00a0Aprendizaje global, escuelas libres, aprendizaje aut\u00f3nomo<\/p>\n<p>\u00bb \u00a0Encuentros internacionales: simposios, conferencias, trabajos por la paz, investigaci\u00f3n &#8230;<\/p>\n<p>\u00bb \u00a0Formaci\u00f3n multidisciplinar en cultura, idiomas, medios, turismo, sanaci\u00f3n, ecolog\u00eda, etc.<\/p>\n<p>\u00bb \u00a0Proyectos, cursos, seminarios, talleres, etc.<\/p>\n<h2>Vacaciones individuales<\/h2>\n<p><img decoding=\"async\" class=\"alignright size-full wp-image-1221\" src=\"http:\/\/prokulturgut.net\/monte-alegre\/wp-content\/uploads\/sites\/6\/2016\/05\/Graeser.gif\" alt=\"Graeser\" width=\"300\" height=\"300\" \/>\u00bb Planea tus vacaciones de manera \u00f3ptima<\/p>\n<p>\u00bb T\u00f3mate tiempo y disfruta de la alegr\u00eda con tus amigos<\/p>\n<p>\u00bb Vive y trabaja con nosotros<\/p>\n<p>\u00bb Organiza tus propios simposios, congresos, talleres[\/fusion_builder_column][\/fusion_builder_row][\/fusion_builder_container]<\/p>\n","protected":false},"excerpt":{"rendered":"<p>Salud y bienestar \u00bb \u00a0Wellness, meditaci\u00f3n y conocimientos espirituales \u00bb \u00a0M\u00e9todos integrales de sanaci\u00f3n y medicina alternativa, terapias individuales y en grupo \u00bb \u00a0Medicinanatural, plantas medicinales, t\u00e9cnicas espirituales Cultura &amp; Media \u00bb \u00a0M\u00fasica y artes, creatividad y multimedia, producciones musicales y audiovisuales \uf8ff \u00bb \u00a0Viajes interculturales, tours guiados \u00bb \u00a0Cultura \u2013 Naturaleza \u2013 Movimiento y  [&#8230;]<\/p>\n","protected":false},"author":2,"featured_media":0,"parent":0,"menu_order":16,"comment_status":"closed","ping_status":"closed","template":"","meta":[],"_links":{"self":[{"href":"https:\/\/prokulturgut.net\/monte-alegre\/wp-json\/wp\/v2\/pages\/1166"}],"collection":[{"href":"https:\/\/prokulturgut.net\/monte-alegre\/wp-json\/wp\/v2\/pages"}],"about":[{"href":"https:\/\/prokulturgut.net\/monte-alegre\/wp-json\/wp\/v2\/types\/page"}],"author":[{"embeddable":true,"href":"https:\/\/prokulturgut.net\/monte-alegre\/wp-json\/wp\/v2\/users\/2"}],"replies":[{"embeddable":true,"href":"https:\/\/prokulturgut.net\/monte-alegre\/wp-json\/wp\/v2\/comments?post=1166"}],"version-history":[{"count":10,"href":"https:\/\/prokulturgut.net\/monte-alegre\/wp-json\/wp\/v2\/pages\/1166\/revisions"}],"predecessor-version":[{"id":5937,"href":"https:\/\/prokulturgut.net\/monte-alegre\/wp-json\/wp\/v2\/pages\/1166\/revisions\/5937"}],"wp:attachment":[{"href":"https:\/\/prokulturgut.net\/monte-alegre\/wp-json\/wp\/v2\/media?parent=1166"}],"curies":[{"name":"wp","href":"https:\/\/api.w.org\/{rel}","templated":true}]}}