{"id":1426,"date":"2016-11-20T03:16:23","date_gmt":"2016-11-20T02:16:23","guid":{"rendered":"http:\/\/montealegre.eu\/?page_id=1426"},"modified":"2024-12-02T14:08:42","modified_gmt":"2024-12-02T13:08:42","slug":"beteiligung","status":"publish","type":"page","link":"https:\/\/prokulturgut.net\/monte-alegre\/kontakt\/beteiligung\/","title":{"rendered":"Beteiligung und Investitionen"},"content":{"rendered":"<div class=\"fusion-fullwidth fullwidth-box fusion-builder-row-1 fusion-flex-container hundred-percent-fullwidth non-hundred-percent-height-scrolling\" style=\"--awb-border-radius-top-left:0px;--awb-border-radius-top-right:0px;--awb-border-radius-bottom-right:0px;--awb-border-radius-bottom-left:0px;--awb-overflow:visible;--awb-flex-wrap:wrap;\" ><div class=\"fusion-builder-row fusion-row fusion-flex-align-items-flex-start fusion-flex-content-wrap\" style=\"width:104% !important;max-width:104% !important;margin-left: calc(-4% \/ 2 );margin-right: calc(-4% \/ 2 );\"><div class=\"fusion-layout-column fusion_builder_column fusion-builder-column-0 fusion_builder_column_2_3 2_3 fusion-flex-column\" style=\"--awb-bg-size:cover;--awb-width-large:66.666666666667%;--awb-margin-top-large:0px;--awb-spacing-right-large:3.84%;--awb-margin-bottom-large:20px;--awb-spacing-left-large:2.88%;--awb-width-medium:66.666666666667%;--awb-spacing-right-medium:3.84%;--awb-spacing-left-medium:2.88%;--awb-width-small:100%;--awb-spacing-right-small:1.92%;--awb-spacing-left-small:1.92%;\"><div class=\"fusion-column-wrapper fusion-flex-justify-content-flex-start fusion-content-layout-column\"><div class=\"fusion-text fusion-text-1\"><p>Liebe Interessierte an MONTE ALEGRE &#8211; The Place to Be !<\/p>\n<p>mit einem Kernteam von \u00fcber 10 Mitarbeitern des gemeinn\u00fctzigen Tr\u00e4gervereins \u201cProKulturgut.net e.V.\u201d und der \u201cAkademie der Kulturen NRW\u201d schaffen wir die Basis und standen Ende 2019 vor den grundlegenden Genehmigungen <\/p>\n<p>&#8211; Dann kam Covid &#8230; und ein neues Baugesetz und wir mussten das komplette Projekt seitdem schon 2x anpassen<\/p>\n<p>\u2013 Der n\u00e4chste Schritt zur Verwirklichung von &#8220;MONTE ALEGRE &#8211; The Place to Be&#8221; ist jetzt die Beteiligung derer, die mitmachen und investieren m\u00f6chten.<\/p>\n<p>Mit der Realisierung des Projektes ist viel Arbeit und Finanzbedarf verbunden.<\/p>\n<p>Wenn Du Dich mit der Vision und den geplanten Aktivit\u00e4ten wohlf\u00fchlst und Dich <span lang=\"EN\">im Rahmen des<\/span> Projektes verwirklichen m\u00f6chtest, bist Du herzlich willkommen.<\/p>\n<p>Wir bieten Dir die M\u00f6glichkeit, den Aufbau von MONTE ALEGRE aktiv mitzugestalten und eine neue Lebensperspektive mit mehr Freude und einem lebendigen Umfeld von involvierten, engagierten Menschen zu erleben.<\/p>\n<p>Gerne kannst Du auf verschiedene Weise in unser zukunftweisendes Projekt &#8220;MONTE ALEGRE &#8211; The Place to Be&#8221;  investieren, zum Beispiel:<\/p>\n<p><strong>1) Durch aktiv-engagierte, freiwillige Mitarbeit.<\/strong><\/p>\n<p>Monte Alegre braucht auch eigene, selbstst\u00e4ndige Spezialisten und Mitarbeiter in allen Sektoren:<br \/>\nFundraising, Marketing, Bildung, Handwerke, \u00d6kologie, Garten, Gesundheit, Kunst, Jugendarbeit &#8230;<br \/>und <\/p>\n<p>Unter anderem gibt es die M\u00f6glichkeit, sich dabei in unserer W\u00e4hrung &#8220;LQ (Lebensqualit\u00e4ts)-Punkte&#8221; gutschreiben zu lassen. Diese k\u00f6nnen auf verschiedenste Arten wieder eingel\u00f6st werden, z.B. f\u00fcr<\/p>\n<ul>\n<li>\u25cb Workshops, Seminare, etc.<\/li>\n<li>\u25cb Urlaubsaufenthalte, Freizeitangebote<\/li>\n<li>\u25cb Verschenk-Gutscheine<\/li>\n<li>\u25cb Service und Dienstleistungen<\/li>\n<li>\u25cb Bio-Lebensmittel, Heilprodukte oder andere Erzeugnisse aus unserer entstehenden Produktpalette<\/li>\n<\/ul>\n<p><strong>2) Durch direkte oder indirekte Finanzierungen.<\/strong><br \/>\nDiese tragen die Basis der Entstehung des Baus der gesamten touristischen Eco-Camping Anlage f\u00fcr Wohlf\u00fchlen, Kreativit\u00e4t, Bildung und Heilung f\u00fcr K\u00f6rper und Geist:<\/p>\n<p>a) Geld-Einlagen<br \/>\nb) Zinslose Darlehen<br \/>\nc) Steuerlich absetzbare Spenden<br \/>\nd) Sponsoring<br \/>\ne) Kostenlose \u00dcbernahme von Facharbeiten<br \/>\nf) Sponsoren- oder Finanzbeschaffung<\/p>\n<p>So kann MONTE ALEGRE schon bald auch zu Deinem Projekt werden.<br \/>\nDu erwirbst Optionen und damit das Recht f\u00fcr dauerhaft wiederkehrenden Aufenthalt in MONTE ALEGRE.<\/p>\n<p>Wir freuen uns auf Deine Kontaktaufnahme und ein pers\u00f6nliches Kennenlernen,<br \/>\ninformieren mit einer detaillierte Projekt-Pr\u00e4sentation \u00fcber Deine individuellen M\u00f6glichkeiten.<\/p>\n<p>Herzlich Willkommen auf MONTE ALEGRE &#8211; The Place to Be!<\/p>\n<\/p>\n<p>Reinhard Kreckel und das Alegre Team!<\/p>\n<\/p>\n<p><img decoding=\"async\" class=\" wp-image-958 alignleft\" src=\"http:\/\/prokulturgut.net\/monte-alegre\/wp-content\/uploads\/sites\/6\/2016\/02\/1070843.jpg\" alt=\"\" width=\"475\" height=\"316\" srcset=\"https:\/\/prokulturgut.net\/monte-alegre\/wp-content\/uploads\/sites\/6\/2016\/02\/1070843-300x200.jpg 300w, https:\/\/prokulturgut.net\/monte-alegre\/wp-content\/uploads\/sites\/6\/2016\/02\/1070843.jpg 629w\" sizes=\"(max-width: 475px) 100vw, 475px\" \/><\/p>\n<\/div><\/div><\/div><div class=\"fusion-layout-column fusion_builder_column fusion-builder-column-1 fusion_builder_column_1_3 1_3 fusion-flex-column\" style=\"--awb-bg-size:cover;--awb-width-large:33.333333333333%;--awb-margin-top-large:0px;--awb-spacing-right-large:5.76%;--awb-margin-bottom-large:20px;--awb-spacing-left-large:3.84%;--awb-width-medium:33.333333333333%;--awb-spacing-right-medium:5.76%;--awb-spacing-left-medium:3.84%;--awb-width-small:100%;--awb-spacing-right-small:1.92%;--awb-spacing-left-small:1.92%;\"><div class=\"fusion-column-wrapper fusion-flex-justify-content-flex-start fusion-content-layout-column\"><div class=\"fusion-text fusion-text-2\"><p>Rechungpa Reinhard Kreckel und das Alegre Team<\/p>\n<p>Kontakt:<br \/>\nalegre@prokulturgut.net<\/p>\n<p>fon\/telegram:<br \/>\n0049 151 41479643, 0034 624607810<br \/>\n(gern rufen wir umgehend bzw. schnellstm\u00f6glich zur\u00fcck)<\/p>\n<p><img decoding=\"async\" class=\" wp-image-1622 alignleft\" src=\"http:\/\/prokulturgut.net\/monte-alegre\/wp-content\/uploads\/sites\/6\/2017\/06\/P1040635-3.jpg\" alt=\"\" width=\"419\" height=\"279\" srcset=\"https:\/\/prokulturgut.net\/monte-alegre\/wp-content\/uploads\/sites\/6\/2017\/06\/P1040635-3-300x200.jpg 300w, https:\/\/prokulturgut.net\/monte-alegre\/wp-content\/uploads\/sites\/6\/2017\/06\/P1040635-3.jpg 477w\" sizes=\"(max-width: 419px) 100vw, 419px\" \/><\/p>\n<p><img decoding=\"async\" class=\" wp-image-1621 alignleft\" src=\"http:\/\/prokulturgut.net\/monte-alegre\/wp-content\/uploads\/sites\/6\/2017\/06\/P1040618.jpg\" alt=\"\" width=\"416\" height=\"277\" srcset=\"https:\/\/prokulturgut.net\/monte-alegre\/wp-content\/uploads\/sites\/6\/2017\/06\/P1040618-300x200.jpg 300w, https:\/\/prokulturgut.net\/monte-alegre\/wp-content\/uploads\/sites\/6\/2017\/06\/P1040618.jpg 450w\" sizes=\"(max-width: 416px) 100vw, 416px\" \/><\/p>\n<p><img decoding=\"async\" class=\"wp-image-1620 alignleft\" src=\"http:\/\/prokulturgut.net\/monte-alegre\/wp-content\/uploads\/sites\/6\/2017\/06\/IMG_1767-1024x768.jpg\" alt=\"\" width=\"352\" height=\"264\"><img decoding=\"async\" class=\"wp-image-1619 alignright\" src=\"http:\/\/prokulturgut.net\/monte-alegre\/wp-content\/uploads\/sites\/6\/2017\/06\/IMG_0056-1024x683.jpg\" alt=\"\" width=\"437\" height=\"291\" srcset=\"https:\/\/prokulturgut.net\/monte-alegre\/wp-content\/uploads\/sites\/6\/2017\/06\/IMG_0056-300x200.jpg 300w, https:\/\/prokulturgut.net\/monte-alegre\/wp-content\/uploads\/sites\/6\/2017\/06\/IMG_0056-768x512.jpg 768w, https:\/\/prokulturgut.net\/monte-alegre\/wp-content\/uploads\/sites\/6\/2017\/06\/IMG_0056-1024x683.jpg 1024w, https:\/\/prokulturgut.net\/monte-alegre\/wp-content\/uploads\/sites\/6\/2017\/06\/IMG_0056.jpg 3336w\" sizes=\"(max-width: 437px) 100vw, 437px\" \/><\/p>\n<p><img decoding=\"async\" class=\"wp-image-1618 alignleft\" src=\"http:\/\/prokulturgut.net\/monte-alegre\/wp-content\/uploads\/sites\/6\/2017\/06\/1080303-1024x683.jpg\" alt=\"\" width=\"420\" height=\"281\" srcset=\"https:\/\/prokulturgut.net\/monte-alegre\/wp-content\/uploads\/sites\/6\/2017\/06\/1080303-300x200.jpg 300w, https:\/\/prokulturgut.net\/monte-alegre\/wp-content\/uploads\/sites\/6\/2017\/06\/1080303-768x512.jpg 768w, https:\/\/prokulturgut.net\/monte-alegre\/wp-content\/uploads\/sites\/6\/2017\/06\/1080303-1024x683.jpg 1024w, https:\/\/prokulturgut.net\/monte-alegre\/wp-content\/uploads\/sites\/6\/2017\/06\/1080303.jpg 1962w\" sizes=\"(max-width: 420px) 100vw, 420px\" \/><img decoding=\"async\" class=\" wp-image-1616 alignleft\" src=\"http:\/\/prokulturgut.net\/monte-alegre\/wp-content\/uploads\/sites\/6\/2017\/06\/tpcw-konzert-alcausin-IMG_3171-2-1024x768.jpg\" alt=\"The Positive Creative World Konzert in alcausin\" width=\"373\" height=\"279\" srcset=\"https:\/\/prokulturgut.net\/monte-alegre\/wp-content\/uploads\/sites\/6\/2017\/06\/tpcw-konzert-alcausin-IMG_3171-2-300x225.jpg 300w, https:\/\/prokulturgut.net\/monte-alegre\/wp-content\/uploads\/sites\/6\/2017\/06\/tpcw-konzert-alcausin-IMG_3171-2-768x576.jpg 768w, https:\/\/prokulturgut.net\/monte-alegre\/wp-content\/uploads\/sites\/6\/2017\/06\/tpcw-konzert-alcausin-IMG_3171-2-1024x768.jpg 1024w, https:\/\/prokulturgut.net\/monte-alegre\/wp-content\/uploads\/sites\/6\/2017\/06\/tpcw-konzert-alcausin-IMG_3171-2.jpg 1483w\" sizes=\"(max-width: 373px) 100vw, 373px\" \/><\/p>\n<\/div><\/div><\/div><\/div><\/div>\n","protected":false},"excerpt":{"rendered":"","protected":false},"author":2,"featured_media":0,"parent":542,"menu_order":23,"comment_status":"closed","ping_status":"closed","template":"","meta":[],"_links":{"self":[{"href":"https:\/\/prokulturgut.net\/monte-alegre\/wp-json\/wp\/v2\/pages\/1426"}],"collection":[{"href":"https:\/\/prokulturgut.net\/monte-alegre\/wp-json\/wp\/v2\/pages"}],"about":[{"href":"https:\/\/prokulturgut.net\/monte-alegre\/wp-json\/wp\/v2\/types\/page"}],"author":[{"embeddable":true,"href":"https:\/\/prokulturgut.net\/monte-alegre\/wp-json\/wp\/v2\/users\/2"}],"replies":[{"embeddable":true,"href":"https:\/\/prokulturgut.net\/monte-alegre\/wp-json\/wp\/v2\/comments?post=1426"}],"version-history":[{"count":53,"href":"https:\/\/prokulturgut.net\/monte-alegre\/wp-json\/wp\/v2\/pages\/1426\/revisions"}],"predecessor-version":[{"id":6017,"href":"https:\/\/prokulturgut.net\/monte-alegre\/wp-json\/wp\/v2\/pages\/1426\/revisions\/6017"}],"up":[{"embeddable":true,"href":"https:\/\/prokulturgut.net\/monte-alegre\/wp-json\/wp\/v2\/pages\/542"}],"wp:attachment":[{"href":"https:\/\/prokulturgut.net\/monte-alegre\/wp-json\/wp\/v2\/media?parent=1426"}],"curies":[{"name":"wp","href":"https:\/\/api.w.org\/{rel}","templated":true}]}}