{"id":2204,"date":"2017-06-27T11:05:39","date_gmt":"2017-06-27T09:05:39","guid":{"rendered":"http:\/\/montealegre.eu\/?page_id=2204"},"modified":"2023-07-21T09:41:43","modified_gmt":"2023-07-21T07:41:43","slug":"participation","status":"publish","type":"page","link":"https:\/\/prokulturgut.net\/monte-alegre\/contacto\/participation\/","title":{"rendered":"Participati\u00f3n"},"content":{"rendered":"<div class=\"fusion-fullwidth fullwidth-box fusion-builder-row-1 fusion-flex-container hundred-percent-fullwidth non-hundred-percent-height-scrolling\" style=\"--awb-border-radius-top-left:0px;--awb-border-radius-top-right:0px;--awb-border-radius-bottom-right:0px;--awb-border-radius-bottom-left:0px;--awb-overflow:visible;--awb-flex-wrap:wrap;\" ><div class=\"fusion-builder-row fusion-row fusion-flex-align-items-flex-start fusion-flex-content-wrap\" style=\"width:104% !important;max-width:104% !important;margin-left: calc(-4% \/ 2 );margin-right: calc(-4% \/ 2 );\"><div class=\"fusion-layout-column fusion_builder_column fusion-builder-column-0 fusion_builder_column_2_3 2_3 fusion-flex-column\" style=\"--awb-bg-size:cover;--awb-width-large:66.666666666667%;--awb-margin-top-large:0px;--awb-spacing-right-large:3.84%;--awb-margin-bottom-large:20px;--awb-spacing-left-large:2.88%;--awb-width-medium:66.666666666667%;--awb-spacing-right-medium:3.84%;--awb-spacing-left-medium:2.88%;--awb-width-small:100%;--awb-spacing-right-small:1.92%;--awb-spacing-left-small:1.92%;\"><div class=\"fusion-column-wrapper fusion-flex-justify-content-flex-start fusion-content-layout-column\"><div class=\"fusion-text fusion-text-1\"><p>\u00a1 Queridas\/os interesadas\/os de \u201cMONTE ALEGRE &#8211; The Place to Be\u201d !<\/p>\n<p>Con un equipo de m\u00e1s de diez personas provenientes de \u201cProKulturgut.net e.V.\u201d, una asociaci\u00f3n sin \u00e1nimo de lucro, y de la \u201cAkademie der Kulturen NRW\u201d estamos creando la base y est\u00e1 previsto recibir la autorizaci\u00f3n oficial ya en el primer semestre de 2019.<\/p>\n<p>El pr\u00f3ximo paso hac\u00eda la realizaci\u00f3n de \u201cMONTE ALEGRE &#8211; The Place to Be\u201d ser\u00e1 la colaboraci\u00f3n de las personas que deseen formar parte e invertir en ese proyecto.<\/p>\n<p>Realizar el proyecto \u201cMONTE ALEGRE &#8211; The Place to Be\u201d es un proceso de gran esfuerzo laboral y \u00e9con\u00f3mico.<\/p>\n<p>Si te convence la visi\u00f3n y si te gustan las actividades planificadas, si deseas realizarte en el marco del proyecto estas muy bienvenida*o.<\/p>\n<p>Te ofrecemos la posibilidad de participar activamente en la creaci\u00f3n de \u201cMONTE ALEGRE &#8211; The Place to Be\u201d.\u00a0 Vas a tener una nueva perspectiva de vida, con mas alegr\u00eda y en un entorno vivo de personas involucradas y comprometidas.<\/p>\n<p>Estas invitada*o de invertir en nuestro proyecto progresista de muchas maneras distintas, por ejemplo:<\/p>\n<p><b>1) A trav\u00e9s de apoyo activo y comprometido, trabajo voluntario\u00a0<\/b><\/p>\n<p>MONTE ALEGRE necesita propios especialistas aut\u00f3nomos en los sectores siguientes:<br \/>\nrecaudaci\u00f3n, marketing, educaci\u00f3n, eco-construcci\u00f3n, artesan\u00eda, ecolog\u00eda, jard\u00edn, salud, hoteler\u00eda, arte, trabajo con j\u00f3venes, etc.<br \/>\nEntre otras cosas hay la posibilidad de acreditar puntos de nuestra moneda propia \u201cLQ (Lebensqualit\u00e4ts)-Punkte\u201d, que significa \u201cpuntos de calidad de vida\u201d.<\/p>\n<p>Puntos acumulados \u201cLQ\u201d se pueden canjear de muchas maneras distintas:<\/p>\n<p>-talleres, seminarios, etc.<br \/>\n-estancias de vacaciones, oportunidades de ocio<br \/>\n-vales regalo<br \/>\n-servicios<br \/>\n-alimentos org\u00e1nicos, productos curativos<br \/>\n-otros productos de nuestra futura variedad de productos.<\/p>\n<p><b>2) A trav\u00e9s de financiaciones directas o indirectas<\/b><\/p>\n<p>Forman la base para la construcci\u00f3n del establecimiento tur\u00edstico completo a favor del bienestar, de la creatividad, educaci\u00f3n y curaci\u00f3n.<\/p>\n<p>a) aportaci\u00f3n en dinero<br \/>\nb) pr\u00e9stamo sin intereses<br \/>\nc) donaciones deducibles de los impuestos<br \/>\nd) sponsoring<br \/>\ne) absorci\u00f3n gratuita de trabajadores cualificados<br \/>\nf) provisi\u00f3n de financiaci\u00f3n o de patrocinadores<\/p>\n<p>De esta manera \u201cMONTE ALEGRE\u201d puede volverse dentro de poco tambi\u00e9n en tu proyecto.<\/p>\n<p>Est\u00e1s adquiriendo opciones y el derecho de estancias frecuentes en MONTE ALEGRE.<br \/>\nNos alegramos si te pones en contacto con nosotros y esperamos con inter\u00e9s un encuentro personal contigo.<br \/>\nTe informaremos con mucho gusto sobre tus posibilidades individuales con una detallada presentaci\u00f3n del proyecto.<\/p>\n<p>\u00a1 Bienvenida*o en MONTE ALEGRE &#8211; The Place to Be !<\/p>\n<p>Rechungpa Reinhard Kreckel &amp; Alegre Team<\/p>\n<p><img decoding=\"async\" class=\" wp-image-958 alignleft\" src=\"http:\/\/prokulturgut.net\/monte-alegre\/wp-content\/uploads\/sites\/6\/2016\/02\/1070843.jpg\" alt=\"\" width=\"348\" height=\"232\" srcset=\"https:\/\/prokulturgut.net\/monte-alegre\/wp-content\/uploads\/sites\/6\/2016\/02\/1070843-300x200.jpg 300w, https:\/\/prokulturgut.net\/monte-alegre\/wp-content\/uploads\/sites\/6\/2016\/02\/1070843.jpg 629w\" sizes=\"(max-width: 348px) 100vw, 348px\" \/><\/p>\n<\/div><\/div><\/div><div class=\"fusion-layout-column fusion_builder_column fusion-builder-column-1 fusion_builder_column_1_3 1_3 fusion-flex-column\" style=\"--awb-bg-size:cover;--awb-width-large:33.333333333333%;--awb-margin-top-large:0px;--awb-spacing-right-large:5.76%;--awb-margin-bottom-large:20px;--awb-spacing-left-large:3.84%;--awb-width-medium:33.333333333333%;--awb-spacing-right-medium:5.76%;--awb-spacing-left-medium:3.84%;--awb-width-small:100%;--awb-spacing-right-small:1.92%;--awb-spacing-left-small:1.92%;\"><div class=\"fusion-column-wrapper fusion-flex-justify-content-flex-start fusion-content-layout-column\"><div class=\"fusion-text fusion-text-2\"><p>Contacto:<br \/>\nRechungpa Reinhard Kreckel &amp; Alegre Team<\/p>\n<p>alegre@prokulturgut.net<\/p>\n<p>fon\/telegram\/skype:<br \/>\n0049 151 41479643<br \/>\n(Nosotros le llamaremos inmediatamente)<\/p>\n<p><img decoding=\"async\" class=\" wp-image-1622 alignleft\" src=\"http:\/\/prokulturgut.net\/monte-alegre\/wp-content\/uploads\/sites\/6\/2017\/06\/P1040635-3.jpg\" alt=\"\" width=\"419\" height=\"279\" srcset=\"https:\/\/prokulturgut.net\/monte-alegre\/wp-content\/uploads\/sites\/6\/2017\/06\/P1040635-3-300x200.jpg 300w, https:\/\/prokulturgut.net\/monte-alegre\/wp-content\/uploads\/sites\/6\/2017\/06\/P1040635-3.jpg 477w\" sizes=\"(max-width: 419px) 100vw, 419px\" \/><\/p>\n<p><img decoding=\"async\" class=\" wp-image-1621 alignleft\" src=\"http:\/\/prokulturgut.net\/monte-alegre\/wp-content\/uploads\/sites\/6\/2017\/06\/P1040618.jpg\" alt=\"\" width=\"416\" height=\"277\" srcset=\"https:\/\/prokulturgut.net\/monte-alegre\/wp-content\/uploads\/sites\/6\/2017\/06\/P1040618-300x200.jpg 300w, https:\/\/prokulturgut.net\/monte-alegre\/wp-content\/uploads\/sites\/6\/2017\/06\/P1040618.jpg 450w\" sizes=\"(max-width: 416px) 100vw, 416px\" \/><\/p>\n<p><img decoding=\"async\" class=\"wp-image-1620 alignleft\" src=\"http:\/\/prokulturgut.net\/monte-alegre\/wp-content\/uploads\/sites\/6\/2017\/06\/IMG_1767-1024x768.jpg\" alt=\"\" width=\"352\" height=\"264\" \/><img decoding=\"async\" class=\"wp-image-1619 alignright\" src=\"http:\/\/prokulturgut.net\/monte-alegre\/wp-content\/uploads\/sites\/6\/2017\/06\/IMG_0056-1024x683.jpg\" alt=\"\" width=\"437\" height=\"291\" srcset=\"https:\/\/prokulturgut.net\/monte-alegre\/wp-content\/uploads\/sites\/6\/2017\/06\/IMG_0056-300x200.jpg 300w, https:\/\/prokulturgut.net\/monte-alegre\/wp-content\/uploads\/sites\/6\/2017\/06\/IMG_0056-768x512.jpg 768w, https:\/\/prokulturgut.net\/monte-alegre\/wp-content\/uploads\/sites\/6\/2017\/06\/IMG_0056-1024x683.jpg 1024w, https:\/\/prokulturgut.net\/monte-alegre\/wp-content\/uploads\/sites\/6\/2017\/06\/IMG_0056.jpg 3336w\" sizes=\"(max-width: 437px) 100vw, 437px\" \/><\/p>\n<p><img decoding=\"async\" class=\"wp-image-1618 alignleft\" src=\"http:\/\/prokulturgut.net\/monte-alegre\/wp-content\/uploads\/sites\/6\/2017\/06\/1080303-1024x683.jpg\" alt=\"\" width=\"420\" height=\"281\" srcset=\"https:\/\/prokulturgut.net\/monte-alegre\/wp-content\/uploads\/sites\/6\/2017\/06\/1080303-300x200.jpg 300w, https:\/\/prokulturgut.net\/monte-alegre\/wp-content\/uploads\/sites\/6\/2017\/06\/1080303-768x512.jpg 768w, https:\/\/prokulturgut.net\/monte-alegre\/wp-content\/uploads\/sites\/6\/2017\/06\/1080303-1024x683.jpg 1024w, https:\/\/prokulturgut.net\/monte-alegre\/wp-content\/uploads\/sites\/6\/2017\/06\/1080303.jpg 1962w\" sizes=\"(max-width: 420px) 100vw, 420px\" \/><img decoding=\"async\" class=\" wp-image-1616 alignleft\" src=\"http:\/\/prokulturgut.net\/monte-alegre\/wp-content\/uploads\/sites\/6\/2017\/06\/tpcw-konzert-alcausin-IMG_3171-2-1024x768.jpg\" alt=\"The Positive Creative World Konzert in alcausin\" width=\"373\" height=\"279\" srcset=\"https:\/\/prokulturgut.net\/monte-alegre\/wp-content\/uploads\/sites\/6\/2017\/06\/tpcw-konzert-alcausin-IMG_3171-2-300x225.jpg 300w, https:\/\/prokulturgut.net\/monte-alegre\/wp-content\/uploads\/sites\/6\/2017\/06\/tpcw-konzert-alcausin-IMG_3171-2-768x576.jpg 768w, https:\/\/prokulturgut.net\/monte-alegre\/wp-content\/uploads\/sites\/6\/2017\/06\/tpcw-konzert-alcausin-IMG_3171-2-1024x768.jpg 1024w, https:\/\/prokulturgut.net\/monte-alegre\/wp-content\/uploads\/sites\/6\/2017\/06\/tpcw-konzert-alcausin-IMG_3171-2.jpg 1483w\" sizes=\"(max-width: 373px) 100vw, 373px\" \/><\/p>\n<\/div><\/div><\/div><\/div><\/div>\n","protected":false},"excerpt":{"rendered":"","protected":false},"author":2,"featured_media":0,"parent":1104,"menu_order":60,"comment_status":"closed","ping_status":"closed","template":"","meta":[],"_links":{"self":[{"href":"https:\/\/prokulturgut.net\/monte-alegre\/wp-json\/wp\/v2\/pages\/2204"}],"collection":[{"href":"https:\/\/prokulturgut.net\/monte-alegre\/wp-json\/wp\/v2\/pages"}],"about":[{"href":"https:\/\/prokulturgut.net\/monte-alegre\/wp-json\/wp\/v2\/types\/page"}],"author":[{"embeddable":true,"href":"https:\/\/prokulturgut.net\/monte-alegre\/wp-json\/wp\/v2\/users\/2"}],"replies":[{"embeddable":true,"href":"https:\/\/prokulturgut.net\/monte-alegre\/wp-json\/wp\/v2\/comments?post=2204"}],"version-history":[{"count":13,"href":"https:\/\/prokulturgut.net\/monte-alegre\/wp-json\/wp\/v2\/pages\/2204\/revisions"}],"predecessor-version":[{"id":5936,"href":"https:\/\/prokulturgut.net\/monte-alegre\/wp-json\/wp\/v2\/pages\/2204\/revisions\/5936"}],"up":[{"embeddable":true,"href":"https:\/\/prokulturgut.net\/monte-alegre\/wp-json\/wp\/v2\/pages\/1104"}],"wp:attachment":[{"href":"https:\/\/prokulturgut.net\/monte-alegre\/wp-json\/wp\/v2\/media?parent=2204"}],"curies":[{"name":"wp","href":"https:\/\/api.w.org\/{rel}","templated":true}]}}