{"id":839,"date":"2015-08-18T15:36:28","date_gmt":"2015-08-18T13:36:28","guid":{"rendered":"http:\/\/prokulturgut.net\/monte-alegre\/?page_id=839"},"modified":"2022-10-19T16:55:10","modified_gmt":"2022-10-19T14:55:10","slug":"willkommen-auf-monte-alegre","status":"publish","type":"page","link":"https:\/\/prokulturgut.net\/monte-alegre\/willkommen-auf-monte-alegre\/","title":{"rendered":"Willkommen"},"content":{"rendered":"<div class=\"fusion-fullwidth fullwidth-box fusion-builder-row-1 fusion-flex-container hundred-percent-fullwidth non-hundred-percent-height-scrolling\" style=\"--awb-border-radius-top-left:0px;--awb-border-radius-top-right:0px;--awb-border-radius-bottom-right:0px;--awb-border-radius-bottom-left:0px;--awb-overflow:visible;--awb-flex-wrap:wrap;\" ><div class=\"fusion-builder-row fusion-row fusion-flex-align-items-flex-start fusion-flex-content-wrap\" style=\"width:104% !important;max-width:104% !important;margin-left: calc(-4% \/ 2 );margin-right: calc(-4% \/ 2 );\"><div class=\"fusion-layout-column fusion_builder_column fusion-builder-column-0 fusion_builder_column_2_3 2_3 fusion-flex-column\" style=\"--awb-bg-size:cover;--awb-width-large:66.666666666667%;--awb-margin-top-large:0px;--awb-spacing-right-large:3.84%;--awb-margin-bottom-large:20px;--awb-spacing-left-large:2.88%;--awb-width-medium:66.666666666667%;--awb-spacing-right-medium:3.84%;--awb-spacing-left-medium:2.88%;--awb-width-small:100%;--awb-spacing-right-small:1.92%;--awb-spacing-left-small:1.92%;\"><div class=\"fusion-column-wrapper fusion-flex-justify-content-flex-start fusion-content-layout-column\"><div class=\"fusion-text fusion-text-1\"><h2><b>Willkommen auf Monte Alegre <strong>\u2013 The Place to be<\/strong><br \/>\nINTERKULTURELLES RESORT in Alcauc\u00edn, Malaga<\/b><\/h2>\n<h3><i>Ganzheitliche Entwicklung \u2013 K\u00f6rper &amp; Geist, <\/i><i>Permakultur,\u00a0<\/i><i>Kreativit\u00e4t und fortgeschrittene Technologien<\/i><\/h3>\n<h2>Aus einer Vision wird das Leben &#8211; und Du kannst dabei sein<\/h2>\n<h1>[layerslider id=&#8221;9&#8243;]<\/h1>\n<h2>Unsere Vision<\/h2>\n<p>\u00bb Wir erschaffen an einem energetisch optimalen Ort ein freies, friedvolles Zentrum f\u00fcr Menschen gleich welcher Herkunft, Kultur oder Religion<\/p>\n<p>\u00bb \u00a0Ein alternatives, generations\u00fcbergreifendes Modell, wo wir mit- und voneinander lernen und kreativ wirken \u2013 ganzheitlich, innovativ, nachhaltig und altruistisch.<\/p>\n<p>\u00bb \u00a0Monte Alegre gibt Impulse f\u00fcr eine verantwortungsvolle, soziale, \u00f6kologische und technologische Entwicklung in Andalusien<\/p>\n<p>\u00bb \u00a0Dabei streben wir nach einem harmonischen Ausgleich zwischen wirtschaftlichen Aspekten, Idealen und spirituellen Zielen<\/p>\n<h2>Leben in der Natur<\/h2>\n<p>\u00bb \u00d6kologischer Raum und Unterkunft f\u00fcr Aktivit\u00e4ten und Projekte mit ca. 200 Personen<\/p>\n<p>\u00bb Sinnesg\u00e4rten und nat\u00fcrliche Parkanlagen f\u00fcr jung und alt<\/p>\n<p>\u00bb Anbau von Obst, Gem\u00fcse und Heilpflanzen aus aller Welt<\/p>\n<p>\u00bb Teichanlagen und Natur-R\u00e4ume<\/p>\n<h2>Umwelt &#8211; Bewusstsein<\/h2>\n<p>\u00bb Die architektonische Ausgestaltung integriert sich in die nat\u00fcrliche Umwelt und Landschaft<\/p>\n<p>\u00bb\u00a0Biologische Landwirtschaft und Permakultur<\/p>\n<p>\u00bb Monte Alegre setzt auf Recycling und strebt einen geschlossenen, nat\u00fcrlichen Kreislauf an:<\/p>\n<ul>\n<li>\u00bb \u00a0Energie wird nachhaltig produziert<\/li>\n<li>\u00bb \u00a0Innovativ, nachhaltig und altruistisch<\/li>\n<\/ul>\n<p>&#8230; Monte Alegre kann schon bald auch Euer LebensTraum werden.<\/p>\n<p>&nbsp;<\/p>\n<p><img decoding=\"async\" class=\"alignnone wp-image-3991\" src=\"http:\/\/prokulturgut.net\/monte-alegre\/wp-content\/uploads\/sites\/6\/2019\/03\/180829-Monte-Alegre-overview-planning-web-300x212.jpg\" alt=\"\" width=\"668\" height=\"472\" srcset=\"https:\/\/prokulturgut.net\/monte-alegre\/wp-content\/uploads\/sites\/6\/2019\/03\/180829-Monte-Alegre-overview-planning-web-300x212.jpg 300w, https:\/\/prokulturgut.net\/monte-alegre\/wp-content\/uploads\/sites\/6\/2019\/03\/180829-Monte-Alegre-overview-planning-web-768x543.jpg 768w, https:\/\/prokulturgut.net\/monte-alegre\/wp-content\/uploads\/sites\/6\/2019\/03\/180829-Monte-Alegre-overview-planning-web-1024x724.jpg 1024w, https:\/\/prokulturgut.net\/monte-alegre\/wp-content\/uploads\/sites\/6\/2019\/03\/180829-Monte-Alegre-overview-planning-web.jpg 1080w\" sizes=\"(max-width: 668px) 100vw, 668px\" \/><\/p>\n<\/div><\/div><\/div><div class=\"fusion-layout-column fusion_builder_column fusion-builder-column-1 fusion_builder_column_1_3 1_3 fusion-flex-column\" style=\"--awb-bg-size:cover;--awb-width-large:33.333333333333%;--awb-margin-top-large:40px;--awb-spacing-right-large:5.76%;--awb-margin-bottom-large:20px;--awb-spacing-left-large:3.8399999999999%;--awb-width-medium:33.333333333333%;--awb-spacing-right-medium:5.76%;--awb-spacing-left-medium:3.8399999999999%;--awb-width-small:100%;--awb-spacing-right-small:1.92%;--awb-spacing-left-small:1.92%;\"><div class=\"fusion-column-wrapper fusion-flex-justify-content-flex-start fusion-content-layout-column\"><a href=\"https:\/\/www.facebook.com\/MonteAlegre.eu\/\">\r\n<i class=\"fa fa-facebook-official\" aria-hidden=\"true\" style=\"font-size:3em\"><\/i><\/a>\r\n<a href=\"https:\/\/www.youtube.com\/user\/rechungpa108\/videos\"><i class=\"fa fa-youtube-square\" aria-hidden=\"true\" style=\"font-size:3em\"><\/i><\/a>\r\n<a href=\"https:\/\/twitter.com\/prokulturgut\"><i class=\"fa fa-twitter-square\" aria-hidden=\"true\" style=\"font-size:3em\"><\/i><\/a>\r\n<a href=\"https:\/\/www.instagram.com\/montealegre.eu\/\"><i class=\"fa fa-instagram\" aria-hidden=\"true\" style=\"font-size:3em\"><\/i><\/a>\r\n<a href=\"https:\/\/soundcloud.com\/rechungpa\"><i class=\"fa fa-soundcloud\" aria-hidden=\"true\" style=\"font-size:3em\"><\/i><\/a>\r\n<a href=\"https:\/\/de.pinterest.com\/rechungpa\/worldmusicevolutionnet\/\"><i class=\"fa fa-pinterest\" aria-hidden=\"true\" style=\"font-size:3em\"><\/i><\/a>\r\n<br>\r\n<br><div class=\"fusion-image-element \" style=\"--awb-caption-title-font-family:var(--h2_typography-font-family);--awb-caption-title-font-weight:var(--h2_typography-font-weight);--awb-caption-title-font-style:var(--h2_typography-font-style);--awb-caption-title-size:var(--h2_typography-font-size);--awb-caption-title-transform:var(--h2_typography-text-transform);--awb-caption-title-line-height:var(--h2_typography-line-height);--awb-caption-title-letter-spacing:var(--h2_typography-letter-spacing);\"><span class=\" fusion-imageframe imageframe-none imageframe-1 hover-type-none\"><img decoding=\"async\" width=\"300\" height=\"300\" title=\"Zeichenfla\u0308che 1@0.5x\" src=\"https:\/\/prokulturgut.net\/monte-alegre\/wp-content\/uploads\/sites\/6\/2020\/02\/Zeichenfla\u0308che-1@0.5x-1-300x300.png\" alt class=\"img-responsive wp-image-5777\"\/><\/span><\/div><div class=\"fusion-section-separator section-separator triangle fusion-section-separator-1\" style=\"--awb-border-top:1px solid #f6f6f6;--awb-spacer-height:1px;--awb-svg-margin-left:3.8399999999999%;--awb-svg-margin-right:5.76%;--awb-svg-margin-left-medium:3.8399999999999%;--awb-svg-margin-right-medium:5.76%;--awb-svg-margin-left-small:1.92%;--awb-svg-margin-right-small:1.92%;--awb-icon-color:#ffffff;\"><div class=\"fusion-section-separator-svg\"><div class=\"divider-candy-arrow top\" style=\"bottom:0px;border-bottom-color: #f6f6f6;\"><\/div><div class=\"divider-candy top\" style=\"top:-21px;border-bottom:1px solid #f6f6f6;border-left:1px solid #f6f6f6;\"><\/div><\/div><div class=\"fusion-section-separator-spacer\"><div class=\"fusion-section-separator-spacer-height\"><\/div><\/div><\/div><div class=\"fusion-text fusion-text-2\"><p>Unsere<strong> Kurse <\/strong>finden bis zur<strong> Fertigstellung<\/strong> des Projektes in unseren <strong>Schulungsr\u00e4umen<\/strong> im <strong>Zentrum <a href=\"https:\/\/espacioconviven.org\/\">ConViven<\/a><\/strong> statt.<strong><br \/>\n<\/strong><\/p>\n<\/div><div class=\"fusion-image-element \" style=\"--awb-caption-title-font-family:var(--h2_typography-font-family);--awb-caption-title-font-weight:var(--h2_typography-font-weight);--awb-caption-title-font-style:var(--h2_typography-font-style);--awb-caption-title-size:var(--h2_typography-font-size);--awb-caption-title-transform:var(--h2_typography-text-transform);--awb-caption-title-line-height:var(--h2_typography-line-height);--awb-caption-title-letter-spacing:var(--h2_typography-letter-spacing);\"><span class=\" fusion-imageframe imageframe-none imageframe-2 hover-type-none\"><a class=\"fusion-no-lightbox\" href=\"https:\/\/espacioconviven.org\/\" target=\"_self\" aria-label=\"LOGO-HORIZONTAL-PARA-WEB-01\"><img decoding=\"async\" width=\"300\" height=\"66\" src=\"https:\/\/prokulturgut.net\/monte-alegre\/wp-content\/uploads\/sites\/6\/2020\/08\/LOGO-HORIZONTAL-PARA-WEB-01-300x66.png\" alt class=\"img-responsive wp-image-5809\"\/><\/a><\/span><\/div><div class=\"fusion-section-separator section-separator triangle fusion-section-separator-2\" style=\"--awb-border-top:1px solid #f6f6f6;--awb-spacer-height:1px;--awb-svg-margin-left:3.8399999999999%;--awb-svg-margin-right:5.76%;--awb-svg-margin-left-medium:3.8399999999999%;--awb-svg-margin-right-medium:5.76%;--awb-svg-margin-left-small:1.92%;--awb-svg-margin-right-small:1.92%;--awb-icon-color:#ffffff;\"><div class=\"fusion-section-separator-svg\"><div class=\"divider-candy-arrow top\" style=\"bottom:0px;border-bottom-color: #f6f6f6;\"><\/div><div class=\"divider-candy top\" style=\"top:-21px;border-bottom:1px solid #f6f6f6;border-left:1px solid #f6f6f6;\"><\/div><\/div><div class=\"fusion-section-separator-spacer\"><div class=\"fusion-section-separator-spacer-height\"><\/div><\/div><\/div><div class=\"fusion-text fusion-text-3\"><p>Partnerverein (\u00d6kologische Jugend- und Bildungsarbeit)<\/p>\n<\/div><div class=\"fusion-image-element \" style=\"--awb-caption-title-font-family:var(--h2_typography-font-family);--awb-caption-title-font-weight:var(--h2_typography-font-weight);--awb-caption-title-font-style:var(--h2_typography-font-style);--awb-caption-title-size:var(--h2_typography-font-size);--awb-caption-title-transform:var(--h2_typography-text-transform);--awb-caption-title-line-height:var(--h2_typography-line-height);--awb-caption-title-letter-spacing:var(--h2_typography-letter-spacing);\"><span class=\" fusion-imageframe imageframe-none imageframe-3 hover-type-none\"><a class=\"fusion-no-lightbox\" href=\"www.semillamontealegre.org\" target=\"_blank\" aria-label=\"marca semilla\" rel=\"noopener noreferrer\"><img decoding=\"async\" width=\"300\" height=\"190\" src=\"https:\/\/prokulturgut.net\/monte-alegre\/wp-content\/uploads\/sites\/6\/2020\/08\/marca-semilla-300x190.png\" alt class=\"img-responsive wp-image-5812\"\/><\/a><\/span><\/div><div class=\"fusion-section-separator section-separator triangle fusion-section-separator-3\" style=\"--awb-border-top:1px solid #f6f6f6;--awb-spacer-height:1px;--awb-svg-margin-left:3.8399999999999%;--awb-svg-margin-right:5.76%;--awb-svg-margin-left-medium:3.8399999999999%;--awb-svg-margin-right-medium:5.76%;--awb-svg-margin-left-small:1.92%;--awb-svg-margin-right-small:1.92%;--awb-icon-color:#ffffff;\"><div class=\"fusion-section-separator-svg\"><div class=\"divider-candy-arrow top\" style=\"bottom:0px;border-bottom-color: #f6f6f6;\"><\/div><div class=\"divider-candy top\" style=\"top:-21px;border-bottom:1px solid #f6f6f6;border-left:1px solid #f6f6f6;\"><\/div><\/div><div class=\"fusion-section-separator-spacer\"><div class=\"fusion-section-separator-spacer-height\"><\/div><\/div><\/div><div class=\"fusion-text fusion-text-4\"><p><strong>Freiwillig, Work-Away, Praktika<\/strong> &#8211; in Permakultur, Projektmanagement und PR \/ Marketing<br \/>\nWir freuen uns auf Dich! Schick eine Nachricht oder ruf an f\u00fcr mehr Info 0049 151 41479643<\/p>\n<\/div><div class=\"fusion-section-separator section-separator triangle fusion-section-separator-4\" style=\"--awb-border-top:1px solid #f6f6f6;--awb-spacer-height:1px;--awb-svg-margin-left:3.8399999999999%;--awb-svg-margin-right:5.76%;--awb-svg-margin-left-medium:3.8399999999999%;--awb-svg-margin-right-medium:5.76%;--awb-svg-margin-left-small:1.92%;--awb-svg-margin-right-small:1.92%;--awb-icon-color:#ffffff;\"><div class=\"fusion-section-separator-svg\"><div class=\"divider-candy-arrow top\" style=\"bottom:0px;border-bottom-color: #f6f6f6;\"><\/div><div class=\"divider-candy top\" style=\"top:-21px;border-bottom:1px solid #f6f6f6;border-left:1px solid #f6f6f6;\"><\/div><\/div><div class=\"fusion-section-separator-spacer\"><div class=\"fusion-section-separator-spacer-height\"><\/div><\/div><\/div><div class=\"fusion-blog-shortcode fusion-blog-shortcode-1 fusion-blog-archive fusion-blog-layout-large fusion-blog-pagination\"><div class=\"fusion-posts-container fusion-posts-container-pagination fusion-blog-rollover\" data-pages=\"1\"><article id=\"blog-1-post-5765\" class=\"fusion-post-large post-5765 post type-post status-publish format-standard has-post-thumbnail hentry category-events-de\">\n\t<style type=\"text\/css\">\n\t\t\n\t\t\n\t\t\n\t\t\n\t\t\t<\/style>\n\n\n\t\t\t<div class=\"fusion-flexslider flexslider fusion-flexslider-loading fusion-post-slideshow\" style=\"\">\n\t\t<ul class=\"slides\">\n\t\t\t\n\t\t\t\t\t\t\t\t\t\t\t\t\t\t<li><div  class=\"fusion-image-wrapper\" aria-haspopup=\"true\">\n\t\t\t\t<img width=\"4032\" height=\"2268\" src=\"https:\/\/prokulturgut.net\/monte-alegre\/wp-content\/uploads\/sites\/6\/2020\/02\/20191117_105506.jpg\" class=\"attachment-full size-full wp-post-image\" alt=\"\" decoding=\"async\" \/><div class=\"fusion-rollover\">\n\t<div class=\"fusion-rollover-content\">\n\n\t\t\t\t\t\t\t\t\t\t\t\t\t\t<a class=\"fusion-rollover-link\" href=\"https:\/\/prokulturgut.net\/monte-alegre\/neue-ganzheitliche-formation-permakultur-projektleitung-medien\/\">Neue ganzheitliche Formation: Permakultur \/ Projektleitung \/ Medien<\/a>\n\t\t\t\n\t\t\t\t\t\t\t\t\t\t\t\t\t\t\n\t\t\t\t\t\t\t\t\n\t\t\t\t\t\t\t\t\t\t\t\t\t<div class=\"fusion-rollover-sep\"><\/div>\n\t\t\t\t\n\t\t\t\t\t\t\t\t\t\t\t\t\t\t\t\t\t\t<a class=\"fusion-rollover-gallery\" href=\"https:\/\/prokulturgut.net\/monte-alegre\/wp-content\/uploads\/sites\/6\/2020\/02\/20191117_105506.jpg\" data-options=\"\" data-id=\"5765\" data-rel=\"iLightbox[gallery]\" data-title=\"20191117_105506\" data-caption=\"\">\n\t\t\t\t\t\tGallery\t\t\t\t\t<\/a>\n\t\t\t\t\t\t\t\t\t\t\t\t\t\t\n\t\t\n\t\t\t\t\t\t\t\t\t\t\t\t<h4 class=\"fusion-rollover-title\">\n\t\t\t\t\t<a class=\"fusion-rollover-title-link\" href=\"https:\/\/prokulturgut.net\/monte-alegre\/neue-ganzheitliche-formation-permakultur-projektleitung-medien\/\">\n\t\t\t\t\t\tNeue ganzheitliche Formation: Permakultur \/ Projektleitung \/ Medien\t\t\t\t\t<\/a>\n\t\t\t\t<\/h4>\n\t\t\t\n\t\t\t\t\t\t\t\t\t\t<div class=\"fusion-rollover-categories\"><a href=\"https:\/\/prokulturgut.net\/monte-alegre\/category\/events-de\/\" rel=\"tag\">Events<\/a><\/div>\t\t\t\t\t\n\t\t\n\t\t\t\t\t\t<a class=\"fusion-link-wrapper\" href=\"https:\/\/prokulturgut.net\/monte-alegre\/neue-ganzheitliche-formation-permakultur-projektleitung-medien\/\" aria-label=\"Neue ganzheitliche Formation: Permakultur \/ Projektleitung \/ Medien\"><\/a>\n\t<\/div>\n<\/div>\n<\/div>\n<\/li>\n\t\t\t\n\t\t\t\n\t\t\t\t\t\t\t\t\t\t\t\t\t\t\t\t\t\t\t\t\t\t\t\t\t\t\t\t\t\t\t\t\t\t\t\t\t\t\t\t\t\t\t\t\t\t\t\t\t\t\t\t\t\t\t\t\t\t\t\t\t\t\t\t\t\t\t\t<\/ul>\n\t<\/div>\n\t<div class=\"fusion-post-content post-content\"><h2 class=\"blog-shortcode-post-title entry-title\"><a href=\"https:\/\/prokulturgut.net\/monte-alegre\/neue-ganzheitliche-formation-permakultur-projektleitung-medien\/\">Neue ganzheitliche Formation: Permakultur \/ Projektleitung \/ Medien<\/a><\/h2><div class=\"fusion-post-content-container\"><p>Wir freuen uns auf neue Bildungsprojekte im Projekt Monte Alegre und laden herzlich ein! Ab Anfang M\u00e4rz bieten wir in Alcaucin, Malaga - auf MonteAlegre.eu - mit der Akademie der Kulturen NRW kostenlose 6-monatige ESF [...]<\/p><\/div><\/div><div class=\"fusion-clearfix\"><\/div><div class=\"fusion-meta-info\"><div class=\"fusion-alignleft\">By <span class=\"vcard\"><span class=\"fn\"><a href=\"https:\/\/prokulturgut.net\/monte-alegre\/author\/danielstocker\/\" title=\"Posts by danielstocker\" rel=\"author\">danielstocker<\/a><\/span><\/span><span class=\"fusion-inline-sep\">|<\/span><span class=\"updated\" style=\"display:none;\">2022-10-19T16:55:15+02:00<\/span><span>February 7th, 2020<\/span><span class=\"fusion-inline-sep\">|<\/span>Categories: <a href=\"https:\/\/prokulturgut.net\/monte-alegre\/category\/events-de\/\" rel=\"category tag\">Events<\/a><span class=\"fusion-inline-sep\">|<\/span><span class=\"fusion-comments\"><a href=\"https:\/\/prokulturgut.net\/monte-alegre\/neue-ganzheitliche-formation-permakultur-projektleitung-medien\/#respond\">0 Comments<\/a><\/span><\/div><div class=\"fusion-alignright\"><a class=\"fusion-read-more\" href=\"https:\/\/prokulturgut.net\/monte-alegre\/neue-ganzheitliche-formation-permakultur-projektleitung-medien\/\" aria-label=\"More on Neue ganzheitliche Formation: Permakultur \/ Projektleitung \/ Medien\">Read More<\/a><\/div><\/div><\/article>\n<\/div><\/div><div class=\"fusion-section-separator section-separator triangle fusion-section-separator-5\" style=\"--awb-border-top:1px solid #f6f6f6;--awb-spacer-height:1px;--awb-svg-margin-left:3.8399999999999%;--awb-svg-margin-right:5.76%;--awb-svg-margin-left-medium:3.8399999999999%;--awb-svg-margin-right-medium:5.76%;--awb-svg-margin-left-small:1.92%;--awb-svg-margin-right-small:1.92%;--awb-icon-color:#ffffff;\"><div class=\"fusion-section-separator-svg\"><div class=\"divider-candy-arrow top\" style=\"bottom:0px;border-bottom-color: #f6f6f6;\"><\/div><div class=\"divider-candy top\" style=\"top:-21px;border-bottom:1px solid #f6f6f6;border-left:1px solid #f6f6f6;\"><\/div><\/div><div class=\"fusion-section-separator-spacer\"><div class=\"fusion-section-separator-spacer-height\"><\/div><\/div><\/div><div class=\"fusion-text fusion-text-5\"><p>Um aktuelle Updates \u00fcber Monte Alegre zu empfangen, laden wir Sie ein, unseren Newsletter zu abonnieren:<\/p>\n<h3>\u261e <a href=\"http:\/\/eepurl.com\/dv3P99\" target=\"_blank\" rel=\"noopener noreferrer\">Monte Alegre \u2013 Newsletter<\/a> \u261c<\/h3>\n<\/div><div class=\"fusion-text fusion-text-6\"><h3>Hier der aktuelle Monte Alegre Flyer:<\/h3>\n<p><a href=\"http:\/\/prokulturgut.net\/monte-alegre\/wp-content\/uploads\/sites\/6\/2016\/05\/160509-A-MonteAlegre_flyer-web.pdf\" rel=\"attachment wp-att-1171\"><img decoding=\"async\" class=\"size-medium wp-image-1171 alignnone\" src=\"http:\/\/prokulturgut.net\/monte-alegre\/wp-content\/uploads\/sites\/6\/2015\/08\/Bildschirmfoto-2016-05-10-um-13.22.10-141x300.png\" alt=\"Flyer Monte Alegre 160509\" width=\"141\" height=\"300\" srcset=\"https:\/\/prokulturgut.net\/monte-alegre\/wp-content\/uploads\/sites\/6\/2015\/08\/Bildschirmfoto-2016-05-10-um-13.22.10-141x300.png 141w, https:\/\/prokulturgut.net\/monte-alegre\/wp-content\/uploads\/sites\/6\/2015\/08\/Bildschirmfoto-2016-05-10-um-13.22.10-482x1024.png 482w, https:\/\/prokulturgut.net\/monte-alegre\/wp-content\/uploads\/sites\/6\/2015\/08\/Bildschirmfoto-2016-05-10-um-13.22.10.png 608w\" sizes=\"(max-width: 141px) 100vw, 141px\" \/><\/a><\/p>\n<\/div><div class=\"fusion-separator fusion-full-width-sep\" style=\"align-self: center;margin-left: auto;margin-right: auto;margin-top:10px;margin-bottom:10px;width:100%;\"><\/div><div class=\"fusion-text fusion-text-7\"><p><a href=\"http:\/\/www.videomediterraneo.it\/news\/attualita\/4795-marina-di-ragusa-il-maestro-indiano-nayeem-per-la-prima-volta-in-sicilia.html\" target=\"_blank\" rel=\"noopener noreferrer\">VIDEO MEDITERRANEO &gt; NAYEEM KHAN in SICILIA\/Italy<\/a><br \/>\nMarina di Ragusa: Il maestro indiano Nayeem per la prima volta in Sicilia &#8211; Video Mediterraneo<br \/>\n<a href=\"http:\/\/www.videomediterraneo.it\/news\/attualita\/4795-marina-di-ragusa-il-maestro-indiano-nayeem-per-la-prima-volta-in-sicilia.html\"><br \/>\n<\/a><\/p>\n<\/div><div class=\"fusion-video fusion-youtube\" style=\"--awb-max-width:px;--awb-max-height:px;\"><div class=\"video-shortcode\"><iframe title=\"YouTube video player 1\" src=\"https:\/\/www.youtube.com\/embed\/Ux5SwQVftLo?wmode=transparent&autoplay=0&oida=1\" width=\"\" height=\"\" allowfullscreen allow=\"autoplay; clipboard-write; encrypted-media; gyroscope; picture-in-picture;\"><\/iframe><\/div><\/div><div class=\"fusion-video fusion-youtube\" style=\"--awb-max-width:px;--awb-max-height:px;\"><div class=\"video-shortcode\"><iframe title=\"YouTube video player 2\" src=\"https:\/\/www.youtube.com\/embed\/a160bQtGKPI?wmode=transparent&autoplay=0&oida=1\" width=\"\" height=\"\" allowfullscreen allow=\"autoplay; clipboard-write; encrypted-media; gyroscope; picture-in-picture;\"><\/iframe><\/div><\/div><div class=\"fusion-separator fusion-full-width-sep\" style=\"align-self: center;margin-left: auto;margin-right: auto;margin-top:10px;margin-bottom:10px;width:100%;\"><\/div><div class=\"fusion-image-carousel fusion-image-carousel-fixed fusion-image-carousel-1 lightbox-enabled\"><div class=\"awb-carousel awb-swiper awb-swiper-carousel awb-swiper-dots-position-bottom awb-carousel--carousel\" data-layout=\"carousel\" data-autoplay=\"yes\" data-autoplayspeed=\"2500\" data-autoplaypause=\"no\" data-columns=\"5\" data-itemmargin=\"13\" data-itemwidth=\"180\" data-touchscroll=\"no\" data-freemode=\"no\" data-imagesize=\"fixed\" data-scrollitems=\"0\" data-centeredslides=\"no\" data-rotationangle=\"50\" data-depth=\"100\" data-speed=\"500\" data-shadow=\"no\"><div class=\"swiper-wrapper awb-image-carousel-wrapper fusion-flex-align-items-center\"><div class=\"swiper-slide\"><div class=\"fusion-carousel-item-wrapper\"><div class=\"fusion-image-wrapper hover-type-none\"><a data-rel=\"iLightbox[image_carousel_1]\" href=\"http:\/\/prokulturgut.net\/monte-alegre\/wp-content\/uploads\/sites\/6\/2015\/08\/Stupa1.jpg\" target=\"_self\"><img src=\"http:\/\/prokulturgut.net\/monte-alegre\/wp-content\/uploads\/sites\/6\/2015\/08\/Stupa1.jpg\" alt=\"\"\/><\/a><\/div><\/div><\/div><div class=\"swiper-slide\"><div class=\"fusion-carousel-item-wrapper\"><div class=\"fusion-image-wrapper hover-type-none\"><a data-rel=\"iLightbox[image_carousel_1]\" href=\"http:\/\/prokulturgut.net\/monte-alegre\/wp-content\/uploads\/sites\/6\/2015\/08\/JessicaGrenada1.jpg\" target=\"_self\"><img src=\"http:\/\/prokulturgut.net\/monte-alegre\/wp-content\/uploads\/sites\/6\/2015\/08\/JessicaGrenada1.jpg\" alt=\"\"\/><\/a><\/div><\/div><\/div><div class=\"swiper-slide\"><div class=\"fusion-carousel-item-wrapper\"><div class=\"fusion-image-wrapper hover-type-none\"><a data-rel=\"iLightbox[image_carousel_1]\" href=\"http:\/\/prokulturgut.net\/monte-alegre\/wp-content\/uploads\/sites\/6\/2015\/08\/IMG_75751-1024x682.jpg\" target=\"_self\"><img src=\"http:\/\/prokulturgut.net\/monte-alegre\/wp-content\/uploads\/sites\/6\/2015\/08\/IMG_75751-1024x682.jpg\" alt=\"\"\/><\/a><\/div><\/div><\/div><div class=\"swiper-slide\"><div class=\"fusion-carousel-item-wrapper\"><div class=\"fusion-image-wrapper hover-type-none\"><a data-rel=\"iLightbox[image_carousel_1]\" href=\"http:\/\/prokulturgut.net\/monte-alegre\/wp-content\/uploads\/sites\/6\/2015\/08\/Flower-Scene1.jpg\" target=\"_self\"><img src=\"http:\/\/prokulturgut.net\/monte-alegre\/wp-content\/uploads\/sites\/6\/2015\/08\/Flower-Scene1.jpg\" alt=\"\"\/><\/a><\/div><\/div><\/div><\/div><div class=\"awb-swiper-button awb-swiper-button-prev\"><i class=\"awb-icon-angle-left\" aria-hidden=\"true\"><\/i><\/div><div class=\"awb-swiper-button awb-swiper-button-next\"><i class=\"awb-icon-angle-right\" aria-hidden=\"true\"><\/i><\/div><\/div><\/div><div class=\"fusion-separator fusion-full-width-sep\" style=\"align-self: center;margin-left: auto;margin-right: auto;margin-top:10px;width:100%;\"><\/div><div class=\"fusion-text fusion-text-8\"><p><a title=\"zur Website World Music Evolution\" href=\"http:\/\/worldmusicevolution.net\"><img decoding=\"async\" src=\"http:\/\/prokulturgut.net\/worldmusicevolution\/wp-content\/uploads\/sites\/2\/2016\/08\/WME_Banner.jpg\" alt=\"zur Website World Music Evolution\" \/><\/a><\/p>\n<\/div><\/div><\/div><div class=\"fusion-layout-column fusion_builder_column fusion-builder-column-2 fusion_builder_column_1_1 1_1 fusion-flex-column fusion-flex-align-self-flex-start fusion-column-no-min-height\" style=\"--awb-bg-size:cover;--awb-width-large:100%;--awb-margin-top-large:0px;--awb-spacing-right-large:1.92%;--awb-margin-bottom-large:0px;--awb-spacing-left-large:1.92%;--awb-width-medium:100%;--awb-spacing-right-medium:1.92%;--awb-spacing-left-medium:1.92%;--awb-width-small:100%;--awb-spacing-right-small:1.92%;--awb-spacing-left-small:1.92%;\"><div class=\"fusion-column-wrapper fusion-flex-justify-content-flex-start fusion-content-layout-column\"><div class=\"fusion-reading-box-container reading-box-container-1\" style=\"--awb-title-color:#4f3302;--awb-margin-top:0px;--awb-margin-bottom:20px;\"><div class=\"reading-box\" style=\"background-color:#f6f6f6;border-width:1px;border-color:#f6f6f6;border-top-width:3px;border-top-color:var(--primary_color);border-style:solid;\"><div class=\"fusion-reading-box-flex\"><\/div><\/div><\/div><\/div><\/div><\/div><\/div>\n","protected":false},"excerpt":{"rendered":"","protected":false},"author":2,"featured_media":0,"parent":0,"menu_order":77,"comment_status":"closed","ping_status":"closed","template":"","meta":[],"_links":{"self":[{"href":"https:\/\/prokulturgut.net\/monte-alegre\/wp-json\/wp\/v2\/pages\/839"}],"collection":[{"href":"https:\/\/prokulturgut.net\/monte-alegre\/wp-json\/wp\/v2\/pages"}],"about":[{"href":"https:\/\/prokulturgut.net\/monte-alegre\/wp-json\/wp\/v2\/types\/page"}],"author":[{"embeddable":true,"href":"https:\/\/prokulturgut.net\/monte-alegre\/wp-json\/wp\/v2\/users\/2"}],"replies":[{"embeddable":true,"href":"https:\/\/prokulturgut.net\/monte-alegre\/wp-json\/wp\/v2\/comments?post=839"}],"version-history":[{"count":152,"href":"https:\/\/prokulturgut.net\/monte-alegre\/wp-json\/wp\/v2\/pages\/839\/revisions"}],"predecessor-version":[{"id":5852,"href":"https:\/\/prokulturgut.net\/monte-alegre\/wp-json\/wp\/v2\/pages\/839\/revisions\/5852"}],"wp:attachment":[{"href":"https:\/\/prokulturgut.net\/monte-alegre\/wp-json\/wp\/v2\/media?parent=839"}],"curies":[{"name":"wp","href":"https:\/\/api.w.org\/{rel}","templated":true}]}}