{"id":1809,"date":"2015-05-13T13:47:32","date_gmt":"2015-05-13T13:47:32","guid":{"rendered":"http:\/\/worldmusicevolution.net\/?page_id=1809"},"modified":"2022-10-19T16:46:36","modified_gmt":"2022-10-19T14:46:36","slug":"silent-harmonies-im-planetarium-bochum","status":"publish","type":"page","link":"https:\/\/prokulturgut.net\/worldmusicevolution\/silent-harmonies-im-planetarium-bochum\/","title":{"rendered":"Silent Harmonies 2014"},"content":{"rendered":"<header id=\"site-header\">\n<h4><img decoding=\"async\" class=\"alignleft wp-image-4398\" src=\"http:\/\/prokulturgut.net\/worldmusicevolution\/wp-content\/uploads\/sites\/2\/2015\/05\/141212-Silent-Harmonies-im-Planetarium-BO-neu-Web.jpg\" alt=\"141212 Silent Harmonies im Planetarium BO neu Web\" width=\"400\" height=\"565\" srcset=\"https:\/\/prokulturgut.net\/worldmusicevolution\/wp-content\/uploads\/sites\/2\/2015\/05\/141212-Silent-Harmonies-im-Planetarium-BO-neu-Web-283x400.jpg 283w, https:\/\/prokulturgut.net\/worldmusicevolution\/wp-content\/uploads\/sites\/2\/2015\/05\/141212-Silent-Harmonies-im-Planetarium-BO-neu-Web-725x1024.jpg 725w, https:\/\/prokulturgut.net\/worldmusicevolution\/wp-content\/uploads\/sites\/2\/2015\/05\/141212-Silent-Harmonies-im-Planetarium-BO-neu-Web.jpg 1123w\" sizes=\"(max-width: 400px) 100vw, 400px\" \/>Silent Harmonies. Limitless Space \u2013 Open Mind<\/h4>\n<p style=\"text-align: left\">\u00a0\u201eSilent Harmonies\u201c sind die Kl\u00e4nge, die uns in immer wieder neuer Art zum Jahresende in der Planetariumskuppel in die grenzenlose Offenheit entf\u00fchren:\u00a0 Entspannen, tr\u00e4umen, loslassen und Neues zulassen.<\/p>\n<p style=\"text-align: left\">Die Musik entsteht aus dem Jetzt \u2013 in Interaktion mit den fantastischen, bewegten Bildern auf den Reisen durch die Galaxien. Silent Harmonies erzeugen entspannte Momente und schaffen vielf\u00e4ltige, perfekte musikalische Assoziationen zu den faszinierenden Projektionen.<\/p>\n<p style=\"text-align: justify\">Die Klangkombinationen wirken durch den nat\u00fcrlichen Sound akustischer Instrumente. Die indische Bambusfl\u00f6te, der universelle Klangraum des Gongs, gesungene Obert\u00f6ne und Heil-Mantras \u00f6ffnen die Herzen. Begleitet vom einf\u00fchlsamen Spiel des Fl\u00fcgelhorns und der ged\u00e4mpften Trompete leitet uns die Trance eines pulsierenden Percussionsets sanft durch die Weiten des Alls. Zum ersten mal konzertieren die K\u00fcnstler gemeinsam mit dem faszinierenden Tastenk\u00fcnstler Kristian Terzic &#8211; es erwarten uns neue, intensive Klangsp\u00e4ren mit einer ebenso einzigartigen Astro-Show.<\/p>\n<p style=\"text-align: justify\">Lassen Sie sich von der Musik inspirieren und ihrer inneren Vorstellungskraft freien Lauf.<\/p>\n<p style=\"text-align: justify\">Die K\u00fcnstler kommen aus verschiedenen Traditionen: Klassische, indische und westliche Musik, World-Jazz, freie Improvisation und intuitive Musik. Was sie verbindet, ist das Verst\u00e4ndnis der universellen Harmonie und die Zeit f\u00fcr inneren Frieden im Hier und Jetzt. Die Musik erklingt dadurch frisch, eindrucksvoll, inspirierend und in positivem Sinne \u00fcberraschend.<\/p>\n<p style=\"text-align: justify\">Dinesh Mishra, Meisterfl\u00f6tist aus Mumbai &#8211; Bansuri Fl\u00f6ten<br \/>\nRechungpa &#8211; Gong, Klangschalen, Perkussion, Oberton<br \/>\nUlliP &#8211; Percussion, Edmund Held &#8211; Trompete und Fl\u00fcgelhorn<br \/>\nSpecial Guest: Der kroatische Star-Keyboarder Kristian Terzic<\/p>\n<\/header>\n","protected":false},"excerpt":{"rendered":"<p>Silent Harmonies. Limitless Space \u2013 Open Mind \u00a0\u201eSilent Harmonies\u201c sind die Kl\u00e4nge, die uns in immer wieder neuer Art zum Jahresende in der Planetariumskuppel in die grenzenlose Offenheit entf\u00fchren:\u00a0 Entspannen, tr\u00e4umen, loslassen und Neues zulassen. Die Musik entsteht aus dem Jetzt \u2013 in Interaktion mit den fantastischen, bewegten Bildern auf den Reisen durch die Galaxien.  [&#8230;]<\/p>\n","protected":false},"author":2,"featured_media":4398,"parent":0,"menu_order":41,"comment_status":"closed","ping_status":"closed","template":"","meta":[],"_links":{"self":[{"href":"https:\/\/prokulturgut.net\/worldmusicevolution\/wp-json\/wp\/v2\/pages\/1809"}],"collection":[{"href":"https:\/\/prokulturgut.net\/worldmusicevolution\/wp-json\/wp\/v2\/pages"}],"about":[{"href":"https:\/\/prokulturgut.net\/worldmusicevolution\/wp-json\/wp\/v2\/types\/page"}],"author":[{"embeddable":true,"href":"https:\/\/prokulturgut.net\/worldmusicevolution\/wp-json\/wp\/v2\/users\/2"}],"replies":[{"embeddable":true,"href":"https:\/\/prokulturgut.net\/worldmusicevolution\/wp-json\/wp\/v2\/comments?post=1809"}],"version-history":[{"count":3,"href":"https:\/\/prokulturgut.net\/worldmusicevolution\/wp-json\/wp\/v2\/pages\/1809\/revisions"}],"predecessor-version":[{"id":4399,"href":"https:\/\/prokulturgut.net\/worldmusicevolution\/wp-json\/wp\/v2\/pages\/1809\/revisions\/4399"}],"wp:featuredmedia":[{"embeddable":true,"href":"https:\/\/prokulturgut.net\/worldmusicevolution\/wp-json\/wp\/v2\/media\/4398"}],"wp:attachment":[{"href":"https:\/\/prokulturgut.net\/worldmusicevolution\/wp-json\/wp\/v2\/media?parent=1809"}],"curies":[{"name":"wp","href":"https:\/\/api.w.org\/{rel}","templated":true}]}}