{"id":2407,"date":"2015-06-08T17:38:32","date_gmt":"2015-06-08T17:38:32","guid":{"rendered":"http:\/\/worldmusicevolution.net\/?page_id=2407"},"modified":"2016-01-05T11:30:33","modified_gmt":"2016-01-05T10:30:33","slug":"tarife-fuer-workshops-und-einzelunterricht","status":"publish","type":"page","link":"https:\/\/prokulturgut.net\/worldmusicevolution\/tarife-fuer-workshops-und-einzelunterricht\/","title":{"rendered":"Tarife f\u00fcr Workshops und Einzelunterricht"},"content":{"rendered":"<h3>Einzelunterricht &#8211; auch zu zweit m\u00f6glich<\/h3>\n<p>30,- euro \/ Uh<\/p>\n<h3>Fachkongress f\u00fcr Profis aller Berufsgruppen<\/h3>\n<p>1000,- euro \/ 40 Uh<\/p>\n<h3>Workshops<\/h3>\n<p>19,00\u00a0euro \/ Uh\u00a0&#8211;\u00a0bei mindestens\u00a05 Teilnehmern &#8211; Info zur jeweiligen Workshopdauer siehe Programm<\/p>\n<h3>M\u00f6gliche individuelle F\u00f6rderungen und Sonderregelungen<\/h3>\n<ul>\n<li>Vereinbarungen f\u00fcr Kleingruppen<\/li>\n<li>Erm\u00e4\u00dfigungen aus sozialen Gr\u00fcnden<\/li>\n<li><span style=\"color: #ff0000\"><a style=\"color: #ff0000\" href=\"http:\/\/prokulturgut.net\/bildung\/bildungsfoerderung\/\" target=\"_blank\">F\u00f6rdermittel bis 50% der Kosten \u00fcber Bildungsscheck und Bildungsp\u00e4mie<\/a><\/span><\/li>\n<li><span style=\"color: #ff0000\"><a style=\"color: #ff0000\" href=\"http:\/\/prokulturgut.net\/worldmusicevolution\/foerdermoeglichkeiten\/\" target=\"_blank\">Stipendium von Prokulturgut.net e.V.<\/a><\/span><\/li>\n<\/ul>\n<h4><\/h4>\n<h3>Weitergehende Info und Anmeldung:\u00a0Akademie der Kulturen NRW<\/h3>\n<p>akademie@prokulturgut.net<\/p>\n<p>fon 0234 95068304<\/p>\n","protected":false},"excerpt":{"rendered":"<p>Einzelunterricht &#8211; auch zu zweit m\u00f6glich 30,- euro \/ Uh Fachkongress f\u00fcr Profis aller Berufsgruppen 1000,- euro \/ 40 Uh Workshops 19,00\u00a0euro \/ Uh\u00a0&#8211;\u00a0bei mindestens\u00a05 Teilnehmern &#8211; Info zur jeweiligen Workshopdauer siehe Programm M\u00f6gliche individuelle F\u00f6rderungen und Sonderregelungen Vereinbarungen f\u00fcr Kleingruppen Erm\u00e4\u00dfigungen aus sozialen Gr\u00fcnden F\u00f6rdermittel bis 50% der Kosten \u00fcber Bildungsscheck und Bildungsp\u00e4mie Stipendium  [&#8230;]<\/p>\n","protected":false},"author":2,"featured_media":0,"parent":0,"menu_order":47,"comment_status":"closed","ping_status":"closed","template":"","meta":[],"_links":{"self":[{"href":"https:\/\/prokulturgut.net\/worldmusicevolution\/wp-json\/wp\/v2\/pages\/2407"}],"collection":[{"href":"https:\/\/prokulturgut.net\/worldmusicevolution\/wp-json\/wp\/v2\/pages"}],"about":[{"href":"https:\/\/prokulturgut.net\/worldmusicevolution\/wp-json\/wp\/v2\/types\/page"}],"author":[{"embeddable":true,"href":"https:\/\/prokulturgut.net\/worldmusicevolution\/wp-json\/wp\/v2\/users\/2"}],"replies":[{"embeddable":true,"href":"https:\/\/prokulturgut.net\/worldmusicevolution\/wp-json\/wp\/v2\/comments?post=2407"}],"version-history":[{"count":10,"href":"https:\/\/prokulturgut.net\/worldmusicevolution\/wp-json\/wp\/v2\/pages\/2407\/revisions"}],"predecessor-version":[{"id":6392,"href":"https:\/\/prokulturgut.net\/worldmusicevolution\/wp-json\/wp\/v2\/pages\/2407\/revisions\/6392"}],"wp:attachment":[{"href":"https:\/\/prokulturgut.net\/worldmusicevolution\/wp-json\/wp\/v2\/media?parent=2407"}],"curies":[{"name":"wp","href":"https:\/\/api.w.org\/{rel}","templated":true}]}}