{"id":2749,"date":"2015-06-22T14:33:02","date_gmt":"2015-06-22T12:33:02","guid":{"rendered":"http:\/\/prokulturgut.net\/worldmusicevolution\/?page_id=2749"},"modified":"2025-10-23T11:14:28","modified_gmt":"2025-10-23T09:14:28","slug":"startseite","status":"publish","type":"page","link":"https:\/\/prokulturgut.net\/worldmusicevolution\/startseite\/","title":{"rendered":"Startseite World Music Evolution &#8211; Weltmusik | Fusion NRW"},"content":{"rendered":"<div class=\"fusion-fullwidth fullwidth-box fusion-builder-row-1 fusion-flex-container hundred-percent-fullwidth non-hundred-percent-height-scrolling\" style=\"--awb-border-radius-top-left:0px;--awb-border-radius-top-right:0px;--awb-border-radius-bottom-right:0px;--awb-border-radius-bottom-left:0px;--awb-overflow:visible;--awb-padding-right:30px;--awb-padding-left:30px;--awb-flex-wrap:wrap;\" ><div class=\"fusion-builder-row fusion-row fusion-flex-align-items-flex-start fusion-flex-content-wrap\" style=\"width:104% !important;max-width:104% !important;margin-left: calc(-4% \/ 2 );margin-right: calc(-4% \/ 2 );\"><div class=\"fusion-layout-column fusion_builder_column fusion-builder-column-0 fusion_builder_column_1_2 1_2 fusion-flex-column\" style=\"--awb-bg-blend:overlay;--awb-bg-size:cover;--awb-width-large:50%;--awb-margin-top-large:0px;--awb-spacing-right-large:3.84%;--awb-margin-bottom-large:20px;--awb-spacing-left-large:3.84%;--awb-width-medium:50%;--awb-spacing-right-medium:3.84%;--awb-spacing-left-medium:3.84%;--awb-width-small:100%;--awb-spacing-right-small:1.92%;--awb-spacing-left-small:1.92%;\"><div class=\"fusion-column-wrapper fusion-flex-justify-content-flex-start fusion-content-layout-column\"><div class=\"fusion-separator fusion-full-width-sep\" style=\"align-self: center;margin-left: auto;margin-right: auto;margin-bottom:20px;width:100%;\"><\/div><div class=\"fusion-text fusion-text-1\"><p><b>THE POSITIVE CREATIVE WORLD Ensemble<\/b><b><\/b><\/p>\n<p><b>FUSION WORLD MUSIC<\/b><\/p>\n<p><b>\u2013 Happy \u2013 Animating \u2013 Mindful \u2013 Relaxing \u2026 and always fresh ideas<\/b><\/p>\n<p><b>From CHILLY JOURNEYS to MANTRA POP<\/b><\/p>\n<p><b>\u2013 Intuitive Musik f\u00fcr Freude, Freundschaft und Entwicklung<\/b><\/p>\n<p>Zarte und kraftvolle, belebende und groovende Rhythmen \u00b7 aufbauende, ber\u00fchrende und mitrei\u00dfende Kl\u00e4nge \u00b7 Mantras und sinnige Texte \u2026 eine genre-\u00fcbergreifende Fusion der Musik der Kulturen. \u2013 F\u00fcr K\u00fcnstler und Publikum bedeutet dies: Mitschwingen, Energie tanken, entspannen, Ideen entwickeln und neue Impulse mit in den pers\u00f6nlichen Alltag nehmen.<\/p>\n<p>Intuitive Musik und Instant Composings in Verbindung mit komponierten Elementen und assoziativen Themen sind die Spezialit\u00e4t dieser au\u00dfergew\u00f6hnlichen Gruppe. Die Musiker erforschen immer wieder neue, frische Ausdrucksm\u00f6glichkeiten ihrer archaischen und modernen, akustischen und elektronischen Instrumenten und finden Perfektion in harmonischem Zusammenspiel. Die Art und Konzeption des interkulturellen Fusion-Ensembles ist nicht nur in NRW einzigartig.<\/p>\n<p>Die K\u00fcnstler entwickeln, in wechselnden Zusammenstellungen und mit immer wieder neuen musikalischen Begegnungen, die universale Sprache der Musik gemeinsam weiter \u2013 jede Vorstellung wird zu einem einzigartigen Erlebnis. Positive Energie mit Musik in die Welt bringen und f\u00fcr Kommunikation, Friedensarbeit und pers\u00f6nliches Wachstum einzusetzen ist die Idee &#8211; mit Freude am Spiel, gemeinsamer Kreativit\u00e4t und Kontakt mit dem Publikum.<\/p>\n<p>Seit 2007 begeistert das THE POSITIVE CREATIVE WORLD ENSEMBLE sein Publikum regional, national, z.B. Planetarium Bochum, Ruhrstadt-Festival 2012\/13\/15, Kulturzentren im Ruhrgebiet, Indische Botschaft Berlin, sowie im europ\u00e4ischen Ausland, z.B. in Holland, Spanien, in den H\u00f6hlen <i>Cueva de Nerja<\/i> 2013\/14\/16 und B\u00fchnen in der Provinz Malaga, in Kroatien beim Rovinj Musikfestival 2014 sowie 2016 in Pula, Umag und Porec in Istrien (erm\u00f6glicht durch die Exportf\u00f6rderung NRW).<\/p>\n<p>Im internationalen Netzwerk der Weltmusik steht f\u00fcr das TPCW Ensemble, \u00fcber Landesgrenzen hinweg, Kreativit\u00e4t und interkultureller Austausch im Mittelpunkt. Als Teil der Weltmusik-Szene in NRW tr\u00e4gt \u201cThe Positive Creative World\u201d Mitverantwortung f\u00fcr die Verbreitung regionaler Auspr\u00e4gungen von Weltmusik. Als Kulturbotschafter ausgezeichnet, tragen die K\u00fcnstler zum Prozess von Weltmusik-Evolution bei.<\/p>\n<p>Der gro\u00dfe Erfolg des 2016 historisch ersten indisch-deutschen Schul- &amp; Kulturprojektes \u201cSRISHTI\u201d (Sch\u00f6pfung), nicht zuletzt durch Beteiligung von acht Musikern des TPCW Ensembles, f\u00fchrte zu einer ersten \u00a0Einladung nach Indien. Als Kulturbotschafter der NRW-Weltmusikszene und gef\u00f6rdert vom Ministerium f\u00fcr Kultur und Wissenschaft des Landes NRW spielt TPCW in 2017 drei Konzerte in Indien \u2013 in Begegnung und gemeinsam mit bekannten Meistern indischer Musik.<\/p>\n<p><b>Gastspiele und Musiker<\/b><\/p>\n<p>Neue Anfragen f\u00fcr Gastspiele, Konzerte an interessanten Venues und Festivals, sowie an besonderen Orten (z.B. Planetarien, H\u00f6hlen, Naturb\u00fchnen, Kunst-R\u00e4umen) und bei Interesse auch Vorschl\u00e4ge f\u00fcr die Integration regionaler Gastmusiker in die Show sind willkommen.<\/p>\n<p>F\u00fcr jedes Konzert \/ jede Tournee stellt Rechungpa eine repr\u00e4sentative Besetzung von i.d.R. 5-7 Musikern aus dem Pool des Ensembles situationsbezogen zusammen und integriert gern regional bekannte \u201c<b>Special Guests<\/b>\u201d des jeweiligen Gastlandes. Dabei wird auch das lokale Ambiente und das zu erwartende Publikum ber\u00fccksichtigt. So gibt es immer wieder frische Impulse f\u00fcr neue musikalische Kreationen.<\/p>\n<p><strong><span style=\"color: #333399\">Kernteam<\/span><\/strong>, <strong>Mitglieder<\/strong> und <span style=\"color: #993366\"><strong>Special Guests<\/strong><\/span> des <b><i>The Positive Creative World Ensembles:<\/i><\/b><b><i><\/i><\/b><\/p>\n<ul>\n<li><span style=\"color: #ab0e0e\"><b><i>Abbos Kosimov<\/i><\/b><\/span><i>, <\/i>der ph\u00e4nomenale usbekische Doyrameister aus USA<\/li>\n<li><b><i>Afra Mussawisade<\/i><\/b>, der Weltmusik und Jazz Perkussionist aus dem Iran<\/li>\n<li><b><i>Afshin Ghavami<\/i><\/b>, persisch-st\u00e4mmige Bochumer und Flamenco-Gitarrenspieler<\/li>\n<li><b><i>Andreas Heuser<\/i><\/b><i>,<\/i> mit diversen Gitarren, Violinen und Elektronik l\u00e4sst er sph\u00e4rische Klangwolken, orientalisch anmutende Melodien und pulsierende Rhythmen durch den Raum schweben<\/li>\n<li><span style=\"color: #333399\"><b><i>Daniel D\u00fcring<\/i><\/b><\/span>, E-\/Gitarrist bei verschiedenen Weltmusik-Bands<\/li>\n<li><b><i>Dimitri Markitantov<\/i><\/b>, Russland\/NRW, Saxophon<\/li>\n<li><span style=\"color: #ab0e0e\"><b><i>Dinesh Mishra<\/i><\/b><\/span>, international beliebter indischer Meisterfl\u00f6tist an den Bansuris<\/li>\n<li><span style=\"color: #ab0e0e\"><b><i>Dirko Juchem<\/i><\/b><\/span>, der Saxophon- und Beatbox-Fl\u00f6ten-Spezialist<\/li>\n<li><b><i>Edmund Held<\/i><\/b>, Ukraine\/NRW (Trompete &amp; Fl\u00fcgelhorn)<\/li>\n<li><b><i>Eric Peachey<\/i><\/b>, der fr\u00fchere Rockdrummer und heutige Weltmusik-Perkussionist aus London und Malaga<\/li>\n<li><b><i>Gunnar Nesterov<\/i><\/b><i>,\u00a0<\/i>Latin Percussion und Drums<\/li>\n<li><b><i>Hanni Braun<\/i><\/b>, Saxophone<\/li>\n<li><b><i>Ivan Snegur<\/i><\/b>, Gitarrist und Saxophonist aus Kasachstan<\/li>\n<li><b><i>Jamie Olano<\/i><\/b>, Keyboarder mit philippinischen Roots<\/li>\n<li><span style=\"color: #333399\"><b><i>Jens Pollheide<\/i><\/b><\/span>, deutschlandweit beliebter Welt- und Jazzmusiker mit groovendem Bass sowie klassischen und ethnischen Fl\u00f6ten (Embryo \/ Transorient u.a.)<\/li>\n<li><span style=\"color: #333399\"><b><i>Jim Galakti<\/i><\/b>,<\/span> russischer Komponist, Pianist und Trompeter (Tape 5)<\/li>\n<li><b><i>Jho Kaufmann<\/i><\/b>, Piano und Akkordeon<\/li>\n<li><span style=\"color: #ab0e0e\"><b><i>Jorge Pardo<\/i><\/b><\/span>, der vielfach ausgezeichnete spanische Saxophonist und Fl\u00f6tist des Flamenco Jazz<\/li>\n<li><span style=\"color: #ab0e0e\"><b><i>Kilema<\/i><\/b><\/span>, ein faszinierender Multiinstrumentalist aus Madagaskar und Andalusien<\/li>\n<li><span style=\"color: #ab0e0e\"><b><i>Kristian Terzic<\/i><\/b><\/span>, der mehrfach als bester Instrumentalist des Jahres ausgezeichnete Komponist und Pianist aus Rovinj \/ Istrien in Kroatien<\/li>\n<li><b><i>Martin Pauls<\/i><\/b>, excellenter Drummer in Weltmusikbands und TPCW<\/li>\n<li><b><i>Masankho Banda<\/i><\/b><i>,<\/i> aus Malawi, Zentralafrika mit InterPlay, African Dance, Healing &amp; Storytelling<\/li>\n<li><b><i>Nicola Hein<\/i><\/b>, Gitarre<\/li>\n<li><b><i>Nicolas Schwabe<\/i><\/b><i>,<\/i>Querfl\u00f6te<\/li>\n<li><span style=\"color: #ab0e0e\"><b><i>Nippy Noya<\/i><\/b><\/span>, der legend\u00e4re Conga Perkussionist aus Indonesien\/NL<\/li>\n<li><b><i>Paolo Dinuzzi<\/i><\/b><b>,<\/b> Italien\/NRW am Bass<\/li>\n<li><b><i>Paulina Abufhele Meza<\/i><\/b><i>,<\/i> K\u00fcnstlerin aus Chile mit Tanz &amp; Performance<\/li>\n<li><b><i>Patrick Swiatek<\/i><\/b>, Violine<\/li>\n<li><span style=\"color: #ab0e0e\"><b><i>Praful<\/i><\/b><\/span>, Sax n Flutes<\/li>\n<li><span style=\"color: #333399\"><b><i>Rechungpa<\/i><\/b><\/span>, mit Gong, Stimme, Soundscapes und Percussions (Ensembleleiter)<\/li>\n<li><span style=\"color: #ab0e0e\"><b><i>Sandip Bhattarchaya<\/i><\/b><\/span><i>,<\/i> der feinf\u00fchlige Tablameister und Percussionist aus Indien<\/li>\n<li><b><i>Sonnica Yepes<\/i><\/b>, die spanische S\u00e4ngerin und Komponistin<\/li>\n<li><i><b>Stephanie Lepp<\/b>, Silber- und Bambusfl\u00f6ten<\/i><\/li>\n<li><b><i>Stevko Busch<\/i><\/b>, mehrfach ausgezeichneter Jazz- und Improvisationsmusiker am Piano und Komponist aus D\/NL<\/li>\n<li><b><i>Susanne Schulz<\/i><\/b>, Viola und Violine<\/li>\n<li><b><i>Sya Rabstein<\/i><\/b>, Gesang<\/li>\n<li><span style=\"color: #993366\"><b><i>Ustad Hanif Khan<\/i><\/b><\/span>, Meister des Tablaspiels in indischer Filmmusik und Klassik sowie Begleiter des legend\u00e4ren Sarangi-Spielers Ustad Sultan Khan<\/li>\n<li><span style=\"color: #ab0e0e\"><b><i>Vic Anselmo<\/i><\/b><\/span>, die lettische S\u00e4ngerin mit ihrer fantastischen Stimme inspiriert sie das Schaffen der WeltmusikerInnen immer wieder aufs Neue<\/li>\n<li><i><b>Wilfried Schewik<\/b>, \u00a0Keys<\/i><\/li>\n<li><span style=\"color: #ab0e0e\"><b><i>Yonga Sun<\/i><\/b><\/span>, Drummer und Perkussionist mit koreanischen Wurzeln<\/li>\n<\/ul>\n<\/div><\/div><\/div><div class=\"fusion-layout-column fusion_builder_column fusion-builder-column-1 fusion_builder_column_1_2 1_2 fusion-flex-column\" style=\"--awb-bg-blend:overlay;--awb-bg-size:cover;--awb-width-large:50%;--awb-margin-top-large:0px;--awb-spacing-right-large:3.84%;--awb-margin-bottom-large:20px;--awb-spacing-left-large:3.84%;--awb-width-medium:50%;--awb-spacing-right-medium:3.84%;--awb-spacing-left-medium:3.84%;--awb-width-small:100%;--awb-spacing-right-small:1.92%;--awb-spacing-left-small:1.92%;\"><div class=\"fusion-column-wrapper fusion-flex-justify-content-flex-start fusion-content-layout-column\"><div class=\"fusion-separator fusion-full-width-sep\" style=\"align-self: flex-start;margin-right:auto;margin-top:20px;margin-bottom:20px;width:100%;\"><\/div><div class=\"fusion-text fusion-text-2\"><p><strong>Hier informieren wir Sie \u00fcber die neuesten Highlights im <span style=\"color: #000000\">WORLD MUSIC EVOLUTION<\/span>.net<br \/>\nBooking: +49 (0)151 41479643 Rechungpa | ArtPro Agency<\/strong><\/p>\n<\/div><div class=\"fusion-separator fusion-full-width-sep\" style=\"align-self: center;margin-left: auto;margin-right: auto;width:100%;\"><\/div><div class=\"fusion-text fusion-text-3\"><h3 data-fontsize=\"16\" style=\"--fontSize: 16;line-height: 1.5;--minFontSize: 16\" data-lineheight=\"24px\" class=\"fusion-responsive-typography-calculated\"><\/h3>\n<h3 data-fontsize=\"16\" style=\"--fontSize: 16;line-height: 1.5;--minFontSize: 16\" data-lineheight=\"24px\" class=\"fusion-responsive-typography-calculated\"><a href=\"https:\/\/youtube.com\/playlist?list=PLY8h6H6M5-jac0Jj3XkkIBBoWmyvGISxt&amp;si=_KUW0mKVy0dFiomk\">The Positive Creative World Ensemble &#8211; \u266b Watch &amp; Listen<\/a><\/h3>\n<p><img decoding=\"async\" class=\"alignnone size-medium wp-image-17777\" src=\"http:\/\/prokulturgut.net\/worldmusicevolution\/wp-content\/uploads\/sites\/2\/2018\/11\/181022-The-Positive-Creative-World-BandCollage-Daniel-Jimi-Jibel-Anton-Rechungpa-web-400x282.jpg\" alt=\"\" width=\"400\" height=\"282\" srcset=\"https:\/\/prokulturgut.net\/worldmusicevolution\/wp-content\/uploads\/sites\/2\/2018\/11\/181022-The-Positive-Creative-World-BandCollage-Daniel-Jimi-Jibel-Anton-Rechungpa-web-400x282.jpg 400w, https:\/\/prokulturgut.net\/worldmusicevolution\/wp-content\/uploads\/sites\/2\/2018\/11\/181022-The-Positive-Creative-World-BandCollage-Daniel-Jimi-Jibel-Anton-Rechungpa-web-768x541.jpg 768w, https:\/\/prokulturgut.net\/worldmusicevolution\/wp-content\/uploads\/sites\/2\/2018\/11\/181022-The-Positive-Creative-World-BandCollage-Daniel-Jimi-Jibel-Anton-Rechungpa-web.jpg 851w\" sizes=\"(max-width: 400px) 100vw, 400px\" \/><\/p>\n<p><a href=\"https:\/\/youtube.com\/playlist?list=PLY8h6H6M5-jac0Jj3XkkIBBoWmyvGISxt&amp;si=_KUW0mKVy0dFiomk\">YouTube Playlist <\/a><\/p>\n<p><em><strong>Kontakt und Buchung: ArtPro &#8211; Die K\u00fcnstleragentur<\/strong><\/em><br \/>\n<em> Info: 0049 (0)234- 5892040\u00b7 artproagency@prokulturgut.net<\/em><\/p>\n<\/div><\/div><\/div><\/div><\/div>\n","protected":false},"excerpt":{"rendered":"","protected":false},"author":2,"featured_media":18399,"parent":0,"menu_order":46,"comment_status":"open","ping_status":"open","template":"100-width.php","meta":[],"_links":{"self":[{"href":"https:\/\/prokulturgut.net\/worldmusicevolution\/wp-json\/wp\/v2\/pages\/2749"}],"collection":[{"href":"https:\/\/prokulturgut.net\/worldmusicevolution\/wp-json\/wp\/v2\/pages"}],"about":[{"href":"https:\/\/prokulturgut.net\/worldmusicevolution\/wp-json\/wp\/v2\/types\/page"}],"author":[{"embeddable":true,"href":"https:\/\/prokulturgut.net\/worldmusicevolution\/wp-json\/wp\/v2\/users\/2"}],"replies":[{"embeddable":true,"href":"https:\/\/prokulturgut.net\/worldmusicevolution\/wp-json\/wp\/v2\/comments?post=2749"}],"version-history":[{"count":349,"href":"https:\/\/prokulturgut.net\/worldmusicevolution\/wp-json\/wp\/v2\/pages\/2749\/revisions"}],"predecessor-version":[{"id":18404,"href":"https:\/\/prokulturgut.net\/worldmusicevolution\/wp-json\/wp\/v2\/pages\/2749\/revisions\/18404"}],"wp:featuredmedia":[{"embeddable":true,"href":"https:\/\/prokulturgut.net\/worldmusicevolution\/wp-json\/wp\/v2\/media\/18399"}],"wp:attachment":[{"href":"https:\/\/prokulturgut.net\/worldmusicevolution\/wp-json\/wp\/v2\/media?parent=2749"}],"curies":[{"name":"wp","href":"https:\/\/api.w.org\/{rel}","templated":true}]}}