{"id":5142,"date":"2015-08-11T10:10:22","date_gmt":"2015-08-11T08:10:22","guid":{"rendered":"http:\/\/prokulturgut.net\/worldmusicevolution\/?page_id=5142"},"modified":"2022-10-19T16:46:33","modified_gmt":"2022-10-19T14:46:33","slug":"foerdermoeglichkeiten","status":"publish","type":"page","link":"https:\/\/prokulturgut.net\/worldmusicevolution\/foerdermoeglichkeiten\/","title":{"rendered":"F\u00f6rderm\u00f6glichkeiten"},"content":{"rendered":"<div class=\"fusion-fullwidth fullwidth-box fusion-builder-row-1 fusion-flex-container hundred-percent-fullwidth non-hundred-percent-height-scrolling\" style=\"--awb-border-radius-top-left:0px;--awb-border-radius-top-right:0px;--awb-border-radius-bottom-right:0px;--awb-border-radius-bottom-left:0px;--awb-overflow:visible;--awb-flex-wrap:wrap;\" ><div class=\"fusion-builder-row fusion-row fusion-flex-align-items-flex-start fusion-flex-content-wrap\" style=\"width:104% !important;max-width:104% !important;margin-left: calc(-4% \/ 2 );margin-right: calc(-4% \/ 2 );\"><div class=\"fusion-layout-column fusion_builder_column fusion-builder-column-0 fusion_builder_column_1_1 1_1 fusion-flex-column fusion-flex-align-self-flex-start fusion-column-no-min-height\" style=\"--awb-bg-size:cover;--awb-width-large:100%;--awb-margin-top-large:0px;--awb-spacing-right-large:1.92%;--awb-margin-bottom-large:0px;--awb-spacing-left-large:1.92%;--awb-width-medium:100%;--awb-spacing-right-medium:1.92%;--awb-spacing-left-medium:1.92%;--awb-width-small:100%;--awb-spacing-right-small:1.92%;--awb-spacing-left-small:1.92%;\"><div class=\"fusion-column-wrapper fusion-flex-justify-content-flex-start fusion-content-layout-column\"><div class=\"fusion-text fusion-text-1\"><\/div><\/div><\/div><div class=\"fusion-layout-column fusion_builder_column fusion-builder-column-1 fusion_builder_column_2_3 2_3 fusion-flex-column\" style=\"--awb-bg-size:cover;--awb-width-large:66.666666666667%;--awb-margin-top-large:0px;--awb-spacing-right-large:3.84%;--awb-margin-bottom-large:20px;--awb-spacing-left-large:2.88%;--awb-width-medium:66.666666666667%;--awb-spacing-right-medium:3.84%;--awb-spacing-left-medium:2.88%;--awb-width-small:100%;--awb-spacing-right-small:1.92%;--awb-spacing-left-small:1.92%;\"><div class=\"fusion-column-wrapper fusion-flex-justify-content-flex-start fusion-content-layout-column\"><div class=\"fusion-text fusion-text-2\"><h3><b>Bildungsscheck &#8211; gesetzliche Voraussetzungen:<\/b><\/h3>\n<ul>\n<li>Weiterbildungen, die mind. 500,00 \u20ac kosten, k\u00f6nnen unter bestimmten Voraussetzungen alle zwei Kalenderjahre zu 50% (max. 500,00 \u20ac) gef\u00f6rdert werden.<\/li>\n<li>Erwerbst\u00e4tige, die eine Fortbildung anstreben und ein zu versteuerndes\u00a0 Jahreseinkommen von 30.000,00 \u20ac (60.000,00 \u20ac gemeinsam veranlagt) nicht \u00fcberschreiten, k\u00f6nnen evtl. einen Anspruch auf einen individuellen Bildungsscheck haben.<\/li>\n<li>Betriebe mit weniger als 250 Angestellten, die f\u00fcr ihre Mitarbeiter\/innen Weiterbildungen finanzieren m\u00f6chten, k\u00f6nnen ggfls. bis zu zehn betriebliche Bildungsschecks in zwei aufeinanderfolgenden Kalenderjahren erhalten.<\/li>\n<\/ul>\n<h3><\/h3>\n<h3><b>Bildungspr\u00e4mie &#8211; gesetzliche Voraussetzungen:<\/b><\/h3>\n<ul>\n<li>F\u00fcr Weiterbildungen bis zu 1.000,00 \u20ac erhalten Erwerbst\u00e4tige alle zwei Kalenderjahre unter bestimmten Voraussetzungen eine F\u00f6rderung von 50 % der Weiterbildungskosten in Form eines Pr\u00e4miengutscheins.<\/li>\n<li>Eine F\u00f6rderung erh\u00e4lt, wer ein zu versteuerndes Jahreseinkommen von 20.000,00 \u20ac (40.000,00 \u20ac gemeinsam veranlagt) nicht \u00fcberschreitet und mind. 15 Stunden \/ Woche erwerbst\u00e4tig ist.<\/li>\n<li>Selbstst\u00e4ndige sowie Personen in Elternzeit k\u00f6nnen auch von der Bildungspr\u00e4mie profitieren.<\/li>\n<\/ul>\n<p><strong>ACHTUNG:<\/strong> Bildungspr\u00e4mie oder Bildungsscheck bekommt man nur, wenn man<\/p>\n<p>NOCH NICHT ANGEMELDET ist und der Kurs-Workshop noch nicht begonnen hat.<\/p>\n<p>Rechtzeitige Terminvereinbarung bei der Beratungsstelle!<\/p>\n<p><strong>\u00a0<\/strong><b>Leider nicht f\u00f6rderberechtigt sind:<\/b><\/p>\n<ul>\n<li><b> Personen, die unter 25 Jahre alt sind<\/b><\/li>\n<li><b> Personen, die ALG I oder II erhalten<\/b><\/li>\n<li><b> Personen, die Anspruch auf F\u00f6rderungen des Staates haben (z.B. Meister-Baf\u00f6g)<\/b><\/li>\n<li><b> Rentnerinnen und Rentner<\/b><\/li>\n<li><b> Sch\u00fclerinnen und Sch\u00fcler, Azubis und Studierende.<\/b><\/li>\n<\/ul>\n<p>&nbsp;<\/p>\n<p>NEU &#8211; Percussion Fortbildung mit Abbos Kosimov: Anmeldung jetzt!<\/p>\n<p>&nbsp;<\/p>\n<p><strong><a href=\"http:\/\/prokulturgut.net\/fileadmin\/Redaktion\/Bilder\/downloadarea\/bildung\/BildungsInfo_Ruhrstadtkongress_Weltmusik_2015.pdf\">Hier findet ihr die Formulare zum Ruhrstadtkongress, mit denen ihr zu eurer Beratungsstelle gehen und die passende F\u00f6rderung beantragen k\u00f6nnt.<\/a><\/strong><\/p>\n<p><div id=\"attachment_5359\" style=\"width: 160px\" class=\"wp-caption alignleft\"><a href=\"http:\/\/prokulturgut.net\/worldmusicevolution\/wp-content\/uploads\/sites\/2\/2015\/07\/150826-Masterclasses-Percussion-mit-Abbos-Kosimov_Seite_1.png\"><img aria-describedby=\"caption-attachment-5359\" decoding=\"async\" class=\"wp-image-5359\" src=\"http:\/\/prokulturgut.net\/worldmusicevolution\/wp-content\/uploads\/sites\/2\/2015\/07\/150826-Masterclasses-Percussion-mit-Abbos-Kosimov_Seite_1-733x1024.png\" alt=\"150826 Masterclasses Percussion mit Abbos Kosimov_Seite_1\" width=\"150\" height=\"210\" srcset=\"https:\/\/prokulturgut.net\/worldmusicevolution\/wp-content\/uploads\/sites\/2\/2015\/07\/150826-Masterclasses-Percussion-mit-Abbos-Kosimov_Seite_1-286x400.png 286w, https:\/\/prokulturgut.net\/worldmusicevolution\/wp-content\/uploads\/sites\/2\/2015\/07\/150826-Masterclasses-Percussion-mit-Abbos-Kosimov_Seite_1-733x1024.png 733w, https:\/\/prokulturgut.net\/worldmusicevolution\/wp-content\/uploads\/sites\/2\/2015\/07\/150826-Masterclasses-Percussion-mit-Abbos-Kosimov_Seite_1.png 4455w\" sizes=\"(max-width: 150px) 100vw, 150px\" \/><\/a><p id=\"caption-attachment-5359\" class=\"wp-caption-text\">Masterclass Percussion mit Abbos Kosimov 29.08. &#8211; 05.09.<\/p><\/div>\n<div id=\"attachment_5360\" style=\"width: 160px\" class=\"wp-caption alignleft\"><a href=\"http:\/\/prokulturgut.net\/worldmusicevolution\/wp-content\/uploads\/sites\/2\/2015\/07\/150826-Masterclasses-Percussion-mit-Abbos-Kosimov_Seite_2.png\"><img aria-describedby=\"caption-attachment-5360\" decoding=\"async\" class=\"wp-image-5360\" src=\"http:\/\/prokulturgut.net\/worldmusicevolution\/wp-content\/uploads\/sites\/2\/2015\/07\/150826-Masterclasses-Percussion-mit-Abbos-Kosimov_Seite_2-733x1024.png\" alt=\"150826 Masterclasses Percussion mit Abbos Kosimov_Seite_2\" width=\"150\" height=\"210\" srcset=\"https:\/\/prokulturgut.net\/worldmusicevolution\/wp-content\/uploads\/sites\/2\/2015\/07\/150826-Masterclasses-Percussion-mit-Abbos-Kosimov_Seite_2-286x400.png 286w, https:\/\/prokulturgut.net\/worldmusicevolution\/wp-content\/uploads\/sites\/2\/2015\/07\/150826-Masterclasses-Percussion-mit-Abbos-Kosimov_Seite_2-733x1024.png 733w, https:\/\/prokulturgut.net\/worldmusicevolution\/wp-content\/uploads\/sites\/2\/2015\/07\/150826-Masterclasses-Percussion-mit-Abbos-Kosimov_Seite_2.png 4455w\" sizes=\"(max-width: 150px) 100vw, 150px\" \/><\/a><p id=\"caption-attachment-5360\" class=\"wp-caption-text\">Masterclass Percussion mit Abbos Kosimov 06.09. &#8211; 13.09.<\/p><\/div>\n<div id=\"attachment_5363\" style=\"width: 160px\" class=\"wp-caption alignleft\"><a href=\"http:\/\/prokulturgut.net\/worldmusicevolution\/wp-content\/uploads\/sites\/2\/2015\/07\/150827-Workshop-mit-Paulina-und-Isabel_Seite_1.png\"><img aria-describedby=\"caption-attachment-5363\" decoding=\"async\" class=\"wp-image-5363\" src=\"http:\/\/prokulturgut.net\/worldmusicevolution\/wp-content\/uploads\/sites\/2\/2015\/07\/150827-Workshop-mit-Paulina-und-Isabel_Seite_1-733x1024.png\" alt=\"150827 Workshop mit Paulina und Isabel_Seite_1\" width=\"150\" height=\"210\" srcset=\"https:\/\/prokulturgut.net\/worldmusicevolution\/wp-content\/uploads\/sites\/2\/2015\/07\/150827-Workshop-mit-Paulina-und-Isabel_Seite_1-286x400.png 286w, https:\/\/prokulturgut.net\/worldmusicevolution\/wp-content\/uploads\/sites\/2\/2015\/07\/150827-Workshop-mit-Paulina-und-Isabel_Seite_1-733x1024.png 733w, https:\/\/prokulturgut.net\/worldmusicevolution\/wp-content\/uploads\/sites\/2\/2015\/07\/150827-Workshop-mit-Paulina-und-Isabel_Seite_1.png 4455w\" sizes=\"(max-width: 150px) 100vw, 150px\" \/><\/a><p id=\"caption-attachment-5363\" class=\"wp-caption-text\">Tanzworkshop mit Paulina 31.08. &#8211; 05.09., Yoga-Tanz mit Isabel 04. &#8211; 05.09.<\/p><\/div>\n<div id=\"attachment_5364\" style=\"width: 160px\" class=\"wp-caption alignleft\"><a href=\"http:\/\/prokulturgut.net\/worldmusicevolution\/wp-content\/uploads\/sites\/2\/2015\/07\/150827-Workshop-mit-Paulina-und-Isabel_Seite_2.png\"><img aria-describedby=\"caption-attachment-5364\" decoding=\"async\" class=\"wp-image-5364\" src=\"http:\/\/prokulturgut.net\/worldmusicevolution\/wp-content\/uploads\/sites\/2\/2015\/07\/150827-Workshop-mit-Paulina-und-Isabel_Seite_2-733x1024.png\" alt=\"150827 Workshop mit Paulina und Isabel_Seite_2\" width=\"150\" height=\"210\" srcset=\"https:\/\/prokulturgut.net\/worldmusicevolution\/wp-content\/uploads\/sites\/2\/2015\/07\/150827-Workshop-mit-Paulina-und-Isabel_Seite_2-286x400.png 286w, https:\/\/prokulturgut.net\/worldmusicevolution\/wp-content\/uploads\/sites\/2\/2015\/07\/150827-Workshop-mit-Paulina-und-Isabel_Seite_2-733x1024.png 733w, https:\/\/prokulturgut.net\/worldmusicevolution\/wp-content\/uploads\/sites\/2\/2015\/07\/150827-Workshop-mit-Paulina-und-Isabel_Seite_2.png 4455w\" sizes=\"(max-width: 150px) 100vw, 150px\" \/><\/a><p id=\"caption-attachment-5364\" class=\"wp-caption-text\">Tanzworkshop mit Paulina 06.09. &#8211; 13.09.<\/p><\/div><\/p>\n<p>&nbsp;<\/p>\n<p>&nbsp;<\/p>\n<p>&nbsp;<\/p>\n<p>&nbsp;<\/p>\n<p>&nbsp;<\/p>\n<p>&nbsp;<\/p>\n<p>&nbsp;<\/p>\n<p>&nbsp;<\/p>\n<p>BEISPIEL:<\/p>\n<p><b>Berufsbegleitend Musik studieren mit Bildungsscheck<\/b><\/p>\n<p>Viele Interessenten suchen z.B. ein fundiertes Musikstudium, das auch zeitlich zu leisten ist. Hier k\u00f6nnte eine musikalische Weiterbildung mit einem Studienverlaufsplan eine Alternative zu herk\u00f6mmlichen kunstmusikalischen Kursen sein. Die &#8222;Musikseminare&#8220; finden in der Regel in Bl\u00f6cken oder an Wochenenden statt und erm\u00f6glichen so ein berufbegleitendes Studieren. Besonders interessant d\u00fcrften gezielte F\u00f6rderm\u00f6glichkeiten sein.<\/p>\n<p>&#8222;\u00dcber die Beantragung eines Bildungsschecks oder einer Bildungspr\u00e4mie k\u00f6nnen z.B. Mitarbeiter kleiner Betriebe\/Institutionen einen gro\u00dfe Teil der Kosten erstattet bekommen&#8220;, erl\u00e4utert Reinhard Kreckel, Leiter von PROKULTURGUT.NET.<\/p>\n<p>&#8222;Wichtig ist, dass das k\u00fcnstlerische und musikalische Studium der beruflichen Weiterentwicklung dient. Gerade in p\u00e4dagogischen aber auch in den Medien, der IT, der Kreativ -und Kulturwirtschaft und in allen Bereichen der Musik werden k\u00fcnstlerische F\u00e4higkeiten ben\u00f6tigt und gef\u00f6rdert. Aktuell haben z.B. auch Selbst\u00e4ndige in den ersten f\u00fcnf Jahren der Selbstst\u00e4ndigkeit, Berufsr\u00fcckkehrer und geringf\u00fcgig Erwerbst\u00e4tige die M\u00f6glichkeit einer F\u00f6rderung.&#8220;<\/p>\n<p>Interessenten k\u00f6nnen sich zur Beratung an uns wenden. Wir geben Tipps, worauf bei der Antragsstellung zu achten ist. Au\u00dferdem gibt es in fast jeder Kommune \u00f6ffentliche Beratungsstellen, \u2013 i.d.R. in Volkshochschulen und Handelskammern \u2013 \u00a0wo auch die &#8222;Gutscheine&#8220; ausgestellt werden k\u00f6nnen.<\/p>\n<p><a href=\"http:\/\/bildungspraemie.de\/\">http:\/\/bildungspraemie.de\/<\/a><\/p>\n<p><a href=\"http:\/\/www.bildungsscheck.de\">www.bildungsscheck.de<\/a><\/p>\n<p>Informationen zum Downloaden:<\/p>\n<p><a href=\"http:\/\/prokulturgut.net\/fileadmin\/Redaktion\/Bilder\/downloadarea\/bildung\/RuhrstadtKongress_Weltmusik_2015.pdf\" target=\"_blank\" rel=\"noopener\">Ruhrstadtkongress<\/a><\/p>\n<p><a href=\"http:\/\/prokulturgut.net\/worldmusicevolution\/wp-content\/uploads\/sites\/2\/2015\/08\/150812_RSF_WME_Workshop_Angebote.pdf\" target=\"_blank\" rel=\"noopener\">unser Workshopangebot<\/a><\/p>\n<\/div><\/div><\/div><div class=\"fusion-layout-column fusion_builder_column fusion-builder-column-2 fusion_builder_column_1_3 1_3 fusion-flex-column\" style=\"--awb-bg-size:cover;--awb-width-large:33.333333333333%;--awb-margin-top-large:0px;--awb-spacing-right-large:5.76%;--awb-margin-bottom-large:20px;--awb-spacing-left-large:3.8399999999999%;--awb-width-medium:33.333333333333%;--awb-spacing-right-medium:5.76%;--awb-spacing-left-medium:3.8399999999999%;--awb-width-small:100%;--awb-spacing-right-small:1.92%;--awb-spacing-left-small:1.92%;\"><div class=\"fusion-column-wrapper fusion-flex-justify-content-flex-start fusion-content-layout-column\"><div class=\"fusion-title title fusion-title-1 fusion-title-text fusion-title-size-two\"><div class=\"title-sep-container title-sep-container-left fusion-no-large-visibility fusion-no-medium-visibility fusion-no-small-visibility\"><div class=\"title-sep sep- sep-solid\" style=\"border-color:#e0dede;\"><\/div><\/div><span class=\"awb-title-spacer fusion-no-large-visibility fusion-no-medium-visibility fusion-no-small-visibility\"><\/span><h2 class=\"fusion-title-heading title-heading-left fusion-responsive-typography-calculated\" style=\"margin:0;--fontSize:18;--minFontSize:18;line-height:1.5;\">Aktuelle Workshops<\/h2><span class=\"awb-title-spacer\"><\/span><div class=\"title-sep-container title-sep-container-right\"><div class=\"title-sep sep- sep-solid\" style=\"border-color:#e0dede;\"><\/div><\/div><\/div><div class=\"fusion-blog-shortcode fusion-blog-shortcode-1 fusion-blog-archive fusion-blog-layout-medium fusion-blog-pagination\"><div class=\"fusion-posts-container fusion-posts-container-pagination fusion-no-meta-info fusion-blog-rollover\" data-pages=\"1\"><article id=\"blog-1-post-2359\" class=\"fusion-post-medium post-2359 post type-post status-publish format-standard has-post-thumbnail hentry category-allgemein category-events-wme-alle category-events-aktuell-adk-aiw category-events-aktuell-rsf category-orte_bola tag-rsf-sidebar\">\n\t<style type=\"text\/css\">\n\t\t\n\t\t\n\t\t\n\t\t\n\t\t\t<\/style>\n\n\n\t\t\t<div class=\"fusion-flexslider flexslider fusion-flexslider-loading fusion-post-slideshow\" style=\"\">\n\t\t<ul class=\"slides\">\n\t\t\t\n\t\t\t\t\t\t\t\t\t\t\t\t\t\t<li><div  class=\"fusion-image-wrapper fusion-image-size-fixed\" aria-haspopup=\"true\">\n\t\t\t\t<img width=\"320\" height=\"202\" src=\"https:\/\/prokulturgut.net\/worldmusicevolution\/wp-content\/uploads\/sites\/2\/2015\/06\/Gruppe-Dortmunder-Religionen-web-320x202.jpg\" class=\"attachment-blog-medium size-blog-medium wp-post-image\" alt=\"\" decoding=\"async\" srcset=\"https:\/\/prokulturgut.net\/worldmusicevolution\/wp-content\/uploads\/sites\/2\/2015\/06\/Gruppe-Dortmunder-Religionen-web-320x202.jpg 320w, https:\/\/prokulturgut.net\/worldmusicevolution\/wp-content\/uploads\/sites\/2\/2015\/06\/Gruppe-Dortmunder-Religionen-web-700x441.jpg 700w\" sizes=\"(max-width: 320px) 100vw, 320px\" \/><div class=\"fusion-rollover\">\n\t<div class=\"fusion-rollover-content\">\n\n\t\t\t\t\t\t\t\t\t\t\t\t\t\t<a class=\"fusion-rollover-link\" href=\"https:\/\/prokulturgut.net\/worldmusicevolution\/ruhrstadtkongress-weltmusik-2015\/\">Ruhrstadtkongress Weltmusik 2015<\/a>\n\t\t\t\n\t\t\t\t\t\t\t\t\t\t\t\t\t\t\n\t\t\t\t\t\t\t\t\n\t\t\t\t\t\t\t\t\t\t\t\t\t<div class=\"fusion-rollover-sep\"><\/div>\n\t\t\t\t\n\t\t\t\t\t\t\t\t\t\t\t\t\t\t\t\t\t\t<a class=\"fusion-rollover-gallery\" href=\"https:\/\/prokulturgut.net\/worldmusicevolution\/wp-content\/uploads\/sites\/2\/2015\/06\/Gruppe-Dortmunder-Religionen-web.jpg\" data-options=\"\" data-id=\"2359\" data-rel=\"iLightbox[gallery]\" data-title=\"Gruppe Dortmunder Religionen\" data-caption=\"Nacht der Religionen\">\n\t\t\t\t\t\tGallerie\t\t\t\t\t<\/a>\n\t\t\t\t\t\t\t\t\t\t\t\t\t\t\n\t\t\n\t\t\t\t\t\t\t\t\t\t\t\t<h4 class=\"fusion-rollover-title\">\n\t\t\t\t\t<a class=\"fusion-rollover-title-link\" href=\"https:\/\/prokulturgut.net\/worldmusicevolution\/ruhrstadtkongress-weltmusik-2015\/\">\n\t\t\t\t\t\tRuhrstadtkongress Weltmusik 2015\t\t\t\t\t<\/a>\n\t\t\t\t<\/h4>\n\t\t\t\n\t\t\t\t\t\t\t\t\t\t<div class=\"fusion-rollover-categories\"><a href=\"https:\/\/prokulturgut.net\/worldmusicevolution\/category\/allgemein\/\" rel=\"tag\">Allgemein<\/a>, <a href=\"https:\/\/prokulturgut.net\/worldmusicevolution\/category\/events-wme-alle\/\" rel=\"tag\">Begegnung durch Musik \u2013 Konzert &amp; Workshop mit Dinesh Mishra<\/a>, <a href=\"https:\/\/prokulturgut.net\/worldmusicevolution\/category\/events-wme-alle\/events-aktuell-wme\/events-aktuell-adk-aiw\/\" rel=\"tag\">Events_aktuell_adk_aiw<\/a>, <a href=\"https:\/\/prokulturgut.net\/worldmusicevolution\/category\/events-wme-alle\/events-aktuell-wme\/events-aktuell-rsf\/\" rel=\"tag\">Events_aktuell_RSF<\/a>, <a href=\"https:\/\/prokulturgut.net\/worldmusicevolution\/category\/orte\/orte_bola\/\" rel=\"tag\">Orte BOLA<\/a><\/div>\t\t\t\t\t\n\t\t\n\t\t\t\t\t\t<a class=\"fusion-link-wrapper\" href=\"https:\/\/prokulturgut.net\/worldmusicevolution\/ruhrstadtkongress-weltmusik-2015\/\" aria-label=\"Ruhrstadtkongress Weltmusik 2015\"><\/a>\n\t<\/div>\n<\/div>\n<\/div>\n<\/li>\n\t\t\t\n\t\t\t\n\t\t\t\t\t\t\t\t\t\t\t\t\t\t\t\t\t\t\t\t\t\t\t\t\t\t\t\t\t\t\t\t\t\t\t\t\t\t\t\t\t\t\t\t\t\t\t\t\t\t\t\t\t\t\t\t\t\t\t\t\t\t\t\t\t\t\t\t<\/ul>\n\t<\/div>\n\t<div class=\"fusion-post-content post-content\"><h2 class=\"blog-shortcode-post-title entry-title\"><a href=\"https:\/\/prokulturgut.net\/worldmusicevolution\/ruhrstadtkongress-weltmusik-2015\/\">Ruhrstadtkongress Weltmusik 2015<\/a><\/h2><div class=\"fusion-post-content-container\"><p> Workshops und Masterclasses mit Gastdozenten aus aller Welt Die Idee des Ruhrstadtkongress Weltmusik der [...]<\/p><\/div><\/div><div class=\"fusion-clearfix\"><\/div><\/article>\n<\/div><\/div><\/div><\/div><\/div><\/div>\n","protected":false},"excerpt":{"rendered":"","protected":false},"author":2,"featured_media":0,"parent":0,"menu_order":21,"comment_status":"open","ping_status":"open","template":"100-width.php","meta":[],"_links":{"self":[{"href":"https:\/\/prokulturgut.net\/worldmusicevolution\/wp-json\/wp\/v2\/pages\/5142"}],"collection":[{"href":"https:\/\/prokulturgut.net\/worldmusicevolution\/wp-json\/wp\/v2\/pages"}],"about":[{"href":"https:\/\/prokulturgut.net\/worldmusicevolution\/wp-json\/wp\/v2\/types\/page"}],"author":[{"embeddable":true,"href":"https:\/\/prokulturgut.net\/worldmusicevolution\/wp-json\/wp\/v2\/users\/2"}],"replies":[{"embeddable":true,"href":"https:\/\/prokulturgut.net\/worldmusicevolution\/wp-json\/wp\/v2\/comments?post=5142"}],"version-history":[{"count":45,"href":"https:\/\/prokulturgut.net\/worldmusicevolution\/wp-json\/wp\/v2\/pages\/5142\/revisions"}],"predecessor-version":[{"id":18022,"href":"https:\/\/prokulturgut.net\/worldmusicevolution\/wp-json\/wp\/v2\/pages\/5142\/revisions\/18022"}],"wp:attachment":[{"href":"https:\/\/prokulturgut.net\/worldmusicevolution\/wp-json\/wp\/v2\/media?parent=5142"}],"curies":[{"name":"wp","href":"https:\/\/api.w.org\/{rel}","templated":true}]}}